{"id":23142,"date":"2025-05-06T09:33:36","date_gmt":"2025-05-06T09:33:36","guid":{"rendered":"https:\/\/taktol.de\/product\/taktol-hvlp-vhf-68\/"},"modified":"2025-05-06T09:33:36","modified_gmt":"2025-05-06T09:33:36","slug":"taktol-hvlp-vhf-68","status":"publish","type":"product","link":"https:\/\/taktol.de\/pl\/product\/taktol-hvlp-vhf-68\/","title":{"rendered":"Taktol HVLP VHF-68"},"content":{"rendered":"<p> <strong> Taktol HVLP VHF-68<\/strong> to olej hydrauliczny, opracowany do stosowania w wymagaj\u0105cych warunkach eksploatacji. Zosta\u0142 opracowany na bazie starannie dobranych olej\u00f3w bazowych i zapewnia doskona\u0142\u0105 stabilno\u015b\u0107 lepko\u015bci, bardzo dobre zachowanie przy zmianach temperatury, wysok\u0105 odporno\u015b\u0107 na utlenianie oraz niezawodn\u0105 ochron\u0119 przed korozj\u0105. Idealny do uk\u0142ad\u00f3w hydraulicznych o zmiennych temperaturach, szczeg\u00f3lnie w ci\u0119\u017ckich warunkach, takich jak maszyny ziemne i rolnicze. Nie nadaje si\u0119 do system\u00f3w zawieraj\u0105cych elementy srebrne lub posrebrzane.   <\/p>\n","protected":false},"excerpt":{"rendered":"<p>Taktol HVLP VHF-68 to olej hydrauliczny, opracowany do stosowania w wymagaj\u0105cych warunkach eksploatacji. Zosta\u0142 opracowany na bazie starannie dobranych olej\u00f3w<\/p>\n","protected":false},"featured_media":21603,"template":"","meta":[],"product_brand":[],"product_cat":[411],"product_tag":[],"class_list":{"0":"post-23142","1":"product","2":"type-product","3":"status-publish","4":"has-post-thumbnail","6":"product_cat-olej-przemyslowy","7":"pa_fluid-specifications-afnor-nf-e-48-603-hv","8":"pa_fluid-specifications-cetop-rp-91h-hv","9":"pa_fluid-specifications-denison-hf-0","10":"pa_fluid-specifications-denison-hf-1","11":"pa_fluid-specifications-denison-hf-2","12":"pa_fluid-specifications-din-51524-3","13":"pa_fluid-specifications-eaton-sperry-vickers-i-286-s","14":"pa_fluid-specifications-eaton-sperry-vickers-m-2950-s","15":"pa_fluid-specifications-gm-lh-04-1","16":"pa_fluid-specifications-gm-lh-06-1","17":"pa_fluid-specifications-gm-lh-15-1","18":"pa_fluid-specifications-iso-6743-4-hv","19":"pa_fluid-specifications-us-steel-127","20":"pa_fluid-specifications-us-steel-136","21":"pa_viscosity-sae-iso-vg-68","23":"first","24":"onbackorder","25":"shipping-taxable","26":"purchasable","27":"product-type-variable"},"_links":{"self":[{"href":"https:\/\/taktol.de\/pl\/wp-json\/wp\/v2\/product\/23142","targetHints":{"allow":["GET"]}}],"collection":[{"href":"https:\/\/taktol.de\/pl\/wp-json\/wp\/v2\/product"}],"about":[{"href":"https:\/\/taktol.de\/pl\/wp-json\/wp\/v2\/types\/product"}],"version-history":[{"count":0,"href":"https:\/\/taktol.de\/pl\/wp-json\/wp\/v2\/product\/23142\/revisions"}],"wp:featuredmedia":[{"embeddable":true,"href":"https:\/\/taktol.de\/pl\/wp-json\/wp\/v2\/media\/21603"}],"wp:attachment":[{"href":"https:\/\/taktol.de\/pl\/wp-json\/wp\/v2\/media?parent=23142"}],"wp:term":[{"taxonomy":"product_brand","embeddable":true,"href":"https:\/\/taktol.de\/pl\/wp-json\/wp\/v2\/product_brand?post=23142"},{"taxonomy":"product_cat","embeddable":true,"href":"https:\/\/taktol.de\/pl\/wp-json\/wp\/v2\/product_cat?post=23142"},{"taxonomy":"product_tag","embeddable":true,"href":"https:\/\/taktol.de\/pl\/wp-json\/wp\/v2\/product_tag?post=23142"}],"curies":[{"name":"wp","href":"https:\/\/api.w.org\/{rel}","templated":true}]}}