{"id":23125,"date":"2025-05-06T09:22:45","date_gmt":"2025-05-06T09:22:45","guid":{"rendered":"https:\/\/taktol.de\/product\/taktol-hvlp-vhf-46\/"},"modified":"2025-05-06T09:22:45","modified_gmt":"2025-05-06T09:22:45","slug":"taktol-hvlp-vhf-46","status":"publish","type":"product","link":"https:\/\/taktol.de\/pl\/product\/taktol-hvlp-vhf-46\/","title":{"rendered":"Taktol HVLP VHF-46"},"content":{"rendered":"<p><strong>Taktol HVLP VHF-46<\/strong> to olej hydrauliczny na bazie starannie dobranych olej\u00f3w bazowych. Zapewnia doskona\u0142\u0105 ochron\u0119 przed zu\u017cyciem przy ekstremalnych obci\u0105\u017ceniach, stabiln\u0105 lepko\u015b\u0107 w zmieniaj\u0105cych si\u0119 temperaturach oraz niezawodn\u0105 ochron\u0119 przed korozj\u0105. Idealny do uk\u0142ad\u00f3w hydraulicznych z du\u017cymi wahaniami temperatury, zw\u0142aszcza w trudnych warunkach, takich jak maszyny ziemne i rolnicze. Nie nadaje si\u0119 do system\u00f3w zawieraj\u0105cych elementy srebrne lub posrebrzane.   <\/p>\n","protected":false},"excerpt":{"rendered":"<p>Taktol HVLP VHF-46 to olej hydrauliczny na bazie starannie dobranych olej\u00f3w bazowych. Zapewnia doskona\u0142\u0105 ochron\u0119 przed zu\u017cyciem przy ekstremalnych obci\u0105\u017ceniach,<\/p>\n","protected":false},"featured_media":21603,"template":"","meta":[],"product_brand":[],"product_cat":[411],"product_tag":[],"class_list":{"0":"post-23125","1":"product","2":"type-product","3":"status-publish","4":"has-post-thumbnail","6":"product_cat-olej-przemyslowy","7":"pa_fluid-specifications-afnor-nf-e-48-603-hv","8":"pa_fluid-specifications-afnor-nf-e-48-690-1","9":"pa_fluid-specifications-bosch-rexroth-re-90220","10":"pa_fluid-specifications-cetop-rp-91h-hv","11":"pa_fluid-specifications-denison-hf-0","12":"pa_fluid-specifications-denison-hf-1","13":"pa_fluid-specifications-denison-hf-2","14":"pa_fluid-specifications-din-51524-3","15":"pa_fluid-specifications-eaton-sperry-vickers-i-286-s","16":"pa_fluid-specifications-eaton-sperry-vickers-m-2950-s","17":"pa_fluid-specifications-fives-cincinnati-p-68","18":"pa_fluid-specifications-gb-111118-1-l-hv","19":"pa_fluid-specifications-gm-lh-03-1-04","20":"pa_fluid-specifications-gm-ls-2","21":"pa_fluid-specifications-iso-11158-hv","22":"pa_fluid-specifications-iso-6743-4-hv","23":"pa_fluid-specifications-jcmas-hk-vg32w","24":"pa_fluid-specifications-sauer-danfoss-520l0463","25":"pa_fluid-specifications-us-steel-127","26":"pa_fluid-specifications-us-steel-136","27":"pa_viscosity-sae-iso-vg-46","28":"pa_viscosity-sae-sae-ms1004","30":"first","31":"onbackorder","32":"shipping-taxable","33":"purchasable","34":"product-type-variable"},"_links":{"self":[{"href":"https:\/\/taktol.de\/pl\/wp-json\/wp\/v2\/product\/23125","targetHints":{"allow":["GET"]}}],"collection":[{"href":"https:\/\/taktol.de\/pl\/wp-json\/wp\/v2\/product"}],"about":[{"href":"https:\/\/taktol.de\/pl\/wp-json\/wp\/v2\/types\/product"}],"version-history":[{"count":0,"href":"https:\/\/taktol.de\/pl\/wp-json\/wp\/v2\/product\/23125\/revisions"}],"wp:featuredmedia":[{"embeddable":true,"href":"https:\/\/taktol.de\/pl\/wp-json\/wp\/v2\/media\/21603"}],"wp:attachment":[{"href":"https:\/\/taktol.de\/pl\/wp-json\/wp\/v2\/media?parent=23125"}],"wp:term":[{"taxonomy":"product_brand","embeddable":true,"href":"https:\/\/taktol.de\/pl\/wp-json\/wp\/v2\/product_brand?post=23125"},{"taxonomy":"product_cat","embeddable":true,"href":"https:\/\/taktol.de\/pl\/wp-json\/wp\/v2\/product_cat?post=23125"},{"taxonomy":"product_tag","embeddable":true,"href":"https:\/\/taktol.de\/pl\/wp-json\/wp\/v2\/product_tag?post=23125"}],"curies":[{"name":"wp","href":"https:\/\/api.w.org\/{rel}","templated":true}]}}