{"id":23091,"date":"2025-05-06T08:52:20","date_gmt":"2025-05-06T08:52:20","guid":{"rendered":"https:\/\/taktol.de\/product\/taktol-hlp-vhf-68\/"},"modified":"2025-05-06T08:52:20","modified_gmt":"2025-05-06T08:52:20","slug":"taktol-hlp-vhf-68","status":"publish","type":"product","link":"https:\/\/taktol.de\/pl\/product\/taktol-hlp-vhf-68\/","title":{"rendered":"Taktol HLP VHF-68"},"content":{"rendered":"<p><strong>Taktol HLP VHF-68<\/strong> to olej hydrauliczny na bazie mineralnej z dodatkami zapewniaj\u0105cymi wysok\u0105 wydajno\u015b\u0107. Gwarantuje stabiln\u0105 lepko\u015b\u0107, odporno\u015b\u0107 termiczn\u0105 oraz ochron\u0119 przed zu\u017cyciem i korozj\u0105. Mo\u017ce by\u0107 stosowany we wszystkich typach uk\u0142ad\u00f3w hydraulicznych, w tym z pompami wysokoci\u015bnieniowymi, precyzyjnym sterowaniem, smarowaniem obiegowym i ma\u0142ymi przek\u0142adniami. Mo\u017cna miesza\u0107 z olejami tej samej klasy.   <\/p>\n","protected":false},"excerpt":{"rendered":"<p>Taktol HLP VHF-68 to olej hydrauliczny na bazie mineralnej z dodatkami zapewniaj\u0105cymi wysok\u0105 wydajno\u015b\u0107. Gwarantuje stabiln\u0105 lepko\u015b\u0107, odporno\u015b\u0107 termiczn\u0105 oraz<\/p>\n","protected":false},"featured_media":21603,"template":"","meta":[],"product_brand":[],"product_cat":[411],"product_tag":[],"class_list":{"0":"post-23091","1":"product","2":"type-product","3":"status-publish","4":"has-post-thumbnail","6":"product_cat-olej-przemyslowy","7":"pa_fluid-specifications-afnor-nf-e-48-603-hm","8":"pa_fluid-specifications-astm-d6158","9":"pa_fluid-specifications-atos","10":"pa_fluid-specifications-bosch-rexroth-re-90220","11":"pa_fluid-specifications-cetop-rp-91h-hm","12":"pa_fluid-specifications-danieli-hydraulics","13":"pa_fluid-specifications-denison-hf-0","14":"pa_fluid-specifications-denison-hf-1","15":"pa_fluid-specifications-denison-hf-2","16":"pa_fluid-specifications-din-51524-2","17":"pa_fluid-specifications-eaton-sperry-vickers-i-286-s","18":"pa_fluid-specifications-eaton-sperry-vickers-m-2950-s","19":"pa_fluid-specifications-fives-cincinnati-p-55","20":"pa_fluid-specifications-fives-cincinnati-p-70","21":"pa_fluid-specifications-gb-111118-1-l-hm-conventional","22":"pa_fluid-specifications-gm-lh-06-1-04","23":"pa_fluid-specifications-gm-ls-2","24":"pa_fluid-specifications-iso-11158-hm","25":"pa_fluid-specifications-iso-6743-4-hm","26":"pa_fluid-specifications-metso","27":"pa_fluid-specifications-mil-prf-17672-e","28":"pa_fluid-specifications-muller-weingarten","29":"pa_fluid-specifications-sauer-danfoss-520l0463","30":"pa_fluid-specifications-seb-181-222","31":"pa_fluid-specifications-swedish-standard-ss-155434","32":"pa_fluid-specifications-us-steel-126","33":"pa_fluid-specifications-us-steel-127","34":"pa_fluid-specifications-us-steel-136","35":"pa_fluid-specifications-vdma-24318","36":"pa_fluid-specifications-zf-te-ml-07h","37":"pa_viscosity-sae-iso-vg-68","38":"pa_viscosity-sae-sae-ms1004-hm","40":"first","41":"onbackorder","42":"shipping-taxable","43":"purchasable","44":"product-type-variable"},"_links":{"self":[{"href":"https:\/\/taktol.de\/pl\/wp-json\/wp\/v2\/product\/23091","targetHints":{"allow":["GET"]}}],"collection":[{"href":"https:\/\/taktol.de\/pl\/wp-json\/wp\/v2\/product"}],"about":[{"href":"https:\/\/taktol.de\/pl\/wp-json\/wp\/v2\/types\/product"}],"version-history":[{"count":0,"href":"https:\/\/taktol.de\/pl\/wp-json\/wp\/v2\/product\/23091\/revisions"}],"wp:featuredmedia":[{"embeddable":true,"href":"https:\/\/taktol.de\/pl\/wp-json\/wp\/v2\/media\/21603"}],"wp:attachment":[{"href":"https:\/\/taktol.de\/pl\/wp-json\/wp\/v2\/media?parent=23091"}],"wp:term":[{"taxonomy":"product_brand","embeddable":true,"href":"https:\/\/taktol.de\/pl\/wp-json\/wp\/v2\/product_brand?post=23091"},{"taxonomy":"product_cat","embeddable":true,"href":"https:\/\/taktol.de\/pl\/wp-json\/wp\/v2\/product_cat?post=23091"},{"taxonomy":"product_tag","embeddable":true,"href":"https:\/\/taktol.de\/pl\/wp-json\/wp\/v2\/product_tag?post=23091"}],"curies":[{"name":"wp","href":"https:\/\/api.w.org\/{rel}","templated":true}]}}