{"id":23073,"date":"2025-05-05T15:52:38","date_gmt":"2025-05-05T15:52:38","guid":{"rendered":"https:\/\/taktol.de\/product\/taktol-hlp-vhf-46\/"},"modified":"2025-05-05T15:52:38","modified_gmt":"2025-05-05T15:52:38","slug":"taktol-hlp-vhf-46","status":"publish","type":"product","link":"https:\/\/taktol.de\/pl\/product\/taktol-hlp-vhf-46\/","title":{"rendered":"Taktol HLP VHF-46"},"content":{"rendered":"<p class=\"\" data-start=\"1413\" data-end=\"1786\"><strong>Taktol HLP VHF-46<\/strong> to olej hydrauliczny na bazie mineralnej z dodatkami zapewniaj\u0105cymi wysok\u0105 wydajno\u015b\u0107. Charakteryzuje si\u0119 stabiln\u0105 lepko\u015bci\u0105, odporno\u015bci\u0105 termiczn\u0105 oraz ochron\u0105 przed zu\u017cyciem i korozj\u0105. Odpowiedni do wszystkich uk\u0142ad\u00f3w hydraulicznych, w tym pomp wysokoci\u015bnieniowych, precyzyjnego sterowania, smarowania obiegowego, ma\u0142ych przek\u0142adni i maszyn rolniczych.  <\/p>\n","protected":false},"excerpt":{"rendered":"<p>Taktol HLP VHF-46 to olej hydrauliczny na bazie mineralnej z dodatkami zapewniaj\u0105cymi wysok\u0105 wydajno\u015b\u0107. Charakteryzuje si\u0119 stabiln\u0105 lepko\u015bci\u0105, odporno\u015bci\u0105 termiczn\u0105<\/p>\n","protected":false},"featured_media":21603,"template":"","meta":[],"product_brand":[],"product_cat":[411],"product_tag":[],"class_list":{"0":"post-23073","1":"product","2":"type-product","3":"status-publish","4":"has-post-thumbnail","6":"product_cat-olej-przemyslowy","7":"pa_fluid-specifications-afnor-nf-e-48-603-hm","8":"pa_fluid-specifications-arburg","9":"pa_fluid-specifications-astm-d6158","10":"pa_fluid-specifications-atos","11":"pa_fluid-specifications-bosch","12":"pa_fluid-specifications-bosch-rexroth-re-90220","13":"pa_fluid-specifications-cetop-rp-91h-hm","14":"pa_fluid-specifications-danieli-hydraulics","15":"pa_fluid-specifications-denison-hf-0","16":"pa_fluid-specifications-denison-hf-1","17":"pa_fluid-specifications-denison-hf-2","18":"pa_fluid-specifications-din-51524-2","19":"pa_fluid-specifications-eaton-sperry-vickers-i-286-s","20":"pa_fluid-specifications-eaton-sperry-vickers-m-2950-s","21":"pa_fluid-specifications-fives-cincinnati-p-55","22":"pa_fluid-specifications-fives-cincinnati-p-70","23":"pa_fluid-specifications-gb-111118-1-l-hm-conventional","24":"pa_fluid-specifications-gm-lh-02-1-04","25":"pa_fluid-specifications-gm-ls-2","26":"pa_fluid-specifications-iso-11158-hm","27":"pa_fluid-specifications-iso-6743-4-hm","28":"pa_fluid-specifications-jcmas-hk","29":"pa_fluid-specifications-metso","30":"pa_fluid-specifications-mil-prf-17672-e","31":"pa_fluid-specifications-muller-weingarten","32":"pa_fluid-specifications-nato-h-573","33":"pa_fluid-specifications-sauer-danfoss-520l0463","34":"pa_fluid-specifications-seb-181-222","35":"pa_fluid-specifications-us-steel-126","36":"pa_fluid-specifications-us-steel-127","37":"pa_fluid-specifications-us-steel-136","38":"pa_fluid-specifications-vdma-24318","39":"pa_fluid-specifications-zf-te-ml-07h","40":"pa_viscosity-sae-iso-vg-46","41":"pa_viscosity-sae-sae-ms1004-hm","43":"first","44":"onbackorder","45":"shipping-taxable","46":"purchasable","47":"product-type-variable"},"_links":{"self":[{"href":"https:\/\/taktol.de\/pl\/wp-json\/wp\/v2\/product\/23073","targetHints":{"allow":["GET"]}}],"collection":[{"href":"https:\/\/taktol.de\/pl\/wp-json\/wp\/v2\/product"}],"about":[{"href":"https:\/\/taktol.de\/pl\/wp-json\/wp\/v2\/types\/product"}],"version-history":[{"count":0,"href":"https:\/\/taktol.de\/pl\/wp-json\/wp\/v2\/product\/23073\/revisions"}],"wp:featuredmedia":[{"embeddable":true,"href":"https:\/\/taktol.de\/pl\/wp-json\/wp\/v2\/media\/21603"}],"wp:attachment":[{"href":"https:\/\/taktol.de\/pl\/wp-json\/wp\/v2\/media?parent=23073"}],"wp:term":[{"taxonomy":"product_brand","embeddable":true,"href":"https:\/\/taktol.de\/pl\/wp-json\/wp\/v2\/product_brand?post=23073"},{"taxonomy":"product_cat","embeddable":true,"href":"https:\/\/taktol.de\/pl\/wp-json\/wp\/v2\/product_cat?post=23073"},{"taxonomy":"product_tag","embeddable":true,"href":"https:\/\/taktol.de\/pl\/wp-json\/wp\/v2\/product_tag?post=23073"}],"curies":[{"name":"wp","href":"https:\/\/api.w.org\/{rel}","templated":true}]}}