{"id":23056,"date":"2025-05-05T15:34:28","date_gmt":"2025-05-05T15:34:28","guid":{"rendered":"https:\/\/taktol.de\/product\/taktol-hlp-vhf-32\/"},"modified":"2025-05-05T15:34:28","modified_gmt":"2025-05-05T15:34:28","slug":"taktol-hlp-vhf-32","status":"publish","type":"product","link":"https:\/\/taktol.de\/pl\/product\/taktol-hlp-vhf-32\/","title":{"rendered":"Taktol HLP VHF-32"},"content":{"rendered":"<p class=\"\" data-start=\"1542\" data-end=\"1963\"><strong>Taktol HLP VHF-32<\/strong> to olej hydrauliczny na bazie mineralnej z dodatkami zapewniaj\u0105cymi wysok\u0105 wydajno\u015b\u0107. Zapewnia niezawodne smarowanie i ochron\u0119 przed zu\u017cyciem i korozj\u0105 w warunkach wysokich obci\u0105\u017ce\u0144 i temperatur. Charakteryzuje si\u0119 stabiln\u0105 lepko\u015bci\u0105, odporno\u015bci\u0105 termiczn\u0105 i przydatno\u015bci\u0105 do wszystkich typ\u00f3w uk\u0142ad\u00f3w hydraulicznych: pomp wysokoci\u015bnieniowych, precyzyjnych obwod\u00f3w sterowania, uk\u0142ad\u00f3w cyrkulacji i ma\u0142ych przek\u0142adni.  <\/p>\n","protected":false},"excerpt":{"rendered":"<p>Taktol HLP VHF-32 to olej hydrauliczny na bazie mineralnej z dodatkami zapewniaj\u0105cymi wysok\u0105 wydajno\u015b\u0107. Zapewnia niezawodne smarowanie i ochron\u0119 przed<\/p>\n","protected":false},"featured_media":21603,"template":"","meta":[],"product_brand":[],"product_cat":[411],"product_tag":[],"class_list":{"0":"post-23056","1":"product","2":"type-product","3":"status-publish","4":"has-post-thumbnail","6":"product_cat-olej-przemyslowy","7":"pa_fluid-specifications-afnor-nf-e-48-603-hm","8":"pa_fluid-specifications-astm-d6158","9":"pa_fluid-specifications-atos","10":"pa_fluid-specifications-bosch","11":"pa_fluid-specifications-cetop-rp-91h-hm","12":"pa_fluid-specifications-danieli-hydraulics","13":"pa_fluid-specifications-denison-hf-0","14":"pa_fluid-specifications-denison-hf-1","15":"pa_fluid-specifications-denison-hf-2","16":"pa_fluid-specifications-din-51524-2","17":"pa_fluid-specifications-eaton-sperry-vickers-i-286-s","18":"pa_fluid-specifications-eaton-sperry-vickers-m-2950-s","19":"pa_fluid-specifications-fives-cincinnati-p-38","20":"pa_fluid-specifications-fives-cincinnati-p-68","21":"pa_fluid-specifications-gb-111118-1-l-hm-conventional","22":"pa_fluid-specifications-gm-lh-02-1-04","23":"pa_fluid-specifications-gm-ls-2","24":"pa_fluid-specifications-iso-11158-hm","25":"pa_fluid-specifications-iso-6743-4-hm","26":"pa_fluid-specifications-jcmas-hk","27":"pa_fluid-specifications-metso","28":"pa_fluid-specifications-mil-prf-17672-e","29":"pa_fluid-specifications-muller-weingarten","30":"pa_fluid-specifications-rexroth-re-90220","31":"pa_fluid-specifications-sauer-danfoss-520l0463","32":"pa_fluid-specifications-seb-181-222","33":"pa_fluid-specifications-us-steel-126","34":"pa_fluid-specifications-us-steel-127","35":"pa_fluid-specifications-us-steel-136","36":"pa_fluid-specifications-vdma-24318","37":"pa_fluid-specifications-voith-turbo-hlp-32","38":"pa_viscosity-sae-iso-vg-32","39":"pa_viscosity-sae-sae-ms1004-hm","41":"first","42":"onbackorder","43":"shipping-taxable","44":"purchasable","45":"product-type-variable"},"_links":{"self":[{"href":"https:\/\/taktol.de\/pl\/wp-json\/wp\/v2\/product\/23056","targetHints":{"allow":["GET"]}}],"collection":[{"href":"https:\/\/taktol.de\/pl\/wp-json\/wp\/v2\/product"}],"about":[{"href":"https:\/\/taktol.de\/pl\/wp-json\/wp\/v2\/types\/product"}],"version-history":[{"count":0,"href":"https:\/\/taktol.de\/pl\/wp-json\/wp\/v2\/product\/23056\/revisions"}],"wp:featuredmedia":[{"embeddable":true,"href":"https:\/\/taktol.de\/pl\/wp-json\/wp\/v2\/media\/21603"}],"wp:attachment":[{"href":"https:\/\/taktol.de\/pl\/wp-json\/wp\/v2\/media?parent=23056"}],"wp:term":[{"taxonomy":"product_brand","embeddable":true,"href":"https:\/\/taktol.de\/pl\/wp-json\/wp\/v2\/product_brand?post=23056"},{"taxonomy":"product_cat","embeddable":true,"href":"https:\/\/taktol.de\/pl\/wp-json\/wp\/v2\/product_cat?post=23056"},{"taxonomy":"product_tag","embeddable":true,"href":"https:\/\/taktol.de\/pl\/wp-json\/wp\/v2\/product_tag?post=23056"}],"curies":[{"name":"wp","href":"https:\/\/api.w.org\/{rel}","templated":true}]}}