{"id":23020,"date":"2025-04-30T13:16:50","date_gmt":"2025-04-30T13:16:50","guid":{"rendered":"https:\/\/taktol.de\/product\/taktol-hyp-synth-ls-75w-90\/"},"modified":"2025-04-30T13:16:50","modified_gmt":"2025-04-30T13:16:50","slug":"taktol-hyp-synth-ls-75w-90","status":"publish","type":"product","link":"https:\/\/taktol.de\/pl\/product\/taktol-hyp-synth-ls-75w-90\/","title":{"rendered":"Taktol HYP Synth LS 75W-90"},"content":{"rendered":"<p><strong>Taktol HYP Synth LS 75W-90<\/strong> -syntetyczny olej przek\u0142adniowy do wysoko obci\u0105\u017conych manualnych skrzy\u0144 bieg\u00f3w, opracowany na bazie syntetycznych olej\u00f3w bazowych z dodatkiem specjalnych przysadek do mechanizm\u00f3w z ograniczonym po\u015blizgiem. Przystosowany do pracy pod du\u017cym obci\u0105\u017ceniem, zapewnia niezawodne smarowanie i prawid\u0142owe dzia\u0142anie przek\u0142adni, r\u00f3wnie\u017c w samoblokuj\u0105cych si\u0119 przek\u0142adniach hipoidalnych. Nale\u017cy przestrzega\u0107 zalece\u0144 producenta pojazdu i przek\u0142adni.  <\/p>\n","protected":false},"excerpt":{"rendered":"<p>Taktol HYP Synth LS 75W-90 -syntetyczny olej przek\u0142adniowy do wysoko obci\u0105\u017conych manualnych skrzy\u0144 bieg\u00f3w, opracowany na bazie syntetycznych olej\u00f3w bazowych<\/p>\n","protected":false},"featured_media":21603,"template":"","meta":[],"product_brand":[],"product_cat":[438],"product_tag":[],"class_list":{"0":"post-23020","1":"product","2":"type-product","3":"status-publish","4":"has-post-thumbnail","6":"product_cat-olej-przekladniowy","7":"pa_api-api-gl-5","8":"pa_application-manualna-skrzynia-biegow-pl-2","9":"pa_application-skrzynia-rozdzielcza","10":"pa_gear-oil-specifications-mil-l-2105-d","11":"pa_gear-oil-specifications-zf-te-ml-05c","12":"pa_gear-oil-specifications-zf-te-ml-05d","13":"pa_viscosity-sae-75w-90","15":"first","16":"onbackorder","17":"shipping-taxable","18":"purchasable","19":"product-type-variable"},"_links":{"self":[{"href":"https:\/\/taktol.de\/pl\/wp-json\/wp\/v2\/product\/23020","targetHints":{"allow":["GET"]}}],"collection":[{"href":"https:\/\/taktol.de\/pl\/wp-json\/wp\/v2\/product"}],"about":[{"href":"https:\/\/taktol.de\/pl\/wp-json\/wp\/v2\/types\/product"}],"version-history":[{"count":0,"href":"https:\/\/taktol.de\/pl\/wp-json\/wp\/v2\/product\/23020\/revisions"}],"wp:featuredmedia":[{"embeddable":true,"href":"https:\/\/taktol.de\/pl\/wp-json\/wp\/v2\/media\/21603"}],"wp:attachment":[{"href":"https:\/\/taktol.de\/pl\/wp-json\/wp\/v2\/media?parent=23020"}],"wp:term":[{"taxonomy":"product_brand","embeddable":true,"href":"https:\/\/taktol.de\/pl\/wp-json\/wp\/v2\/product_brand?post=23020"},{"taxonomy":"product_cat","embeddable":true,"href":"https:\/\/taktol.de\/pl\/wp-json\/wp\/v2\/product_cat?post=23020"},{"taxonomy":"product_tag","embeddable":true,"href":"https:\/\/taktol.de\/pl\/wp-json\/wp\/v2\/product_tag?post=23020"}],"curies":[{"name":"wp","href":"https:\/\/api.w.org\/{rel}","templated":true}]}}