{"id":22999,"date":"2025-04-30T12:15:00","date_gmt":"2025-04-30T12:15:00","guid":{"rendered":"https:\/\/taktol.de\/product\/taktol-hyp-ls-75w-140\/"},"modified":"2025-04-30T12:15:00","modified_gmt":"2025-04-30T12:15:00","slug":"taktol-hyp-ls-75w-140","status":"publish","type":"product","link":"https:\/\/taktol.de\/pl\/product\/taktol-hyp-ls-75w-140\/","title":{"rendered":"Taktol HYP LS 75W-140"},"content":{"rendered":"<p><strong>Taktol HYP LS 75W-140<\/strong> &#8211; wielofunkcyjny olej przek\u0142adniowy do wysoko obci\u0105\u017conych manualnych skrzy\u0144 bieg\u00f3w, opracowany na bazie wysokiej jako\u015bci olej\u00f3w bazowych z dodatkiem specjalnych przysadek do mechanizm\u00f3w z ograniczonym po\u015blizgiem. Jest zoptymalizowany do pracy pod zwi\u0119kszonymi obci\u0105\u017ceniami i zapewnia prawid\u0142owe dzia\u0142anie przek\u0142adni. Przeznaczony do smarowania mechanizm\u00f3w r\u00f3\u017cnicowych o ograniczonym po\u015blizgu, zapewnia doskona\u0142e smarowanie r\u00f3wnie\u017c w samoblokuj\u0105cych si\u0119 przek\u0142adniach hipoidalnych. Nale\u017cy stosowa\u0107 si\u0119 do zalece\u0144 producenta pojazdu i przek\u0142adni.   <\/p>\n","protected":false},"excerpt":{"rendered":"<p>Taktol HYP LS 75W-140 &#8211; wielofunkcyjny olej przek\u0142adniowy do wysoko obci\u0105\u017conych manualnych skrzy\u0144 bieg\u00f3w, opracowany na bazie wysokiej jako\u015bci olej\u00f3w<\/p>\n","protected":false},"featured_media":21603,"template":"","meta":[],"product_brand":[],"product_cat":[438],"product_tag":[],"class_list":{"0":"post-22999","1":"product","2":"type-product","3":"status-publish","4":"has-post-thumbnail","6":"product_cat-olej-przekladniowy","7":"pa_api-api-gl-5","8":"pa_application-manualna-skrzynia-biegow-pl-2","9":"pa_application-skrzynia-rozdzielcza","10":"pa_gear-oil-specifications-mil-l-2105-d","11":"pa_gear-oil-specifications-zf-te-ml-05c","12":"pa_gear-oil-specifications-zf-te-ml-07a","13":"pa_gear-oil-specifications-zf-te-ml-08","14":"pa_gear-oil-specifications-zf-te-ml-12d","15":"pa_gear-oil-specifications-zf-te-ml-16g","16":"pa_gear-oil-specifications-zf-te-ml-21c","17":"pa_viscosity-sae-75w-140","19":"first","20":"onbackorder","21":"shipping-taxable","22":"purchasable","23":"product-type-variable"},"_links":{"self":[{"href":"https:\/\/taktol.de\/pl\/wp-json\/wp\/v2\/product\/22999","targetHints":{"allow":["GET"]}}],"collection":[{"href":"https:\/\/taktol.de\/pl\/wp-json\/wp\/v2\/product"}],"about":[{"href":"https:\/\/taktol.de\/pl\/wp-json\/wp\/v2\/types\/product"}],"version-history":[{"count":0,"href":"https:\/\/taktol.de\/pl\/wp-json\/wp\/v2\/product\/22999\/revisions"}],"wp:featuredmedia":[{"embeddable":true,"href":"https:\/\/taktol.de\/pl\/wp-json\/wp\/v2\/media\/21603"}],"wp:attachment":[{"href":"https:\/\/taktol.de\/pl\/wp-json\/wp\/v2\/media?parent=22999"}],"wp:term":[{"taxonomy":"product_brand","embeddable":true,"href":"https:\/\/taktol.de\/pl\/wp-json\/wp\/v2\/product_brand?post=22999"},{"taxonomy":"product_cat","embeddable":true,"href":"https:\/\/taktol.de\/pl\/wp-json\/wp\/v2\/product_cat?post=22999"},{"taxonomy":"product_tag","embeddable":true,"href":"https:\/\/taktol.de\/pl\/wp-json\/wp\/v2\/product_tag?post=22999"}],"curies":[{"name":"wp","href":"https:\/\/api.w.org\/{rel}","templated":true}]}}