{"id":22966,"date":"2025-04-30T12:01:06","date_gmt":"2025-04-30T12:01:06","guid":{"rendered":"https:\/\/taktol.de\/product\/taktol-mps-plus-80w-90\/"},"modified":"2025-04-30T12:06:32","modified_gmt":"2025-04-30T12:06:32","slug":"taktol-mps-plus-80w-90","status":"publish","type":"product","link":"https:\/\/taktol.de\/pl\/product\/taktol-mps-plus-80w-90\/","title":{"rendered":"Taktol MPS-Plus 80W-90"},"content":{"rendered":"<p><strong>Taktol MPS-Plus 80W-90<\/strong> to hipoidalny olej przek\u0142adniowy na bazie mineralnej, przeznaczony do manualnych skrzy\u0144 bieg\u00f3w i most\u00f3w nap\u0119dowych, w kt\u00f3rych wymagane s\u0105 klasy GL-4 lub GL-5. Zapewnia stabilne smarowanie w szerokim zakresie temperatur, zmniejsza tarcie oraz skutecznie chroni przed zu\u017cyciem, korozj\u0105 i utlenianiem. Nadaje si\u0119 do ca\u0142orocznego stosowania.  <\/p>\n","protected":false},"excerpt":{"rendered":"<p>Taktol MPS-Plus 80W-90 to hipoidalny olej przek\u0142adniowy na bazie mineralnej, przeznaczony do manualnych skrzy\u0144 bieg\u00f3w i most\u00f3w nap\u0119dowych, w kt\u00f3rych<\/p>\n","protected":false},"featured_media":21603,"template":"","meta":[],"product_brand":[],"product_cat":[438],"product_tag":[],"class_list":{"0":"post-22966","1":"product","2":"type-product","3":"status-publish","4":"has-post-thumbnail","6":"product_cat-olej-przekladniowy","7":"pa_api-api-gl-4-gl-5","8":"pa_application-manualna-skrzynia-biegow-pl-2","9":"pa_application-skrzynia-rozdzielcza","10":"pa_gear-oil-specifications-man-342-type-m1","11":"pa_gear-oil-specifications-man-342-type-m2","12":"pa_gear-oil-specifications-mil-l-2105-d","13":"pa_gear-oil-specifications-nato-o-226","14":"pa_gear-oil-specifications-scania-sto-10","15":"pa_gear-oil-specifications-volvo-1273-10","16":"pa_gear-oil-specifications-zf-te-ml-05a","17":"pa_gear-oil-specifications-zf-te-ml-07a","18":"pa_gear-oil-specifications-zf-te-ml-12e","19":"pa_gear-oil-specifications-zf-te-ml-16c","20":"pa_gear-oil-specifications-zf-te-ml-17b","21":"pa_gear-oil-specifications-zf-te-ml-19b","22":"pa_gear-oil-specifications-zf-te-ml-21a","23":"pa_viscosity-sae-80w-90","24":"pa_viscosity-sae-sae-j2360","26":"first","27":"onbackorder","28":"shipping-taxable","29":"purchasable","30":"product-type-variable"},"_links":{"self":[{"href":"https:\/\/taktol.de\/pl\/wp-json\/wp\/v2\/product\/22966","targetHints":{"allow":["GET"]}}],"collection":[{"href":"https:\/\/taktol.de\/pl\/wp-json\/wp\/v2\/product"}],"about":[{"href":"https:\/\/taktol.de\/pl\/wp-json\/wp\/v2\/types\/product"}],"version-history":[{"count":1,"href":"https:\/\/taktol.de\/pl\/wp-json\/wp\/v2\/product\/22966\/revisions"}],"predecessor-version":[{"id":22983,"href":"https:\/\/taktol.de\/pl\/wp-json\/wp\/v2\/product\/22966\/revisions\/22983"}],"wp:featuredmedia":[{"embeddable":true,"href":"https:\/\/taktol.de\/pl\/wp-json\/wp\/v2\/media\/21603"}],"wp:attachment":[{"href":"https:\/\/taktol.de\/pl\/wp-json\/wp\/v2\/media?parent=22966"}],"wp:term":[{"taxonomy":"product_brand","embeddable":true,"href":"https:\/\/taktol.de\/pl\/wp-json\/wp\/v2\/product_brand?post=22966"},{"taxonomy":"product_cat","embeddable":true,"href":"https:\/\/taktol.de\/pl\/wp-json\/wp\/v2\/product_cat?post=22966"},{"taxonomy":"product_tag","embeddable":true,"href":"https:\/\/taktol.de\/pl\/wp-json\/wp\/v2\/product_tag?post=22966"}],"curies":[{"name":"wp","href":"https:\/\/api.w.org\/{rel}","templated":true}]}}