{"id":22921,"date":"2025-04-30T11:31:07","date_gmt":"2025-04-30T11:31:07","guid":{"rendered":"https:\/\/taktol.de\/product\/taktol-sg4-gear-80w-90\/"},"modified":"2025-04-30T11:31:07","modified_gmt":"2025-04-30T11:31:07","slug":"taktol-sg4-gear-80w-90","status":"publish","type":"product","link":"https:\/\/taktol.de\/pl\/product\/taktol-sg4-gear-80w-90\/","title":{"rendered":"Taktol SG4 Gear 80W-90"},"content":{"rendered":"<p> <strong> Taktol SG4 Gear 80W-90<\/strong> &#8211; mineralny olej przek\u0142adniowy przeznaczony do manualnych skrzy\u0144 bieg\u00f3w, przek\u0142adni g\u0142\u00f3wnych oraz mechanizm\u00f3w kierowniczych, w kt\u00f3rych producent zaleca stosowanie olej\u00f3w typu EP klasy GL-4. Zapewnia stabilny film smarny nawet przy wysokich temperaturach i du\u017cych obci\u0105\u017ceniach. Dodatki redukuj\u0105 tarcie i chroni\u0105 przed zu\u017cyciem oraz korozj\u0105.  <\/p>\n","protected":false},"excerpt":{"rendered":"<p>Taktol SG4 Gear 80W-90 &#8211; mineralny olej przek\u0142adniowy przeznaczony do manualnych skrzy\u0144 bieg\u00f3w, przek\u0142adni g\u0142\u00f3wnych oraz mechanizm\u00f3w kierowniczych, w kt\u00f3rych<\/p>\n","protected":false},"featured_media":21603,"template":"","meta":[],"product_brand":[],"product_cat":[438],"product_tag":[],"class_list":{"0":"post-22921","1":"product","2":"type-product","3":"status-publish","4":"has-post-thumbnail","6":"product_cat-olej-przekladniowy","7":"pa_api-api-gl-4","8":"pa_api-api-mt-1","9":"pa_application-manualna-skrzynia-biegow-pl-2","10":"pa_gear-oil-specifications-dtfr-13b170-235-5","11":"pa_gear-oil-specifications-man-341-type-z1","12":"pa_gear-oil-specifications-man-341-type-z2","13":"pa_gear-oil-specifications-zf-te-ml-02a","14":"pa_gear-oil-specifications-zf-te-ml-02b","15":"pa_gear-oil-specifications-zf-te-ml-17a","16":"pa_viscosity-sae-80w-90","18":"first","19":"onbackorder","20":"shipping-taxable","21":"purchasable","22":"product-type-variable"},"_links":{"self":[{"href":"https:\/\/taktol.de\/pl\/wp-json\/wp\/v2\/product\/22921","targetHints":{"allow":["GET"]}}],"collection":[{"href":"https:\/\/taktol.de\/pl\/wp-json\/wp\/v2\/product"}],"about":[{"href":"https:\/\/taktol.de\/pl\/wp-json\/wp\/v2\/types\/product"}],"version-history":[{"count":0,"href":"https:\/\/taktol.de\/pl\/wp-json\/wp\/v2\/product\/22921\/revisions"}],"wp:featuredmedia":[{"embeddable":true,"href":"https:\/\/taktol.de\/pl\/wp-json\/wp\/v2\/media\/21603"}],"wp:attachment":[{"href":"https:\/\/taktol.de\/pl\/wp-json\/wp\/v2\/media?parent=22921"}],"wp:term":[{"taxonomy":"product_brand","embeddable":true,"href":"https:\/\/taktol.de\/pl\/wp-json\/wp\/v2\/product_brand?post=22921"},{"taxonomy":"product_cat","embeddable":true,"href":"https:\/\/taktol.de\/pl\/wp-json\/wp\/v2\/product_cat?post=22921"},{"taxonomy":"product_tag","embeddable":true,"href":"https:\/\/taktol.de\/pl\/wp-json\/wp\/v2\/product_tag?post=22921"}],"curies":[{"name":"wp","href":"https:\/\/api.w.org\/{rel}","templated":true}]}}