{"id":22900,"date":"2025-04-30T11:08:34","date_gmt":"2025-04-30T11:08:34","guid":{"rendered":"https:\/\/taktol.de\/product\/taktol-multi-synth-75w-85\/"},"modified":"2025-04-30T11:08:34","modified_gmt":"2025-04-30T11:08:34","slug":"taktol-multi-synth-75w-85","status":"publish","type":"product","link":"https:\/\/taktol.de\/pl\/product\/taktol-multi-synth-75w-85\/","title":{"rendered":"Taktol Multi-Synth 75W-85"},"content":{"rendered":"<p><strong>Taktol Multi-Synth 75W-85<\/strong> &#8211; syntetyczny olej przek\u0142adniowy do mocno obci\u0105\u017conych skrzy\u0144 bieg\u00f3w i most\u00f3w nap\u0119dowych. Oparty na syntetycznych olejach bazowych z dodatkami, kt\u00f3re poprawiaj\u0105 dzia\u0142anie mechanizm\u00f3w r\u00f3\u017cnicowych o ograniczonym po\u015blizgu. Olej zapewnia niezawodn\u0105 ochron\u0119 i stabiln\u0105 prac\u0119 skrzyni bieg\u00f3w nawet w ekstremalnych warunkach eksploatacyjnych.  <\/p>\n","protected":false},"excerpt":{"rendered":"<p>Taktol Multi-Synth 75W-85 &#8211; syntetyczny olej przek\u0142adniowy do mocno obci\u0105\u017conych skrzy\u0144 bieg\u00f3w i most\u00f3w nap\u0119dowych. Oparty na syntetycznych olejach bazowych<\/p>\n","protected":false},"featured_media":21603,"template":"","meta":[],"product_brand":[],"product_cat":[438],"product_tag":[],"class_list":{"0":"post-22900","1":"product","2":"type-product","3":"status-publish","4":"has-post-thumbnail","6":"product_cat-olej-przekladniowy","7":"pa_api-api-gl-5","8":"pa_api-api-mt-1","9":"pa_application-manualna-skrzynia-biegow-pl-2","10":"pa_application-samochod-osobowy","11":"pa_application-skrzynia-rozdzielcza","12":"pa_gear-oil-specifications-bmw-83-22-2-295-532","13":"pa_gear-oil-specifications-honda-hgo-1-08200-9014","14":"pa_gear-oil-specifications-mb-235-7","15":"pa_gear-oil-specifications-mb-235-74","16":"pa_gear-oil-specifications-mb-239-71","17":"pa_gear-oil-specifications-mb-239-72","18":"pa_gear-oil-specifications-mil-l-2105-e","19":"pa_gear-oil-specifications-vw-tl-521-45-x-g-052-145-a1","20":"pa_gear-oil-specifications-vw-tl-521-90-g-052-190-a2","21":"pa_gear-oil-specifications-vw-tl-521-90-g-055-190-a2","22":"pa_gear-oil-specifications-zf-te-ml-18","23":"pa_viscosity-sae-75w-85","24":"pa_viscosity-sae-sae-j2360","26":"first","27":"onbackorder","28":"shipping-taxable","29":"purchasable","30":"product-type-variable"},"_links":{"self":[{"href":"https:\/\/taktol.de\/pl\/wp-json\/wp\/v2\/product\/22900","targetHints":{"allow":["GET"]}}],"collection":[{"href":"https:\/\/taktol.de\/pl\/wp-json\/wp\/v2\/product"}],"about":[{"href":"https:\/\/taktol.de\/pl\/wp-json\/wp\/v2\/types\/product"}],"version-history":[{"count":0,"href":"https:\/\/taktol.de\/pl\/wp-json\/wp\/v2\/product\/22900\/revisions"}],"wp:featuredmedia":[{"embeddable":true,"href":"https:\/\/taktol.de\/pl\/wp-json\/wp\/v2\/media\/21603"}],"wp:attachment":[{"href":"https:\/\/taktol.de\/pl\/wp-json\/wp\/v2\/media?parent=22900"}],"wp:term":[{"taxonomy":"product_brand","embeddable":true,"href":"https:\/\/taktol.de\/pl\/wp-json\/wp\/v2\/product_brand?post=22900"},{"taxonomy":"product_cat","embeddable":true,"href":"https:\/\/taktol.de\/pl\/wp-json\/wp\/v2\/product_cat?post=22900"},{"taxonomy":"product_tag","embeddable":true,"href":"https:\/\/taktol.de\/pl\/wp-json\/wp\/v2\/product_tag?post=22900"}],"curies":[{"name":"wp","href":"https:\/\/api.w.org\/{rel}","templated":true}]}}