{"id":22875,"date":"2025-04-30T10:38:58","date_gmt":"2025-04-30T10:38:58","guid":{"rendered":"https:\/\/taktol.de\/product\/taktol-atf-m-15-fe\/"},"modified":"2025-04-30T10:38:58","modified_gmt":"2025-04-30T10:38:58","slug":"taktol-atf-m-15-fe","status":"publish","type":"product","link":"https:\/\/taktol.de\/pl\/product\/taktol-atf-m-15-fe\/","title":{"rendered":"Taktol ATF M-15 FE"},"content":{"rendered":"<p><strong>Taktol ATF M-15 FE<\/strong> &#8211; wysokiej jako\u015bci olej przek\u0142adniowy o niskiej lepko\u015bci. Zapewnia p\u0142ynn\u0105 prac\u0119 skrzyni bieg\u00f3w, zmniejsza zu\u017cycie paliwa i gwarantuje prawid\u0142owe dzia\u0142anie systemu start-stop.<br data-start=\"1751\" data-end=\"1754\">Przeznaczony do 7-biegowej automatycznej skrzyni Mercedes-Benz 722.9 (kod A89), przek\u0142adni HYBRID 724.2 oraz skrzy\u0144 rozdzielczych w modelach 205, 213, 217, 218, 222, 238, 253, 257, 290 z przek\u0142adniami 725.0 i 725.1. <\/p>\n","protected":false},"excerpt":{"rendered":"<p>Taktol ATF M-15 FE &#8211; wysokiej jako\u015bci olej przek\u0142adniowy o niskiej lepko\u015bci. Zapewnia p\u0142ynn\u0105 prac\u0119 skrzyni bieg\u00f3w, zmniejsza zu\u017cycie paliwa<\/p>\n","protected":false},"featured_media":21603,"template":"","meta":[],"product_brand":[],"product_cat":[400],"product_tag":[],"class_list":{"0":"post-22875","1":"product","2":"type-product","3":"status-publish","4":"has-post-thumbnail","6":"product_cat-atf-dsg-dct-cvt-pl","7":"pa_application-automatyczna-transmisja","8":"pa_application-samochod-osobowy","9":"pa_atf-fluid-specifications-mb-236-15","11":"first","12":"onbackorder","13":"shipping-taxable","14":"purchasable","15":"product-type-variable"},"_links":{"self":[{"href":"https:\/\/taktol.de\/pl\/wp-json\/wp\/v2\/product\/22875","targetHints":{"allow":["GET"]}}],"collection":[{"href":"https:\/\/taktol.de\/pl\/wp-json\/wp\/v2\/product"}],"about":[{"href":"https:\/\/taktol.de\/pl\/wp-json\/wp\/v2\/types\/product"}],"version-history":[{"count":0,"href":"https:\/\/taktol.de\/pl\/wp-json\/wp\/v2\/product\/22875\/revisions"}],"wp:featuredmedia":[{"embeddable":true,"href":"https:\/\/taktol.de\/pl\/wp-json\/wp\/v2\/media\/21603"}],"wp:attachment":[{"href":"https:\/\/taktol.de\/pl\/wp-json\/wp\/v2\/media?parent=22875"}],"wp:term":[{"taxonomy":"product_brand","embeddable":true,"href":"https:\/\/taktol.de\/pl\/wp-json\/wp\/v2\/product_brand?post=22875"},{"taxonomy":"product_cat","embeddable":true,"href":"https:\/\/taktol.de\/pl\/wp-json\/wp\/v2\/product_cat?post=22875"},{"taxonomy":"product_tag","embeddable":true,"href":"https:\/\/taktol.de\/pl\/wp-json\/wp\/v2\/product_tag?post=22875"}],"curies":[{"name":"wp","href":"https:\/\/api.w.org\/{rel}","templated":true}]}}