{"id":22850,"date":"2025-04-30T10:31:15","date_gmt":"2025-04-30T10:31:15","guid":{"rendered":"https:\/\/taktol.de\/product\/taktol-atf-m-14-s\/"},"modified":"2025-04-30T10:31:15","modified_gmt":"2025-04-30T10:31:15","slug":"taktol-atf-m-14-s","status":"publish","type":"product","link":"https:\/\/taktol.de\/pl\/product\/taktol-atf-m-14-s\/","title":{"rendered":"Taktol ATF M-14 S"},"content":{"rendered":"<p> <strong> Taktol ATF M-14 S<\/strong> &#8211; olej przek\u0142adniowy o obni\u017conej lepko\u015bci, kt\u00f3ry poprawia wydajno\u015b\u0107 skrzyni bieg\u00f3w i zmniejsza zu\u017cycie paliwa.<br data-start=\"1618\" data-end=\"1621\">Przeznaczony do 7-biegowej skrzyni automatycznej Mercedes-Benz 722.9 (z wyj\u0105tkiem kodu A89), 5-biegowej z blokad\u0105 konwertera (722.6) oraz zgodny wstecz z wcze\u015bniejszymi 4- i 5-biegowymi skrzyniami (722.3, 722.4, 722.5), z wy\u0142\u0105czeniem CVT 722.7.<\/p>\n","protected":false},"excerpt":{"rendered":"<p>Taktol ATF M-14 S &#8211; olej przek\u0142adniowy o obni\u017conej lepko\u015bci, kt\u00f3ry poprawia wydajno\u015b\u0107 skrzyni bieg\u00f3w i zmniejsza zu\u017cycie paliwa.Przeznaczony do<\/p>\n","protected":false},"featured_media":21603,"template":"","meta":[],"product_brand":[],"product_cat":[400],"product_tag":[],"class_list":{"0":"post-22850","1":"product","2":"type-product","3":"status-publish","4":"has-post-thumbnail","6":"product_cat-atf-dsg-dct-cvt-pl","7":"pa_application-automatyczna-transmisja","8":"pa_application-samochod-osobowy","9":"pa_atf-fluid-specifications-mb-236-14","11":"first","12":"onbackorder","13":"shipping-taxable","14":"purchasable","15":"product-type-variable"},"_links":{"self":[{"href":"https:\/\/taktol.de\/pl\/wp-json\/wp\/v2\/product\/22850","targetHints":{"allow":["GET"]}}],"collection":[{"href":"https:\/\/taktol.de\/pl\/wp-json\/wp\/v2\/product"}],"about":[{"href":"https:\/\/taktol.de\/pl\/wp-json\/wp\/v2\/types\/product"}],"version-history":[{"count":0,"href":"https:\/\/taktol.de\/pl\/wp-json\/wp\/v2\/product\/22850\/revisions"}],"wp:featuredmedia":[{"embeddable":true,"href":"https:\/\/taktol.de\/pl\/wp-json\/wp\/v2\/media\/21603"}],"wp:attachment":[{"href":"https:\/\/taktol.de\/pl\/wp-json\/wp\/v2\/media?parent=22850"}],"wp:term":[{"taxonomy":"product_brand","embeddable":true,"href":"https:\/\/taktol.de\/pl\/wp-json\/wp\/v2\/product_brand?post=22850"},{"taxonomy":"product_cat","embeddable":true,"href":"https:\/\/taktol.de\/pl\/wp-json\/wp\/v2\/product_cat?post=22850"},{"taxonomy":"product_tag","embeddable":true,"href":"https:\/\/taktol.de\/pl\/wp-json\/wp\/v2\/product_tag?post=22850"}],"curies":[{"name":"wp","href":"https:\/\/api.w.org\/{rel}","templated":true}]}}