{"id":22825,"date":"2025-04-30T10:17:07","date_gmt":"2025-04-30T10:17:07","guid":{"rendered":"https:\/\/taktol.de\/product\/taktol-atf-ll-m10\/"},"modified":"2025-04-30T10:17:07","modified_gmt":"2025-04-30T10:17:07","slug":"taktol-atf-ll-m10","status":"publish","type":"product","link":"https:\/\/taktol.de\/pl\/product\/taktol-atf-ll-m10\/","title":{"rendered":"Taktol ATF LL-M10"},"content":{"rendered":"<p><strong>Taktol ATF LL-M10<\/strong> &#8211; syntetyczny olej przek\u0142adniowy nowej generacji dla 6-biegowych automatycznych skrzy\u0144 bieg\u00f3w ZF. Oparty na olejach hydrokrakingowych z dodatkami, zapewniaj\u0105cymi optymaln\u0105 ochron\u0119 i wydajno\u015b\u0107. Gwarantuje doskona\u0142\u0105 ochron\u0119 przed zu\u017cyciem w ka\u017cdych warunkach. Mo\u017ce by\u0107 u\u017cywany jako zamiennik ZF-LIFEGUARDFLUID 6 (ZF Nr. S671 090 255) po up\u0142ywie okresu gwarancyjnego.   <\/p>\n","protected":false},"excerpt":{"rendered":"<p>Taktol ATF LL-M10 &#8211; syntetyczny olej przek\u0142adniowy nowej generacji dla 6-biegowych automatycznych skrzy\u0144 bieg\u00f3w ZF. Oparty na olejach hydrokrakingowych z<\/p>\n","protected":false},"featured_media":21603,"template":"","meta":[],"product_brand":[],"product_cat":[400],"product_tag":[],"class_list":{"0":"post-22825","1":"product","2":"type-product","3":"status-publish","4":"has-post-thumbnail","6":"product_cat-atf-dsg-dct-cvt-pl","7":"pa_application-automatyczna-transmisja","8":"pa_application-samochod-osobowy","9":"pa_atf-fluid-specifications-aml-4g4319a509-aa-s","10":"pa_atf-fluid-specifications-audi-vw-g-055-005-a1-a2-a6","11":"pa_atf-fluid-specifications-bentley-py112995pa","12":"pa_atf-fluid-specifications-bmw-83-22-0-142-516","13":"pa_atf-fluid-specifications-bmw-83-22-2-305-396","14":"pa_atf-fluid-specifications-hyundai-040000c90sg","15":"pa_atf-fluid-specifications-jaguar-c2c-8432","16":"pa_atf-fluid-specifications-land-rover-tyk500050","17":"pa_atf-fluid-specifications-maserati-231603","18":"pa_atf-fluid-specifications-volvo-97342-at102","20":"first","21":"onbackorder","22":"shipping-taxable","23":"purchasable","24":"product-type-variable"},"_links":{"self":[{"href":"https:\/\/taktol.de\/pl\/wp-json\/wp\/v2\/product\/22825","targetHints":{"allow":["GET"]}}],"collection":[{"href":"https:\/\/taktol.de\/pl\/wp-json\/wp\/v2\/product"}],"about":[{"href":"https:\/\/taktol.de\/pl\/wp-json\/wp\/v2\/types\/product"}],"version-history":[{"count":0,"href":"https:\/\/taktol.de\/pl\/wp-json\/wp\/v2\/product\/22825\/revisions"}],"wp:featuredmedia":[{"embeddable":true,"href":"https:\/\/taktol.de\/pl\/wp-json\/wp\/v2\/media\/21603"}],"wp:attachment":[{"href":"https:\/\/taktol.de\/pl\/wp-json\/wp\/v2\/media?parent=22825"}],"wp:term":[{"taxonomy":"product_brand","embeddable":true,"href":"https:\/\/taktol.de\/pl\/wp-json\/wp\/v2\/product_brand?post=22825"},{"taxonomy":"product_cat","embeddable":true,"href":"https:\/\/taktol.de\/pl\/wp-json\/wp\/v2\/product_cat?post=22825"},{"taxonomy":"product_tag","embeddable":true,"href":"https:\/\/taktol.de\/pl\/wp-json\/wp\/v2\/product_tag?post=22825"}],"curies":[{"name":"wp","href":"https:\/\/api.w.org\/{rel}","templated":true}]}}