{"id":22800,"date":"2025-04-30T09:38:59","date_gmt":"2025-04-30T09:38:59","guid":{"rendered":"https:\/\/taktol.de\/product\/taktol-atf-d-iii-s\/"},"modified":"2025-04-30T09:38:59","modified_gmt":"2025-04-30T09:38:59","slug":"taktol-atf-d-iii-s","status":"publish","type":"product","link":"https:\/\/taktol.de\/pl\/product\/taktol-atf-d-iii-s\/","title":{"rendered":"Taktol ATF D-III S"},"content":{"rendered":"<p><strong>Taktol ATF D-III S<\/strong> &#8211; olej przek\u0142adniowy oparty na olejach bazowych HC i PAO, opracowany z zastosowaniem starannie dobranej formu\u0142y dodatk\u00f3w. Zapewnia niezawodne smarowanie i ochron\u0119 przed zu\u017cyciem w automatycznych skrzyniach bieg\u00f3w z blokad\u0105 konwertera momentu obrotowego lub bez niej. Przeznaczony do pojazd\u00f3w, w kt\u00f3rych wymagany jest p\u0142yn przek\u0142adniowy typu Dexron III H, w tym wielu starszych modeli. Gwarantuje stabiln\u0105 prac\u0119 skrzyni bieg\u00f3w w szerokim zakresie temperatur i warunk\u00f3w eksploatacji.   <\/p>\n","protected":false},"excerpt":{"rendered":"<p>Taktol ATF D-III S &#8211; olej przek\u0142adniowy oparty na olejach bazowych HC i PAO, opracowany z zastosowaniem starannie dobranej formu\u0142y<\/p>\n","protected":false},"featured_media":21603,"template":"","meta":[],"product_brand":[],"product_cat":[400],"product_tag":[],"class_list":{"0":"post-22800","1":"product","2":"type-product","3":"status-publish","4":"has-post-thumbnail","6":"product_cat-atf-dsg-dct-cvt-pl","7":"pa_application-automatyczna-transmisja","8":"pa_application-ciezarowki-i-autobusy","9":"pa_atf-fluid-specifications-dtfr-13c100-236-1","10":"pa_atf-fluid-specifications-ford-mercon","11":"pa_atf-fluid-specifications-ford-wsa-m2c195-a","12":"pa_atf-fluid-specifications-gm-dexron-iii-g","13":"pa_atf-fluid-specifications-man-339-type-v1","14":"pa_atf-fluid-specifications-man-339-type-z1","15":"pa_atf-fluid-specifications-mb-236-5","16":"pa_atf-fluid-specifications-voith-h55-6335-xx-g607","17":"pa_atf-fluid-specifications-zf-te-ml-02f","18":"pa_atf-fluid-specifications-zf-te-ml-03d","19":"pa_atf-fluid-specifications-zf-te-ml-04d","20":"pa_atf-fluid-specifications-zf-te-ml-09","21":"pa_atf-fluid-specifications-zf-te-ml-11b","22":"pa_atf-fluid-specifications-zf-te-ml-14a","23":"pa_atf-fluid-specifications-zf-te-ml-17c","25":"first","26":"onbackorder","27":"shipping-taxable","28":"purchasable","29":"product-type-variable"},"_links":{"self":[{"href":"https:\/\/taktol.de\/pl\/wp-json\/wp\/v2\/product\/22800","targetHints":{"allow":["GET"]}}],"collection":[{"href":"https:\/\/taktol.de\/pl\/wp-json\/wp\/v2\/product"}],"about":[{"href":"https:\/\/taktol.de\/pl\/wp-json\/wp\/v2\/types\/product"}],"version-history":[{"count":0,"href":"https:\/\/taktol.de\/pl\/wp-json\/wp\/v2\/product\/22800\/revisions"}],"wp:featuredmedia":[{"embeddable":true,"href":"https:\/\/taktol.de\/pl\/wp-json\/wp\/v2\/media\/21603"}],"wp:attachment":[{"href":"https:\/\/taktol.de\/pl\/wp-json\/wp\/v2\/media?parent=22800"}],"wp:term":[{"taxonomy":"product_brand","embeddable":true,"href":"https:\/\/taktol.de\/pl\/wp-json\/wp\/v2\/product_brand?post=22800"},{"taxonomy":"product_cat","embeddable":true,"href":"https:\/\/taktol.de\/pl\/wp-json\/wp\/v2\/product_cat?post=22800"},{"taxonomy":"product_tag","embeddable":true,"href":"https:\/\/taktol.de\/pl\/wp-json\/wp\/v2\/product_tag?post=22800"}],"curies":[{"name":"wp","href":"https:\/\/api.w.org\/{rel}","templated":true}]}}