{"id":22772,"date":"2025-04-30T09:28:21","date_gmt":"2025-04-30T09:28:21","guid":{"rendered":"https:\/\/taktol.de\/product\/taktol-atf-d-ii-m\/"},"modified":"2025-04-30T09:28:21","modified_gmt":"2025-04-30T09:28:21","slug":"taktol-atf-d-ii-m","status":"publish","type":"product","link":"https:\/\/taktol.de\/pl\/product\/taktol-atf-d-ii-m\/","title":{"rendered":"Taktol ATF D-II M"},"content":{"rendered":"<p> <strong> Taktol ATF D-II M<\/strong> to wysokiej jako\u015bci olej przek\u0142adniowy do automatycznych skrzy\u0144 bieg\u00f3w w pojazdach i maszynach. Oparty na rafinowanych olejach mineralnych i wyselekcjonowanych dodatkach, zapewnia optymalne smarowanie i ochron\u0119 przed zu\u017cyciem w r\u00f3\u017cnych warunkach pracy. <\/p>\n","protected":false},"excerpt":{"rendered":"<p>Taktol ATF D-II M to wysokiej jako\u015bci olej przek\u0142adniowy do automatycznych skrzy\u0144 bieg\u00f3w w pojazdach i maszynach. Oparty na rafinowanych<\/p>\n","protected":false},"featured_media":21603,"template":"","meta":[],"product_brand":[],"product_cat":[400],"product_tag":[],"class_list":{"0":"post-22772","1":"product","2":"type-product","3":"status-publish","4":"has-post-thumbnail","6":"product_cat-atf-dsg-dct-cvt-pl","7":"pa_application-automatyczna-transmisja","8":"pa_application-ciezarowki-i-autobusy","9":"pa_atf-fluid-specifications-caterpillar-to-2","10":"pa_atf-fluid-specifications-dtfr-13c120-236-2","11":"pa_atf-fluid-specifications-dtfr-13c140-236-7","12":"pa_atf-fluid-specifications-ford-esp-m2c166-h","13":"pa_atf-fluid-specifications-ford-sqm-2c9010-b","14":"pa_atf-fluid-specifications-ford-wss-m2c138-cj","15":"pa_atf-fluid-specifications-ford-wss-m2c185-a","16":"pa_atf-fluid-specifications-man-339-type-z1","17":"pa_atf-fluid-specifications-mb-236-6","18":"pa_atf-fluid-specifications-renk-doromat","19":"pa_atf-fluid-specifications-voith-55-6335-xx","20":"pa_atf-fluid-specifications-zf-te-ml-03d","21":"pa_atf-fluid-specifications-zf-te-ml-04d","22":"pa_atf-fluid-specifications-zf-te-ml-05l","23":"pa_atf-fluid-specifications-zf-te-ml-11a","24":"pa_atf-fluid-specifications-zf-te-ml-14a","25":"pa_atf-fluid-specifications-zf-te-ml-17c","27":"first","28":"onbackorder","29":"shipping-taxable","30":"purchasable","31":"product-type-variable"},"_links":{"self":[{"href":"https:\/\/taktol.de\/pl\/wp-json\/wp\/v2\/product\/22772","targetHints":{"allow":["GET"]}}],"collection":[{"href":"https:\/\/taktol.de\/pl\/wp-json\/wp\/v2\/product"}],"about":[{"href":"https:\/\/taktol.de\/pl\/wp-json\/wp\/v2\/types\/product"}],"version-history":[{"count":0,"href":"https:\/\/taktol.de\/pl\/wp-json\/wp\/v2\/product\/22772\/revisions"}],"wp:featuredmedia":[{"embeddable":true,"href":"https:\/\/taktol.de\/pl\/wp-json\/wp\/v2\/media\/21603"}],"wp:attachment":[{"href":"https:\/\/taktol.de\/pl\/wp-json\/wp\/v2\/media?parent=22772"}],"wp:term":[{"taxonomy":"product_brand","embeddable":true,"href":"https:\/\/taktol.de\/pl\/wp-json\/wp\/v2\/product_brand?post=22772"},{"taxonomy":"product_cat","embeddable":true,"href":"https:\/\/taktol.de\/pl\/wp-json\/wp\/v2\/product_cat?post=22772"},{"taxonomy":"product_tag","embeddable":true,"href":"https:\/\/taktol.de\/pl\/wp-json\/wp\/v2\/product_tag?post=22772"}],"curies":[{"name":"wp","href":"https:\/\/api.w.org\/{rel}","templated":true}]}}