{"id":22750,"date":"2025-04-29T14:11:07","date_gmt":"2025-04-29T14:11:07","guid":{"rendered":"https:\/\/taktol.de\/product\/taktol-mixed-clean-20w-50\/"},"modified":"2025-04-29T14:11:07","modified_gmt":"2025-04-29T14:11:07","slug":"taktol-mixed-clean-20w-50","status":"publish","type":"product","link":"https:\/\/taktol.de\/pl\/product\/taktol-mixed-clean-20w-50\/","title":{"rendered":"Taktol Mixed Clean 20W-50"},"content":{"rendered":"<p><strong>Taktol Mixed Clean 20W-50<\/strong> &#8211; wysokiej jako\u015bci olej silnikowy wielosezonowy, przeznaczony do silnik\u00f3w diesla w ci\u0119\u017car\u00f3wkach, z turbodo\u0142adowaniem lub bez. Nadaje si\u0119 do ca\u0142orocznego u\u017cytkowania w r\u00f3\u017cnych silnikach. Zapewnia doskona\u0142e w\u0142a\u015bciwo\u015bci rozruchu na zimno oraz redukuje tarcie, zu\u017cycie i spalanie paliwa. Umo\u017cliwia tak\u017ce wyd\u0142u\u017cenie interwa\u0142\u00f3w wymiany oleju zgodnie z zaleceniami producenta, zapewniaj\u0105c niezawodn\u0105 prac\u0119 w trudnych warunkach.  <\/p>\n","protected":false},"excerpt":{"rendered":"<p>Taktol Mixed Clean 20W-50 &#8211; wysokiej jako\u015bci olej silnikowy wielosezonowy, przeznaczony do silnik\u00f3w diesla w ci\u0119\u017car\u00f3wkach, z turbodo\u0142adowaniem lub bez.<\/p>\n","protected":false},"featured_media":21603,"template":"","meta":[],"product_brand":[],"product_cat":[421,430],"product_tag":[],"class_list":{"0":"post-22750","1":"product","2":"type-product","3":"status-publish","4":"has-post-thumbnail","6":"product_cat-olej-silnikowy","7":"product_cat-truck-linia","8":"pa_api-api-cl-4-sl","9":"pa_application-ciezarowki-i-autobusy","10":"pa_viscosity-sae-20w-50","12":"first","13":"onbackorder","14":"shipping-taxable","15":"purchasable","16":"product-type-variable"},"_links":{"self":[{"href":"https:\/\/taktol.de\/pl\/wp-json\/wp\/v2\/product\/22750","targetHints":{"allow":["GET"]}}],"collection":[{"href":"https:\/\/taktol.de\/pl\/wp-json\/wp\/v2\/product"}],"about":[{"href":"https:\/\/taktol.de\/pl\/wp-json\/wp\/v2\/types\/product"}],"version-history":[{"count":0,"href":"https:\/\/taktol.de\/pl\/wp-json\/wp\/v2\/product\/22750\/revisions"}],"wp:featuredmedia":[{"embeddable":true,"href":"https:\/\/taktol.de\/pl\/wp-json\/wp\/v2\/media\/21603"}],"wp:attachment":[{"href":"https:\/\/taktol.de\/pl\/wp-json\/wp\/v2\/media?parent=22750"}],"wp:term":[{"taxonomy":"product_brand","embeddable":true,"href":"https:\/\/taktol.de\/pl\/wp-json\/wp\/v2\/product_brand?post=22750"},{"taxonomy":"product_cat","embeddable":true,"href":"https:\/\/taktol.de\/pl\/wp-json\/wp\/v2\/product_cat?post=22750"},{"taxonomy":"product_tag","embeddable":true,"href":"https:\/\/taktol.de\/pl\/wp-json\/wp\/v2\/product_tag?post=22750"}],"curies":[{"name":"wp","href":"https:\/\/api.w.org\/{rel}","templated":true}]}}