{"id":22724,"date":"2025-04-29T13:52:15","date_gmt":"2025-04-29T13:52:15","guid":{"rendered":"https:\/\/taktol.de\/product\/taktol-multi-fleet-20w-50\/"},"modified":"2025-04-29T13:52:15","modified_gmt":"2025-04-29T13:52:15","slug":"taktol-multi-fleet-20w-50","status":"publish","type":"product","link":"https:\/\/taktol.de\/pl\/product\/taktol-multi-fleet-20w-50\/","title":{"rendered":"Taktol Multi Fleet 20W-50"},"content":{"rendered":"<p><strong>Taktol Multi Fleet 20W-50 <\/strong>to wielosezonowy olej silnikowy opracowany z wykorzystaniem zaawansowanych dodatk\u00f3w. Nadaje si\u0119 do silnik\u00f3w benzynowych i wysokopr\u0119\u017cnych, w tym wersji z turbodo\u0142adowaniem. Dzi\u0119ki starannie dobranym dodatkom zapewnia niezawodn\u0105 smarowanie nawet w wysokich temperaturach. Olej ten spe\u0142nia tak\u017ce specyfikacj\u0119 Global DHD-1, zapewniaj\u0105c doskona\u0142\u0105 wydajno\u015b\u0107 w aplikacjach o du\u017cym obci\u0105\u017ceniu.  <\/p>\n","protected":false},"excerpt":{"rendered":"<p>Taktol Multi Fleet 20W-50 to wielosezonowy olej silnikowy opracowany z wykorzystaniem zaawansowanych dodatk\u00f3w. Nadaje si\u0119 do silnik\u00f3w benzynowych i wysokopr\u0119\u017cnych,<\/p>\n","protected":false},"featured_media":21603,"template":"","meta":[],"product_brand":[],"product_cat":[421,430],"product_tag":[],"class_list":{"0":"post-22724","1":"product","2":"type-product","3":"status-publish","4":"has-post-thumbnail","6":"product_cat-olej-silnikowy","7":"product_cat-truck-linia","8":"pa_acea-acea-a3-b4","9":"pa_acea-acea-e7","10":"pa_api-api-ci-4","11":"pa_api-api-sl-cf","12":"pa_application-ciezarowki-i-autobusy","13":"pa_application-samochod-osobowy","14":"pa_ilsac-jaso-dh-1","15":"pa_specifications-allison-c-4","16":"pa_specifications-caterpillar-ecf-1a","17":"pa_specifications-caterpillar-ecf-2","18":"pa_specifications-ddc-93k215","19":"pa_specifications-dtfr-15b110-228-3","20":"pa_specifications-global-dhd-1","21":"pa_specifications-mb-229-1","22":"pa_viscosity-sae-20w-50","24":"first","25":"onbackorder","26":"shipping-taxable","27":"purchasable","28":"product-type-variable"},"_links":{"self":[{"href":"https:\/\/taktol.de\/pl\/wp-json\/wp\/v2\/product\/22724","targetHints":{"allow":["GET"]}}],"collection":[{"href":"https:\/\/taktol.de\/pl\/wp-json\/wp\/v2\/product"}],"about":[{"href":"https:\/\/taktol.de\/pl\/wp-json\/wp\/v2\/types\/product"}],"version-history":[{"count":0,"href":"https:\/\/taktol.de\/pl\/wp-json\/wp\/v2\/product\/22724\/revisions"}],"wp:featuredmedia":[{"embeddable":true,"href":"https:\/\/taktol.de\/pl\/wp-json\/wp\/v2\/media\/21603"}],"wp:attachment":[{"href":"https:\/\/taktol.de\/pl\/wp-json\/wp\/v2\/media?parent=22724"}],"wp:term":[{"taxonomy":"product_brand","embeddable":true,"href":"https:\/\/taktol.de\/pl\/wp-json\/wp\/v2\/product_brand?post=22724"},{"taxonomy":"product_cat","embeddable":true,"href":"https:\/\/taktol.de\/pl\/wp-json\/wp\/v2\/product_cat?post=22724"},{"taxonomy":"product_tag","embeddable":true,"href":"https:\/\/taktol.de\/pl\/wp-json\/wp\/v2\/product_tag?post=22724"}],"curies":[{"name":"wp","href":"https:\/\/api.w.org\/{rel}","templated":true}]}}