{"id":22704,"date":"2025-04-29T12:00:41","date_gmt":"2025-04-29T12:00:41","guid":{"rendered":"https:\/\/taktol.de\/product\/taktol-shpd-clean-15w-40\/"},"modified":"2025-04-29T12:00:41","modified_gmt":"2025-04-29T12:00:41","slug":"taktol-shpd-clean-15w-40","status":"publish","type":"product","link":"https:\/\/taktol.de\/pl\/product\/taktol-shpd-clean-15w-40\/","title":{"rendered":"Taktol SHPD Clean 15W-40"},"content":{"rendered":"<p class=\"\" data-start=\"73\" data-end=\"424\"><strong>Taktol SHPD Clean 15W-40<\/strong> to wysokiej jako\u015bci olej silnikowy przeznaczony do silnik\u00f3w diesla w samochodach osobowych i ci\u0119\u017carowych, z turbodo\u0142adowaniem lub bez. Odpowiedni do ca\u0142orocznego u\u017cytkowania, minimalizuje tarcie, zu\u017cycie i spalanie paliwa, a tak\u017ce zapewnia doskona\u0142e w\u0142a\u015bciwo\u015bci rozruchu na zimno. Umo\u017cliwia wyd\u0142u\u017cenie interwa\u0142\u00f3w wymiany oleju zgodnie z zaleceniami producenta.  <\/p>\n","protected":false},"excerpt":{"rendered":"<p>Taktol SHPD Clean 15W-40 to wysokiej jako\u015bci olej silnikowy przeznaczony do silnik\u00f3w diesla w samochodach osobowych i ci\u0119\u017carowych, z turbodo\u0142adowaniem<\/p>\n","protected":false},"featured_media":21603,"template":"","meta":[],"product_brand":[],"product_cat":[421,430],"product_tag":[],"class_list":{"0":"post-22704","1":"product","2":"type-product","3":"status-publish","4":"has-post-thumbnail","6":"product_cat-olej-silnikowy","7":"product_cat-truck-linia","8":"pa_acea-acea-e7","9":"pa_api-api-ci-4-sl","10":"pa_application-ciezarowki-i-autobusy","11":"pa_application-samochod-osobowy","12":"pa_specifications-deutz-dqc-iii-10","13":"pa_specifications-dtfr-15b110-228-3","14":"pa_specifications-mack-eo-n","15":"pa_specifications-man-m3275-1","16":"pa_specifications-mtu-type-2","17":"pa_specifications-renault-rld-2","18":"pa_specifications-volvo-vds-3","19":"pa_viscosity-sae-15w-40","21":"first","22":"onbackorder","23":"shipping-taxable","24":"purchasable","25":"product-type-variable"},"_links":{"self":[{"href":"https:\/\/taktol.de\/pl\/wp-json\/wp\/v2\/product\/22704","targetHints":{"allow":["GET"]}}],"collection":[{"href":"https:\/\/taktol.de\/pl\/wp-json\/wp\/v2\/product"}],"about":[{"href":"https:\/\/taktol.de\/pl\/wp-json\/wp\/v2\/types\/product"}],"version-history":[{"count":0,"href":"https:\/\/taktol.de\/pl\/wp-json\/wp\/v2\/product\/22704\/revisions"}],"wp:featuredmedia":[{"embeddable":true,"href":"https:\/\/taktol.de\/pl\/wp-json\/wp\/v2\/media\/21603"}],"wp:attachment":[{"href":"https:\/\/taktol.de\/pl\/wp-json\/wp\/v2\/media?parent=22704"}],"wp:term":[{"taxonomy":"product_brand","embeddable":true,"href":"https:\/\/taktol.de\/pl\/wp-json\/wp\/v2\/product_brand?post=22704"},{"taxonomy":"product_cat","embeddable":true,"href":"https:\/\/taktol.de\/pl\/wp-json\/wp\/v2\/product_cat?post=22704"},{"taxonomy":"product_tag","embeddable":true,"href":"https:\/\/taktol.de\/pl\/wp-json\/wp\/v2\/product_tag?post=22704"}],"curies":[{"name":"wp","href":"https:\/\/api.w.org\/{rel}","templated":true}]}}