{"id":22687,"date":"2025-04-29T11:47:19","date_gmt":"2025-04-29T11:47:19","guid":{"rendered":"https:\/\/taktol.de\/product\/taktol-megatruck-plus-10w-40\/"},"modified":"2025-04-29T14:00:00","modified_gmt":"2025-04-29T14:00:00","slug":"taktol-megatruck-plus-10w-40","status":"publish","type":"product","link":"https:\/\/taktol.de\/pl\/product\/taktol-megatruck-plus-10w-40\/","title":{"rendered":"Taktol MegaTruck Plus 10W-40"},"content":{"rendered":"<p><strong>Taktol MegaTruck Plus 10W-40<\/strong> to olej silnikowy do silnik\u00f3w diesla, z turbodo\u0142adowaniem lub bez, w ci\u0119\u017car\u00f3wkach, autobusach i maszynach. Charakteryzuje si\u0119 doskona\u0142\u0105 p\u0142ynno\u015bci\u0105 w niskich temperaturach, szybko dociera do punkt\u00f3w smarowania i zmniejsza zu\u017cycie silnika podczas rozgrzewania. Wybrane sk\u0142adniki zapewniaj\u0105 czysto\u015b\u0107 silnika. Olej umo\u017cliwia wyd\u0142u\u017cenie interwa\u0142\u00f3w wymiany i zapewnia wysok\u0105 ochron\u0119 przed zu\u017cyciem przy minimalnym zu\u017cyciu oleju i paliwa.   <\/p>\n","protected":false},"excerpt":{"rendered":"<p>Taktol MegaTruck Plus 10W-40 to olej silnikowy do silnik\u00f3w diesla, z turbodo\u0142adowaniem lub bez, w ci\u0119\u017car\u00f3wkach, autobusach i maszynach. Charakteryzuje<\/p>\n","protected":false},"featured_media":21603,"template":"","meta":[],"product_brand":[],"product_cat":[421,430],"product_tag":[],"class_list":{"0":"post-22687","1":"product","2":"type-product","3":"status-publish","4":"has-post-thumbnail","6":"product_cat-olej-silnikowy","7":"product_cat-truck-linia","8":"pa_acea-acea-e-4","9":"pa_acea-acea-e7","10":"pa_api-api-ci-4","11":"pa_application-ciezarowki-i-autobusy","12":"pa_ilsac-jaso-dh-1","13":"pa_specifications-cummins-ces-20076","14":"pa_specifications-cummins-ces-20077","15":"pa_specifications-cummins-ces-20078","16":"pa_specifications-daewoo-avia","17":"pa_specifications-daf-hp-1","18":"pa_specifications-daf-hp-2","19":"pa_specifications-ddc-93k215","20":"pa_specifications-deutz-dqc-iii-10","21":"pa_specifications-dtfr-15b120-228-5","22":"pa_specifications-iveco-18-1804-t3-e4","23":"pa_specifications-mack-eo-n","24":"pa_specifications-man-m-3277","25":"pa_specifications-mtu-typ-3","26":"pa_specifications-renault-vi-rld-2","27":"pa_specifications-renault-vi-rxd","28":"pa_specifications-scania-ldf-2","29":"pa_specifications-tatra-tds-40-16","30":"pa_specifications-tedom-258-4","31":"pa_specifications-voith-retarder-b","32":"pa_specifications-volvo-vds-3","33":"pa_specifications-zetor","34":"pa_viscosity-sae-10w-40","36":"first","37":"onbackorder","38":"shipping-taxable","39":"purchasable","40":"product-type-variable"},"_links":{"self":[{"href":"https:\/\/taktol.de\/pl\/wp-json\/wp\/v2\/product\/22687","targetHints":{"allow":["GET"]}}],"collection":[{"href":"https:\/\/taktol.de\/pl\/wp-json\/wp\/v2\/product"}],"about":[{"href":"https:\/\/taktol.de\/pl\/wp-json\/wp\/v2\/types\/product"}],"version-history":[{"count":1,"href":"https:\/\/taktol.de\/pl\/wp-json\/wp\/v2\/product\/22687\/revisions"}],"predecessor-version":[{"id":22733,"href":"https:\/\/taktol.de\/pl\/wp-json\/wp\/v2\/product\/22687\/revisions\/22733"}],"wp:featuredmedia":[{"embeddable":true,"href":"https:\/\/taktol.de\/pl\/wp-json\/wp\/v2\/media\/21603"}],"wp:attachment":[{"href":"https:\/\/taktol.de\/pl\/wp-json\/wp\/v2\/media?parent=22687"}],"wp:term":[{"taxonomy":"product_brand","embeddable":true,"href":"https:\/\/taktol.de\/pl\/wp-json\/wp\/v2\/product_brand?post=22687"},{"taxonomy":"product_cat","embeddable":true,"href":"https:\/\/taktol.de\/pl\/wp-json\/wp\/v2\/product_cat?post=22687"},{"taxonomy":"product_tag","embeddable":true,"href":"https:\/\/taktol.de\/pl\/wp-json\/wp\/v2\/product_tag?post=22687"}],"curies":[{"name":"wp","href":"https:\/\/api.w.org\/{rel}","templated":true}]}}