{"id":22653,"date":"2025-04-29T10:46:01","date_gmt":"2025-04-29T10:46:01","guid":{"rendered":"https:\/\/taktol.de\/product\/taktol-turbotruck-fe-10w-30\/"},"modified":"2025-04-29T10:46:01","modified_gmt":"2025-04-29T10:46:01","slug":"taktol-turbotruck-fe-10w-30","status":"publish","type":"product","link":"https:\/\/taktol.de\/pl\/product\/taktol-turbotruck-fe-10w-30\/","title":{"rendered":"Taktol TurboTruck FE 10W-30"},"content":{"rendered":"<p><strong>Taktol TurboTruck FE 10W-30<\/strong> &#8211; wysokiej jako\u015bci olej silnikowy do silnik\u00f3w ci\u0119\u017carowych, opracowany z wykorzystaniem technologii Mid SAPS, odpowiedni zar\u00f3wno do nowych, jak i starszych silnik\u00f3w. Poprawia wydajno\u015b\u0107, niezawodno\u015b\u0107 i czysto\u015b\u0107 silnika, jednocze\u015bnie zmniejszaj\u0105c zu\u017cycie paliwa, tarcie i zu\u017cycie. <\/p>\n","protected":false},"excerpt":{"rendered":"<p>Taktol TurboTruck FE 10W-30 &#8211; wysokiej jako\u015bci olej silnikowy do silnik\u00f3w ci\u0119\u017carowych, opracowany z wykorzystaniem technologii Mid SAPS, odpowiedni zar\u00f3wno<\/p>\n","protected":false},"featured_media":21603,"template":"","meta":[],"product_brand":[],"product_cat":[421,430],"product_tag":[],"class_list":{"0":"post-22653","1":"product","2":"type-product","3":"status-publish","4":"has-post-thumbnail","6":"product_cat-olej-silnikowy","7":"product_cat-truck-linia","8":"pa_acea-acea-e11","9":"pa_acea-acea-e6","10":"pa_acea-acea-e7","11":"pa_acea-acea-e8","12":"pa_acea-acea-e9","13":"pa_api-api-ck-4-sn","14":"pa_application-ciezarowki-i-autobusy","15":"pa_specifications-caterpillar-ecf-1","16":"pa_specifications-caterpillar-ecf-2","17":"pa_specifications-caterpillar-ecf-3","18":"pa_specifications-cummins-ces-20081","19":"pa_specifications-cummins-ces-20086","20":"pa_specifications-ddc-93k218","21":"pa_specifications-ddc93k222","22":"pa_specifications-deutz-dqc-iv-10-la","23":"pa_specifications-dtfr-15c100-228-31","24":"pa_specifications-dtfr-15c110-228-51","25":"pa_specifications-mack-eos-4-5","26":"pa_specifications-man-m-3275","27":"pa_specifications-man-m-3477","28":"pa_specifications-man-m-3575","29":"pa_specifications-mtu-type-3-1","30":"pa_specifications-renault-vi-rld-4","31":"pa_specifications-volvo-vds-4","32":"pa_specifications-volvo-vds-4-5","33":"pa_viscosity-sae-10w-30","35":"first","36":"onbackorder","37":"shipping-taxable","38":"purchasable","39":"product-type-variable"},"_links":{"self":[{"href":"https:\/\/taktol.de\/pl\/wp-json\/wp\/v2\/product\/22653","targetHints":{"allow":["GET"]}}],"collection":[{"href":"https:\/\/taktol.de\/pl\/wp-json\/wp\/v2\/product"}],"about":[{"href":"https:\/\/taktol.de\/pl\/wp-json\/wp\/v2\/types\/product"}],"version-history":[{"count":0,"href":"https:\/\/taktol.de\/pl\/wp-json\/wp\/v2\/product\/22653\/revisions"}],"wp:featuredmedia":[{"embeddable":true,"href":"https:\/\/taktol.de\/pl\/wp-json\/wp\/v2\/media\/21603"}],"wp:attachment":[{"href":"https:\/\/taktol.de\/pl\/wp-json\/wp\/v2\/media?parent=22653"}],"wp:term":[{"taxonomy":"product_brand","embeddable":true,"href":"https:\/\/taktol.de\/pl\/wp-json\/wp\/v2\/product_brand?post=22653"},{"taxonomy":"product_cat","embeddable":true,"href":"https:\/\/taktol.de\/pl\/wp-json\/wp\/v2\/product_cat?post=22653"},{"taxonomy":"product_tag","embeddable":true,"href":"https:\/\/taktol.de\/pl\/wp-json\/wp\/v2\/product_tag?post=22653"}],"curies":[{"name":"wp","href":"https:\/\/api.w.org\/{rel}","templated":true}]}}