{"id":22636,"date":"2025-04-29T10:28:54","date_gmt":"2025-04-29T10:28:54","guid":{"rendered":"https:\/\/taktol.de\/product\/taktol-speccargo-ls-plus-5w-30\/"},"modified":"2025-04-29T14:02:57","modified_gmt":"2025-04-29T14:02:57","slug":"taktol-speccargo-ls-plus-5w-30","status":"publish","type":"product","link":"https:\/\/taktol.de\/pl\/product\/taktol-speccargo-ls-plus-5w-30\/","title":{"rendered":"Taktol SpecCargo LS Plus 5W-30"},"content":{"rendered":"<p> <strong> Taktol SpecCargo LS Plus 5W-30<\/strong> to syntetyczny, paliwooszcz\u0119dny olej silnikowy olej silnikowy typu Low SAPS, oparty na wysokiej jako\u015bci bazach olejowych i dodatkach. Przeznaczony do silnik\u00f3w wysokopr\u0119\u017cnych pracuj\u0105cych w ekstremalnych warunkach. Odpowiedni dla norm EURO IV, V i VI, zar\u00f3wno z filtrami cz\u0105stek sta\u0142ych, jak i bez nich. Zapewnia szybkie smarowanie przy zimnym rozruchu oraz skuteczn\u0105 ochron\u0119 silnika w wysokich temperaturach.  <\/p>\n","protected":false},"excerpt":{"rendered":"<p>Taktol SpecCargo LS Plus 5W-30 to syntetyczny, paliwooszcz\u0119dny olej silnikowy olej silnikowy typu Low SAPS, oparty na wysokiej jako\u015bci bazach<\/p>\n","protected":false},"featured_media":21603,"template":"","meta":[],"product_brand":[],"product_cat":[421,430],"product_tag":[],"class_list":{"0":"post-22636","1":"product","2":"type-product","3":"status-publish","4":"has-post-thumbnail","6":"product_cat-olej-silnikowy","7":"product_cat-truck-linia","8":"pa_acea-acea-e11","9":"pa_acea-acea-e6","10":"pa_acea-acea-e7","11":"pa_acea-acea-e8","12":"pa_acea-acea-e9","13":"pa_api-api-ck-4-sn","14":"pa_application-ciezarowki-i-autobusy","15":"pa_ilsac-jaso-dh-2","16":"pa_specifications-caterpillar-ecf-3","17":"pa_specifications-cummins-ces-20081","18":"pa_specifications-cummins-ces-20086","19":"pa_specifications-daf-extended-drain","20":"pa_specifications-ddc-93k218","21":"pa_specifications-ddc93k222","22":"pa_specifications-deutz-dqc-iv-10-la","23":"pa_specifications-deutz-dqc-iv-18-la","24":"pa_specifications-dtfr-15c100-228-31","25":"pa_specifications-dtfr-15c110-228-51","26":"pa_specifications-ford-wss-m2c213-a1","27":"pa_specifications-mack-eos-4-5","28":"pa_specifications-man-m-3271-1","29":"pa_specifications-man-m-3277","30":"pa_specifications-man-m-3477","31":"pa_specifications-man-m-3677","32":"pa_specifications-mb-226-9","33":"pa_specifications-mtu-type-3-1","34":"pa_specifications-renault-rld-3","35":"pa_specifications-scania-ldf-4","36":"pa_specifications-voith-retarder-b","37":"pa_specifications-volvo-vds-4-5","38":"pa_viscosity-sae-5w-30","40":"first","41":"onbackorder","42":"shipping-taxable","43":"purchasable","44":"product-type-variable"},"_links":{"self":[{"href":"https:\/\/taktol.de\/pl\/wp-json\/wp\/v2\/product\/22636","targetHints":{"allow":["GET"]}}],"collection":[{"href":"https:\/\/taktol.de\/pl\/wp-json\/wp\/v2\/product"}],"about":[{"href":"https:\/\/taktol.de\/pl\/wp-json\/wp\/v2\/types\/product"}],"version-history":[{"count":1,"href":"https:\/\/taktol.de\/pl\/wp-json\/wp\/v2\/product\/22636\/revisions"}],"predecessor-version":[{"id":22739,"href":"https:\/\/taktol.de\/pl\/wp-json\/wp\/v2\/product\/22636\/revisions\/22739"}],"wp:featuredmedia":[{"embeddable":true,"href":"https:\/\/taktol.de\/pl\/wp-json\/wp\/v2\/media\/21603"}],"wp:attachment":[{"href":"https:\/\/taktol.de\/pl\/wp-json\/wp\/v2\/media?parent=22636"}],"wp:term":[{"taxonomy":"product_brand","embeddable":true,"href":"https:\/\/taktol.de\/pl\/wp-json\/wp\/v2\/product_brand?post=22636"},{"taxonomy":"product_cat","embeddable":true,"href":"https:\/\/taktol.de\/pl\/wp-json\/wp\/v2\/product_cat?post=22636"},{"taxonomy":"product_tag","embeddable":true,"href":"https:\/\/taktol.de\/pl\/wp-json\/wp\/v2\/product_tag?post=22636"}],"curies":[{"name":"wp","href":"https:\/\/api.w.org\/{rel}","templated":true}]}}