{"id":22612,"date":"2025-04-28T13:36:38","date_gmt":"2025-04-28T13:36:38","guid":{"rendered":"https:\/\/taktol.de\/product\/taktol-m-turbo-20w-50\/"},"modified":"2025-04-28T13:36:38","modified_gmt":"2025-04-28T13:36:38","slug":"taktol-m-turbo-20w-50","status":"publish","type":"product","link":"https:\/\/taktol.de\/pl\/product\/taktol-m-turbo-20w-50\/","title":{"rendered":"Taktol M-Turbo 20W-50"},"content":{"rendered":"<p><strong>Taktol M-Turbo 20W-50 <\/strong>to wysokiej jako\u015bci olej silnikowy przeznaczony do silnik\u00f3w benzynowych i wysokopr\u0119\u017cnych, z turbodo\u0142adowaniem lub bez, a tak\u017ce do silnik\u00f3w pojazd\u00f3w ci\u0119\u017carowych. Olej umo\u017cliwia wyd\u0142u\u017cenie interwa\u0142\u00f3w wymiany oleju zgodnie z zaleceniami producenta. Charakteryzuje si\u0119 doskona\u0142ymi w\u0142a\u015bciwo\u015bciami rozruchu na zimno oraz skutecznie minimalizuje zu\u017cycie paliwa, tarcie i zu\u017cycie silnika. Zapewnia niezawodn\u0105 ochron\u0119 silnika i d\u0142ugowieczno\u015b\u0107, nawet w trudnych warunkach eksploatacji.   <\/p>\n","protected":false},"excerpt":{"rendered":"<p>Taktol M-Turbo 20W-50 to wysokiej jako\u015bci olej silnikowy przeznaczony do silnik\u00f3w benzynowych i wysokopr\u0119\u017cnych, z turbodo\u0142adowaniem lub bez, a tak\u017ce<\/p>\n","protected":false},"featured_media":21603,"template":"","meta":[],"product_brand":[],"product_cat":[421,430],"product_tag":[],"class_list":{"0":"post-22612","1":"product","2":"type-product","3":"status-publish","4":"has-post-thumbnail","6":"product_cat-olej-silnikowy","7":"product_cat-truck-linia","8":"pa_acea-acea-a3-b4","9":"pa_acea-acea-e2","10":"pa_api-api-ch-4","11":"pa_api-api-sl-cf","12":"pa_application-ciezarowki-i-autobusy","13":"pa_application-samochod-osobowy","14":"pa_specifications-cummins-ces-20071","15":"pa_specifications-deutz-dqc-ii-10","16":"pa_specifications-mack-eo-m","17":"pa_specifications-man-271","18":"pa_specifications-mb-228-1","19":"pa_specifications-mb-229-1","20":"pa_specifications-mtu-type-1","21":"pa_specifications-volvo-vds","22":"pa_specifications-vw-501-01-505-00","23":"pa_viscosity-sae-20w-50","25":"first","26":"onbackorder","27":"shipping-taxable","28":"purchasable","29":"product-type-variable"},"_links":{"self":[{"href":"https:\/\/taktol.de\/pl\/wp-json\/wp\/v2\/product\/22612","targetHints":{"allow":["GET"]}}],"collection":[{"href":"https:\/\/taktol.de\/pl\/wp-json\/wp\/v2\/product"}],"about":[{"href":"https:\/\/taktol.de\/pl\/wp-json\/wp\/v2\/types\/product"}],"version-history":[{"count":0,"href":"https:\/\/taktol.de\/pl\/wp-json\/wp\/v2\/product\/22612\/revisions"}],"wp:featuredmedia":[{"embeddable":true,"href":"https:\/\/taktol.de\/pl\/wp-json\/wp\/v2\/media\/21603"}],"wp:attachment":[{"href":"https:\/\/taktol.de\/pl\/wp-json\/wp\/v2\/media?parent=22612"}],"wp:term":[{"taxonomy":"product_brand","embeddable":true,"href":"https:\/\/taktol.de\/pl\/wp-json\/wp\/v2\/product_brand?post=22612"},{"taxonomy":"product_cat","embeddable":true,"href":"https:\/\/taktol.de\/pl\/wp-json\/wp\/v2\/product_cat?post=22612"},{"taxonomy":"product_tag","embeddable":true,"href":"https:\/\/taktol.de\/pl\/wp-json\/wp\/v2\/product_tag?post=22612"}],"curies":[{"name":"wp","href":"https:\/\/api.w.org\/{rel}","templated":true}]}}