{"id":22597,"date":"2025-04-28T13:54:16","date_gmt":"2025-04-28T13:54:16","guid":{"rendered":"https:\/\/taktol.de\/product\/taktol-sm-turbo-20w-50\/"},"modified":"2025-04-28T13:54:16","modified_gmt":"2025-04-28T13:54:16","slug":"taktol-sm-turbo-20w-50","status":"publish","type":"product","link":"https:\/\/taktol.de\/pl\/product\/taktol-sm-turbo-20w-50\/","title":{"rendered":"Taktol SM-Turbo 20W-50"},"content":{"rendered":"<p class=\"\" data-start=\"432\" data-end=\"901\"><strong>Taktol SM-Turbo 20W-50<\/strong> to p\u00f3\u0142syntetyczny olej silnikowy odpowiedni do silnik\u00f3w benzynowych i wysokopr\u0119\u017cnych samochod\u00f3w osobowych, z turbodo\u0142adowaniem lub bez, a tak\u017ce do silnik\u00f3w pojazd\u00f3w ci\u0119\u017carowych. Umo\u017cliwia wyd\u0142u\u017cenie interwa\u0142\u00f3w wymiany oleju zgodnie z zaleceniami producenta. Olej charakteryzuje si\u0119 doskona\u0142ymi w\u0142a\u015bciwo\u015bciami rozruchu na zimno oraz skutecznie minimalizuje zu\u017cycie paliwa, tarcie i zu\u017cycie silnika. Zapewnia niezawodn\u0105 i trwa\u0142\u0105 ochron\u0119 silnika w trudnych warunkach.   <\/p>\n","protected":false},"excerpt":{"rendered":"<p>Taktol SM-Turbo 20W-50 to p\u00f3\u0142syntetyczny olej silnikowy odpowiedni do silnik\u00f3w benzynowych i wysokopr\u0119\u017cnych samochod\u00f3w osobowych, z turbodo\u0142adowaniem lub bez, a<\/p>\n","protected":false},"featured_media":21603,"template":"","meta":[],"product_brand":[],"product_cat":[421,430],"product_tag":[],"class_list":{"0":"post-22597","1":"product","2":"type-product","3":"status-publish","4":"has-post-thumbnail","6":"product_cat-olej-silnikowy","7":"product_cat-truck-linia","8":"pa_acea-acea-a3-b4","9":"pa_acea-acea-e2","10":"pa_api-api-sl-cf","11":"pa_application-ciezarowki-i-autobusy","12":"pa_application-samochod-osobowy","13":"pa_specifications-man-271","14":"pa_specifications-mb-228-1","15":"pa_specifications-mb-229-1","16":"pa_specifications-mtu","17":"pa_specifications-volvo-vds","18":"pa_specifications-vw-505-00","19":"pa_viscosity-sae-20w-50","21":"first","22":"onbackorder","23":"shipping-taxable","24":"purchasable","25":"product-type-variable"},"_links":{"self":[{"href":"https:\/\/taktol.de\/pl\/wp-json\/wp\/v2\/product\/22597","targetHints":{"allow":["GET"]}}],"collection":[{"href":"https:\/\/taktol.de\/pl\/wp-json\/wp\/v2\/product"}],"about":[{"href":"https:\/\/taktol.de\/pl\/wp-json\/wp\/v2\/types\/product"}],"version-history":[{"count":0,"href":"https:\/\/taktol.de\/pl\/wp-json\/wp\/v2\/product\/22597\/revisions"}],"wp:featuredmedia":[{"embeddable":true,"href":"https:\/\/taktol.de\/pl\/wp-json\/wp\/v2\/media\/21603"}],"wp:attachment":[{"href":"https:\/\/taktol.de\/pl\/wp-json\/wp\/v2\/media?parent=22597"}],"wp:term":[{"taxonomy":"product_brand","embeddable":true,"href":"https:\/\/taktol.de\/pl\/wp-json\/wp\/v2\/product_brand?post=22597"},{"taxonomy":"product_cat","embeddable":true,"href":"https:\/\/taktol.de\/pl\/wp-json\/wp\/v2\/product_cat?post=22597"},{"taxonomy":"product_tag","embeddable":true,"href":"https:\/\/taktol.de\/pl\/wp-json\/wp\/v2\/product_tag?post=22597"}],"curies":[{"name":"wp","href":"https:\/\/api.w.org\/{rel}","templated":true}]}}