{"id":22567,"date":"2025-04-28T13:19:30","date_gmt":"2025-04-28T13:19:30","guid":{"rendered":"https:\/\/taktol.de\/product\/taktol-mixfleet-15w-40\/"},"modified":"2025-04-28T13:19:30","modified_gmt":"2025-04-28T13:19:30","slug":"taktol-mixfleet-15w-40","status":"publish","type":"product","link":"https:\/\/taktol.de\/pl\/product\/taktol-mixfleet-15w-40\/","title":{"rendered":"Taktol MixFleet 15W-40"},"content":{"rendered":"<p class=\"\" data-start=\"98\" data-end=\"496\"><strong>Taktol MixFleet 15W-40<\/strong> &#8211; wysokiej jako\u015bci olej silnikowy przeznaczony do silnik\u00f3w wysokopr\u0119\u017cnych w samochodach osobowych i ci\u0119\u017carowych, z turbodo\u0142adowaniem lub bez niego. Nadaje si\u0119 do stosowania przez ca\u0142y rok we wszystkich typach silnik\u00f3w. Olej minimalizuje tarcie, zu\u017cycie i zu\u017cycie paliwa, zapewniaj\u0105c doskona\u0142e w\u0142a\u015bciwo\u015bci rozruchu na zimno. Umo\u017cliwia r\u00f3wnie\u017c wyd\u0142u\u017cenie interwa\u0142\u00f3w wymiany oleju zgodnie z zaleceniami producenta.   <\/p>\n","protected":false},"excerpt":{"rendered":"<p>Taktol MixFleet 15W-40 &#8211; wysokiej jako\u015bci olej silnikowy przeznaczony do silnik\u00f3w wysokopr\u0119\u017cnych w samochodach osobowych i ci\u0119\u017carowych, z turbodo\u0142adowaniem lub<\/p>\n","protected":false},"featured_media":21603,"template":"","meta":[],"product_brand":[],"product_cat":[421,430],"product_tag":[],"class_list":{"0":"post-22567","1":"product","2":"type-product","3":"status-publish","4":"has-post-thumbnail","6":"product_cat-olej-silnikowy","7":"product_cat-truck-linia","8":"pa_acea-acea-a3-b4","9":"pa_acea-acea-e3","10":"pa_acea-acea-e5","11":"pa_acea-acea-e7","12":"pa_api-api-ci-4-sl","13":"pa_application-ciezarowki-i-autobusy","14":"pa_application-samochod-osobowy","15":"pa_specifications-allison-c-4","16":"pa_specifications-caterpillar-ecf-1a","17":"pa_specifications-caterpillar-ecf-2","18":"pa_specifications-caterpillar-to-2","19":"pa_specifications-cummins-ces-20071","20":"pa_specifications-cummins-ces-20072","21":"pa_specifications-cummins-ces-20076","22":"pa_specifications-cummins-ces-20077","23":"pa_specifications-cummins-ces-20078","24":"pa_specifications-ddc-93k215","25":"pa_specifications-deutz-dqc-iii-18","26":"pa_specifications-dtfr-15b110-228-3","27":"pa_specifications-global-dhd-1","28":"pa_specifications-iveco-18-1804-t2-e7","29":"pa_specifications-jaso-dh-1","30":"pa_specifications-mack-eo-n","31":"pa_specifications-man-m-3275-1","32":"pa_specifications-mb-228-1","33":"pa_specifications-mb-229-1","34":"pa_specifications-mtu-type-2","35":"pa_specifications-renault-vi-rld-2","36":"pa_specifications-volvo-vds-3","37":"pa_viscosity-sae-15w-40","39":"first","40":"onbackorder","41":"shipping-taxable","42":"purchasable","43":"product-type-variable"},"_links":{"self":[{"href":"https:\/\/taktol.de\/pl\/wp-json\/wp\/v2\/product\/22567","targetHints":{"allow":["GET"]}}],"collection":[{"href":"https:\/\/taktol.de\/pl\/wp-json\/wp\/v2\/product"}],"about":[{"href":"https:\/\/taktol.de\/pl\/wp-json\/wp\/v2\/types\/product"}],"version-history":[{"count":0,"href":"https:\/\/taktol.de\/pl\/wp-json\/wp\/v2\/product\/22567\/revisions"}],"wp:featuredmedia":[{"embeddable":true,"href":"https:\/\/taktol.de\/pl\/wp-json\/wp\/v2\/media\/21603"}],"wp:attachment":[{"href":"https:\/\/taktol.de\/pl\/wp-json\/wp\/v2\/media?parent=22567"}],"wp:term":[{"taxonomy":"product_brand","embeddable":true,"href":"https:\/\/taktol.de\/pl\/wp-json\/wp\/v2\/product_brand?post=22567"},{"taxonomy":"product_cat","embeddable":true,"href":"https:\/\/taktol.de\/pl\/wp-json\/wp\/v2\/product_cat?post=22567"},{"taxonomy":"product_tag","embeddable":true,"href":"https:\/\/taktol.de\/pl\/wp-json\/wp\/v2\/product_tag?post=22567"}],"curies":[{"name":"wp","href":"https:\/\/api.w.org\/{rel}","templated":true}]}}