{"id":22541,"date":"2025-04-28T12:44:36","date_gmt":"2025-04-28T12:44:36","guid":{"rendered":"https:\/\/taktol.de\/product\/taktol-praktik-sl-15w-40\/"},"modified":"2025-04-28T12:44:36","modified_gmt":"2025-04-28T12:44:36","slug":"taktol-praktik-sl-15w-40","status":"publish","type":"product","link":"https:\/\/taktol.de\/pl\/product\/taktol-praktik-sl-15w-40\/","title":{"rendered":"Taktol Praktik SL 15W-40"},"content":{"rendered":"<p><strong>Taktol Praktik SL 15W-40<\/strong> &#8211; p\u00f3\u0142syntetyczny olej silnikowy o wysokiej wydajno\u015bci, przeznaczony do silnik\u00f3w z ga\u017anikiem i wysokopr\u0119\u017cnych z turbodo\u0142adowaniem lub bez niego oraz z bezpo\u015brednim wtryskiem paliwa. Zapewnia doskona\u0142e w\u0142a\u015bciwo\u015bci rozruchu na zimno oraz minimalizuje zu\u017cycie paliwa, tarcie i zu\u017cycie silnika. Olej umo\u017cliwia wyd\u0142u\u017cenie interwa\u0142\u00f3w wymiany oleju zgodnie z zaleceniami producenta, zapewniaj\u0105c niezawodn\u0105 i wydajn\u0105 prac\u0119 silnika.  <\/p>\n","protected":false},"excerpt":{"rendered":"<p>Taktol Praktik SL 15W-40 &#8211; p\u00f3\u0142syntetyczny olej silnikowy o wysokiej wydajno\u015bci, przeznaczony do silnik\u00f3w z ga\u017anikiem i wysokopr\u0119\u017cnych z turbodo\u0142adowaniem<\/p>\n","protected":false},"featured_media":21603,"template":"","meta":[],"product_brand":[],"product_cat":[421,427],"product_tag":[],"class_list":{"0":"post-22541","1":"product","2":"type-product","3":"status-publish","4":"has-post-thumbnail","6":"product_cat-olej-silnikowy","7":"product_cat-praktik-linia","8":"pa_acea-acea-a3-b4","9":"pa_api-api-sl-cf","10":"pa_application-samochod-osobowy","11":"pa_specifications-fiat-9-55535-d2","12":"pa_specifications-fiat-9-55535-g2","13":"pa_specifications-mb-229-1","14":"pa_specifications-vw-501-01-505-00","15":"pa_viscosity-sae-15w-40","17":"first","18":"onbackorder","19":"shipping-taxable","20":"purchasable","21":"product-type-variable"},"_links":{"self":[{"href":"https:\/\/taktol.de\/pl\/wp-json\/wp\/v2\/product\/22541","targetHints":{"allow":["GET"]}}],"collection":[{"href":"https:\/\/taktol.de\/pl\/wp-json\/wp\/v2\/product"}],"about":[{"href":"https:\/\/taktol.de\/pl\/wp-json\/wp\/v2\/types\/product"}],"version-history":[{"count":0,"href":"https:\/\/taktol.de\/pl\/wp-json\/wp\/v2\/product\/22541\/revisions"}],"wp:featuredmedia":[{"embeddable":true,"href":"https:\/\/taktol.de\/pl\/wp-json\/wp\/v2\/media\/21603"}],"wp:attachment":[{"href":"https:\/\/taktol.de\/pl\/wp-json\/wp\/v2\/media?parent=22541"}],"wp:term":[{"taxonomy":"product_brand","embeddable":true,"href":"https:\/\/taktol.de\/pl\/wp-json\/wp\/v2\/product_brand?post=22541"},{"taxonomy":"product_cat","embeddable":true,"href":"https:\/\/taktol.de\/pl\/wp-json\/wp\/v2\/product_cat?post=22541"},{"taxonomy":"product_tag","embeddable":true,"href":"https:\/\/taktol.de\/pl\/wp-json\/wp\/v2\/product_tag?post=22541"}],"curies":[{"name":"wp","href":"https:\/\/api.w.org\/{rel}","templated":true}]}}