{"id":22516,"date":"2025-04-28T12:34:06","date_gmt":"2025-04-28T12:34:06","guid":{"rendered":"https:\/\/taktol.de\/product\/taktol-expert-universal-10w-30\/"},"modified":"2025-04-28T12:34:06","modified_gmt":"2025-04-28T12:34:06","slug":"taktol-expert-universal-10w-30","status":"publish","type":"product","link":"https:\/\/taktol.de\/pl\/product\/taktol-expert-universal-10w-30\/","title":{"rendered":"Taktol Expert Universal 10W-30"},"content":{"rendered":"<p><strong>Taktol Expert Universal 10W-30<\/strong> to syntetyczny olej silnikowy o wysokiej wydajno\u015bci, przeznaczony do silnik\u00f3w benzynowych i wysokopr\u0119\u017cnych z turbodo\u0142adowaniem lub bez niego oraz z bezpo\u015brednim wtryskiem paliwa. Zapewnia doskona\u0142e w\u0142a\u015bciwo\u015bci rozruchu na zimno oraz minimalizuje zu\u017cycie paliwa, tarcie i zu\u017cycie silnika. Olej umo\u017cliwia wyd\u0142u\u017cenie interwa\u0142\u00f3w wymiany oleju zgodnie z zaleceniami producenta.  <\/p>\n","protected":false},"excerpt":{"rendered":"<p>Taktol Expert Universal 10W-30 to syntetyczny olej silnikowy o wysokiej wydajno\u015bci, przeznaczony do silnik\u00f3w benzynowych i wysokopr\u0119\u017cnych z turbodo\u0142adowaniem lub<\/p>\n","protected":false},"featured_media":21603,"template":"","meta":[],"product_brand":[],"product_cat":[424,421],"product_tag":[],"class_list":{"0":"post-22516","1":"product","2":"type-product","3":"status-publish","4":"has-post-thumbnail","6":"product_cat-expert-linia","7":"product_cat-olej-silnikowy","8":"pa_acea-acea-a3-b4","9":"pa_api-api-sn-cf","10":"pa_application-samochod-osobowy","11":"pa_specifications-mb-229-1","12":"pa_viscosity-sae-10w-30","14":"first","15":"onbackorder","16":"shipping-taxable","17":"purchasable","18":"product-type-variable"},"_links":{"self":[{"href":"https:\/\/taktol.de\/pl\/wp-json\/wp\/v2\/product\/22516","targetHints":{"allow":["GET"]}}],"collection":[{"href":"https:\/\/taktol.de\/pl\/wp-json\/wp\/v2\/product"}],"about":[{"href":"https:\/\/taktol.de\/pl\/wp-json\/wp\/v2\/types\/product"}],"version-history":[{"count":0,"href":"https:\/\/taktol.de\/pl\/wp-json\/wp\/v2\/product\/22516\/revisions"}],"wp:featuredmedia":[{"embeddable":true,"href":"https:\/\/taktol.de\/pl\/wp-json\/wp\/v2\/media\/21603"}],"wp:attachment":[{"href":"https:\/\/taktol.de\/pl\/wp-json\/wp\/v2\/media?parent=22516"}],"wp:term":[{"taxonomy":"product_brand","embeddable":true,"href":"https:\/\/taktol.de\/pl\/wp-json\/wp\/v2\/product_brand?post=22516"},{"taxonomy":"product_cat","embeddable":true,"href":"https:\/\/taktol.de\/pl\/wp-json\/wp\/v2\/product_cat?post=22516"},{"taxonomy":"product_tag","embeddable":true,"href":"https:\/\/taktol.de\/pl\/wp-json\/wp\/v2\/product_tag?post=22516"}],"curies":[{"name":"wp","href":"https:\/\/api.w.org\/{rel}","templated":true}]}}