{"id":22489,"date":"2025-04-28T11:56:24","date_gmt":"2025-04-28T11:56:24","guid":{"rendered":"https:\/\/taktol.de\/product\/taktol-praktik-sn-10w-40\/"},"modified":"2025-04-28T11:56:24","modified_gmt":"2025-04-28T11:56:24","slug":"taktol-praktik-sn-10w-40","status":"publish","type":"product","link":"https:\/\/taktol.de\/pl\/product\/taktol-praktik-sn-10w-40\/","title":{"rendered":"Taktol Praktik SN 10W-40"},"content":{"rendered":"<p><strong>Taktol Praktik SN 10W-40<\/strong> to p\u00f3\u0142syntetyczny olej silnikowy do silnik\u00f3w z turbodo\u0142adowaniem lub bez niego oraz z bezpo\u015brednim wtryskiem paliwa. Zapewnia dobre w\u0142a\u015bciwo\u015bci rozruchu na zimno, zmniejsza zu\u017cycie paliwa, tarcie i zu\u017cycie oraz umo\u017cliwia wyd\u0142u\u017cenie interwa\u0142\u00f3w wymiany oleju zgodnie z zaleceniami producenta. <\/p>\n","protected":false},"excerpt":{"rendered":"<p>Taktol Praktik SN 10W-40 to p\u00f3\u0142syntetyczny olej silnikowy do silnik\u00f3w z turbodo\u0142adowaniem lub bez niego oraz z bezpo\u015brednim wtryskiem paliwa.<\/p>\n","protected":false},"featured_media":21603,"template":"","meta":[],"product_brand":[],"product_cat":[421,427],"product_tag":[],"class_list":{"0":"post-22489","1":"product","2":"type-product","3":"status-publish","4":"has-post-thumbnail","6":"product_cat-olej-silnikowy","7":"product_cat-praktik-linia","8":"pa_api-api-sn-cf","9":"pa_application-samochod-osobowy","10":"pa_viscosity-sae-10w-40","12":"first","13":"onbackorder","14":"shipping-taxable","15":"purchasable","16":"product-type-variable"},"_links":{"self":[{"href":"https:\/\/taktol.de\/pl\/wp-json\/wp\/v2\/product\/22489","targetHints":{"allow":["GET"]}}],"collection":[{"href":"https:\/\/taktol.de\/pl\/wp-json\/wp\/v2\/product"}],"about":[{"href":"https:\/\/taktol.de\/pl\/wp-json\/wp\/v2\/types\/product"}],"version-history":[{"count":0,"href":"https:\/\/taktol.de\/pl\/wp-json\/wp\/v2\/product\/22489\/revisions"}],"wp:featuredmedia":[{"embeddable":true,"href":"https:\/\/taktol.de\/pl\/wp-json\/wp\/v2\/media\/21603"}],"wp:attachment":[{"href":"https:\/\/taktol.de\/pl\/wp-json\/wp\/v2\/media?parent=22489"}],"wp:term":[{"taxonomy":"product_brand","embeddable":true,"href":"https:\/\/taktol.de\/pl\/wp-json\/wp\/v2\/product_brand?post=22489"},{"taxonomy":"product_cat","embeddable":true,"href":"https:\/\/taktol.de\/pl\/wp-json\/wp\/v2\/product_cat?post=22489"},{"taxonomy":"product_tag","embeddable":true,"href":"https:\/\/taktol.de\/pl\/wp-json\/wp\/v2\/product_tag?post=22489"}],"curies":[{"name":"wp","href":"https:\/\/api.w.org\/{rel}","templated":true}]}}