{"id":22455,"date":"2025-04-27T15:12:29","date_gmt":"2025-04-27T15:12:29","guid":{"rendered":"https:\/\/taktol.de\/product\/taktol-expert-hcs-10w-40\/"},"modified":"2025-04-27T15:12:29","modified_gmt":"2025-04-27T15:12:29","slug":"taktol-expert-hcs-10w-40","status":"publish","type":"product","link":"https:\/\/taktol.de\/pl\/product\/taktol-expert-hcs-10w-40\/","title":{"rendered":"Taktol Expert HCS 10W-40"},"content":{"rendered":"<p><strong>Taktol Expert HCS 10W-40<\/strong> to p\u00f3\u0142syntetyczny olej silnikowy do silnik\u00f3w benzynowych i wysokopr\u0119\u017cnych z turbodo\u0142adowaniem lub bez niego oraz z bezpo\u015brednim wtryskiem paliwa. Zapewnia niezawodne smarowanie w r\u00f3\u017cnych warunkach pracy, umo\u017cliwia wyd\u0142u\u017cenie interwa\u0142\u00f3w wymiany oleju zgodnie z zaleceniami producenta, poprawia rozruch na zimno oraz zmniejsza zu\u017cycie paliwa, tarcie i zu\u017cycie silnika. <\/p>\n","protected":false},"excerpt":{"rendered":"<p>Taktol Expert HCS 10W-40 to p\u00f3\u0142syntetyczny olej silnikowy do silnik\u00f3w benzynowych i wysokopr\u0119\u017cnych z turbodo\u0142adowaniem lub bez niego oraz z<\/p>\n","protected":false},"featured_media":21603,"template":"","meta":[],"product_brand":[],"product_cat":[424,421],"product_tag":[],"class_list":{"0":"post-22455","1":"product","2":"type-product","3":"status-publish","4":"has-post-thumbnail","6":"product_cat-expert-linia","7":"product_cat-olej-silnikowy","8":"pa_acea-acea-a3-b4","9":"pa_api-api-sm-cf","10":"pa_application-samochod-osobowy","11":"pa_specifications-bmw-special-oil","12":"pa_specifications-fiat-9-55535-d2","13":"pa_specifications-fiat-9-55535-g2","14":"pa_specifications-mb-229-1","15":"pa_specifications-psa-b71-2294","16":"pa_specifications-vw-501-01-505-00","17":"pa_viscosity-sae-10w-40","19":"first","20":"onbackorder","21":"shipping-taxable","22":"purchasable","23":"product-type-variable"},"_links":{"self":[{"href":"https:\/\/taktol.de\/pl\/wp-json\/wp\/v2\/product\/22455","targetHints":{"allow":["GET"]}}],"collection":[{"href":"https:\/\/taktol.de\/pl\/wp-json\/wp\/v2\/product"}],"about":[{"href":"https:\/\/taktol.de\/pl\/wp-json\/wp\/v2\/types\/product"}],"version-history":[{"count":0,"href":"https:\/\/taktol.de\/pl\/wp-json\/wp\/v2\/product\/22455\/revisions"}],"wp:featuredmedia":[{"embeddable":true,"href":"https:\/\/taktol.de\/pl\/wp-json\/wp\/v2\/media\/21603"}],"wp:attachment":[{"href":"https:\/\/taktol.de\/pl\/wp-json\/wp\/v2\/media?parent=22455"}],"wp:term":[{"taxonomy":"product_brand","embeddable":true,"href":"https:\/\/taktol.de\/pl\/wp-json\/wp\/v2\/product_brand?post=22455"},{"taxonomy":"product_cat","embeddable":true,"href":"https:\/\/taktol.de\/pl\/wp-json\/wp\/v2\/product_cat?post=22455"},{"taxonomy":"product_tag","embeddable":true,"href":"https:\/\/taktol.de\/pl\/wp-json\/wp\/v2\/product_tag?post=22455"}],"curies":[{"name":"wp","href":"https:\/\/api.w.org\/{rel}","templated":true}]}}