{"id":22426,"date":"2025-04-27T14:47:14","date_gmt":"2025-04-27T14:47:14","guid":{"rendered":"https:\/\/taktol.de\/product\/taktol-ultra-rs-5w-50\/"},"modified":"2025-04-27T14:47:14","modified_gmt":"2025-04-27T14:47:14","slug":"taktol-ultra-rs-5w-50","status":"publish","type":"product","link":"https:\/\/taktol.de\/pl\/product\/taktol-ultra-rs-5w-50\/","title":{"rendered":"Taktol Ultra RS 5W-50"},"content":{"rendered":"<p><strong>Taktol Ultra RS 5W-50 <\/strong>to syntetyczny, wielosezonowy olej silnikowy przeznaczony do nowoczesnych silnik\u00f3w benzynowych pracuj\u0105cych pod wysokimi obci\u0105\u017ceniami termicznymi i mechanicznymi. Zapewnia stabilny film smarny w podwy\u017cszonych temperaturach i zosta\u0142 opracowany tak, aby sprosta\u0107 wymaganiom intensywnej eksploatacji silnika <\/p>\n","protected":false},"excerpt":{"rendered":"<p>Taktol Ultra RS 5W-50 to syntetyczny, wielosezonowy olej silnikowy przeznaczony do nowoczesnych silnik\u00f3w benzynowych pracuj\u0105cych pod wysokimi obci\u0105\u017ceniami termicznymi i<\/p>\n","protected":false},"featured_media":21603,"template":"","meta":[],"product_brand":[],"product_cat":[421,433],"product_tag":[],"class_list":{"0":"post-22426","1":"product","2":"type-product","3":"status-publish","4":"has-post-thumbnail","6":"product_cat-olej-silnikowy","7":"product_cat-ultra-linia","8":"pa_acea-acea-a3-b4","9":"pa_api-api-sn-cf","10":"pa_application-samochod-osobowy","11":"pa_specifications-mb-229-1","12":"pa_specifications-mb-229-3","13":"pa_specifications-porsche-a40","14":"pa_specifications-vw-501-01-505-00","15":"pa_viscosity-sae-5w-50","17":"first","18":"onbackorder","19":"shipping-taxable","20":"purchasable","21":"product-type-variable"},"_links":{"self":[{"href":"https:\/\/taktol.de\/pl\/wp-json\/wp\/v2\/product\/22426","targetHints":{"allow":["GET"]}}],"collection":[{"href":"https:\/\/taktol.de\/pl\/wp-json\/wp\/v2\/product"}],"about":[{"href":"https:\/\/taktol.de\/pl\/wp-json\/wp\/v2\/types\/product"}],"version-history":[{"count":0,"href":"https:\/\/taktol.de\/pl\/wp-json\/wp\/v2\/product\/22426\/revisions"}],"wp:featuredmedia":[{"embeddable":true,"href":"https:\/\/taktol.de\/pl\/wp-json\/wp\/v2\/media\/21603"}],"wp:attachment":[{"href":"https:\/\/taktol.de\/pl\/wp-json\/wp\/v2\/media?parent=22426"}],"wp:term":[{"taxonomy":"product_brand","embeddable":true,"href":"https:\/\/taktol.de\/pl\/wp-json\/wp\/v2\/product_brand?post=22426"},{"taxonomy":"product_cat","embeddable":true,"href":"https:\/\/taktol.de\/pl\/wp-json\/wp\/v2\/product_cat?post=22426"},{"taxonomy":"product_tag","embeddable":true,"href":"https:\/\/taktol.de\/pl\/wp-json\/wp\/v2\/product_tag?post=22426"}],"curies":[{"name":"wp","href":"https:\/\/api.w.org\/{rel}","templated":true}]}}