{"id":22397,"date":"2025-04-27T14:24:30","date_gmt":"2025-04-27T14:24:30","guid":{"rendered":"https:\/\/taktol.de\/product\/taktol-expert-basic-5w-40\/"},"modified":"2025-04-27T14:24:30","modified_gmt":"2025-04-27T14:24:30","slug":"taktol-expert-basic-5w-40","status":"publish","type":"product","link":"https:\/\/taktol.de\/pl\/product\/taktol-expert-basic-5w-40\/","title":{"rendered":"Taktol Expert Basic 5W-40"},"content":{"rendered":"<p><strong>Taktol Expert Basic 5W-40<\/strong> to syntetyczny olej silnikowy przeznaczony do silnik\u00f3w benzynowych i wysokopr\u0119\u017cnych z turbodo\u0142adowaniem lub bez niego oraz z bezpo\u015brednim wtryskiem paliwa. Zapewnia doskona\u0142e w\u0142a\u015bciwo\u015bci podczas rozruchu na zimno, ogranicza zu\u017cycie paliwa, tarcie i zu\u017cycie silnika, a tak\u017ce minimalizuje straty przez odparowanie. Nale\u017cy przestrzega\u0107 zalece\u0144 producenta dotycz\u0105cych wymiany oleju.  <\/p>\n","protected":false},"excerpt":{"rendered":"<p>Taktol Expert Basic 5W-40 to syntetyczny olej silnikowy przeznaczony do silnik\u00f3w benzynowych i wysokopr\u0119\u017cnych z turbodo\u0142adowaniem lub bez niego oraz<\/p>\n","protected":false},"featured_media":21603,"template":"","meta":[],"product_brand":[],"product_cat":[424,421],"product_tag":[],"class_list":{"0":"post-22397","1":"product","2":"type-product","3":"status-publish","4":"has-post-thumbnail","6":"product_cat-expert-linia","7":"product_cat-olej-silnikowy","8":"pa_acea-acea-a3-b4","9":"pa_api-api-sp-cf","10":"pa_application-samochod-osobowy","11":"pa_specifications-bmw-longlife-98","12":"pa_specifications-fiat-9-55535-h2","13":"pa_specifications-fiat-9-55535-m2","14":"pa_specifications-fiat-9-55535-n2","15":"pa_specifications-mb-229-3","16":"pa_specifications-opel-gm-ll-b-025","17":"pa_specifications-porsche-a40","18":"pa_specifications-psa-b71-2296","19":"pa_specifications-renault-rn0700","20":"pa_specifications-renault-rn0710","21":"pa_specifications-vw-502-00-505-00","22":"pa_viscosity-sae-5w-40","24":"first","25":"onbackorder","26":"shipping-taxable","27":"purchasable","28":"product-type-variable"},"_links":{"self":[{"href":"https:\/\/taktol.de\/pl\/wp-json\/wp\/v2\/product\/22397","targetHints":{"allow":["GET"]}}],"collection":[{"href":"https:\/\/taktol.de\/pl\/wp-json\/wp\/v2\/product"}],"about":[{"href":"https:\/\/taktol.de\/pl\/wp-json\/wp\/v2\/types\/product"}],"version-history":[{"count":0,"href":"https:\/\/taktol.de\/pl\/wp-json\/wp\/v2\/product\/22397\/revisions"}],"wp:featuredmedia":[{"embeddable":true,"href":"https:\/\/taktol.de\/pl\/wp-json\/wp\/v2\/media\/21603"}],"wp:attachment":[{"href":"https:\/\/taktol.de\/pl\/wp-json\/wp\/v2\/media?parent=22397"}],"wp:term":[{"taxonomy":"product_brand","embeddable":true,"href":"https:\/\/taktol.de\/pl\/wp-json\/wp\/v2\/product_brand?post=22397"},{"taxonomy":"product_cat","embeddable":true,"href":"https:\/\/taktol.de\/pl\/wp-json\/wp\/v2\/product_cat?post=22397"},{"taxonomy":"product_tag","embeddable":true,"href":"https:\/\/taktol.de\/pl\/wp-json\/wp\/v2\/product_tag?post=22397"}],"curies":[{"name":"wp","href":"https:\/\/api.w.org\/{rel}","templated":true}]}}