{"id":22368,"date":"2025-04-27T11:15:03","date_gmt":"2025-04-27T11:15:03","guid":{"rendered":"https:\/\/taktol.de\/product\/taktol-praktik-gfe-eco-5w-30\/"},"modified":"2025-04-27T11:15:03","modified_gmt":"2025-04-27T11:15:03","slug":"taktol-praktik-gfe-eco-5w-30","status":"publish","type":"product","link":"https:\/\/taktol.de\/pl\/product\/taktol-praktik-gfe-eco-5w-30\/","title":{"rendered":"Taktol Praktik GFE Eco 5W-30"},"content":{"rendered":"<p><strong data-start=\"111\" data-end=\"143\">Taktol Praktik GFE Eco 5W-30<\/strong> to syntetyczny olej silnikowy przeznaczony do silnik\u00f3w benzynowych z turbodo\u0142adowaniem lub bez niego, a tak\u017ce z bezpo\u015brednim wtryskiem paliwa. Jest idealny do nowoczesnych pojazd\u00f3w benzynowych i zalecany do silnik\u00f3w hybrydowych w ka\u017cdych warunkach eksploatacji. Zawsze nale\u017cy przestrzega\u0107 instrukcji producenta pojazdu.  <\/p>\n","protected":false},"excerpt":{"rendered":"<p>Taktol Praktik GFE Eco 5W-30 to syntetyczny olej silnikowy przeznaczony do silnik\u00f3w benzynowych z turbodo\u0142adowaniem lub bez niego, a tak\u017ce<\/p>\n","protected":false},"featured_media":21603,"template":"","meta":[],"product_brand":[],"product_cat":[421,427],"product_tag":[],"class_list":{"0":"post-22368","1":"product","2":"type-product","3":"status-publish","4":"has-post-thumbnail","6":"product_cat-olej-silnikowy","7":"product_cat-praktik-linia","8":"pa_api-api-sp","9":"pa_application-samochod-osobowy","10":"pa_application-technologia-hybrydowa","11":"pa_ilsac-ilsac-gf-5","12":"pa_ilsac-ilsac-gf-6a","13":"pa_specifications-chrysler-ms-6395","14":"pa_specifications-fiat-9-55535-cr1","15":"pa_specifications-ford-wss-m2c929-a","16":"pa_specifications-ford-wss-m2c946-a","17":"pa_specifications-gm-6094m","18":"pa_viscosity-sae-5w-30","20":"first","21":"onbackorder","22":"shipping-taxable","23":"purchasable","24":"product-type-variable"},"_links":{"self":[{"href":"https:\/\/taktol.de\/pl\/wp-json\/wp\/v2\/product\/22368","targetHints":{"allow":["GET"]}}],"collection":[{"href":"https:\/\/taktol.de\/pl\/wp-json\/wp\/v2\/product"}],"about":[{"href":"https:\/\/taktol.de\/pl\/wp-json\/wp\/v2\/types\/product"}],"version-history":[{"count":0,"href":"https:\/\/taktol.de\/pl\/wp-json\/wp\/v2\/product\/22368\/revisions"}],"wp:featuredmedia":[{"embeddable":true,"href":"https:\/\/taktol.de\/pl\/wp-json\/wp\/v2\/media\/21603"}],"wp:attachment":[{"href":"https:\/\/taktol.de\/pl\/wp-json\/wp\/v2\/media?parent=22368"}],"wp:term":[{"taxonomy":"product_brand","embeddable":true,"href":"https:\/\/taktol.de\/pl\/wp-json\/wp\/v2\/product_brand?post=22368"},{"taxonomy":"product_cat","embeddable":true,"href":"https:\/\/taktol.de\/pl\/wp-json\/wp\/v2\/product_cat?post=22368"},{"taxonomy":"product_tag","embeddable":true,"href":"https:\/\/taktol.de\/pl\/wp-json\/wp\/v2\/product_tag?post=22368"}],"curies":[{"name":"wp","href":"https:\/\/api.w.org\/{rel}","templated":true}]}}