{"id":22339,"date":"2025-04-27T10:43:48","date_gmt":"2025-04-27T10:43:48","guid":{"rendered":"https:\/\/taktol.de\/product\/taktol-expert-mix-hybrid-5w-30\/"},"modified":"2025-04-27T10:43:48","modified_gmt":"2025-04-27T10:43:48","slug":"taktol-expert-mix-hybrid-5w-30","status":"publish","type":"product","link":"https:\/\/taktol.de\/pl\/product\/taktol-expert-mix-hybrid-5w-30\/","title":{"rendered":"Taktol Expert MIX Hybrid 5W-30"},"content":{"rendered":"<p><strong>Taktol Expert MIX Hybrid 5W-30<\/strong> to wysokiej jako\u015bci olej silnikowy oparty na starannie dobranych olejach bazowych i dodatkach. Opracowany specjalnie do pojazd\u00f3w z technologi\u0105 hybrydow\u0105, zapewnia optymaln\u0105 ochron\u0119 silnika we wszystkich fazach pracy. Doskona\u0142e w\u0142a\u015bciwo\u015bci temperaturowo-lepko\u015bciowe gwarantuj\u0105 szybkie smarowanie, nawet przy cz\u0119stym uruchamianiu i zatrzymywaniu silnika.  <\/p>\n<p>Rekomendacje: Honda, Lexus, Mitsubishi, Nissan, Toyota.<\/p>\n","protected":false},"excerpt":{"rendered":"<p>Taktol Expert MIX Hybrid 5W-30 to wysokiej jako\u015bci olej silnikowy oparty na starannie dobranych olejach bazowych i dodatkach. Opracowany specjalnie<\/p>\n","protected":false},"featured_media":21603,"template":"","meta":[],"product_brand":[],"product_cat":[424,421],"product_tag":[],"class_list":{"0":"post-22339","1":"product","2":"type-product","3":"status-publish","4":"has-post-thumbnail","6":"product_cat-expert-linia","7":"product_cat-olej-silnikowy","8":"pa_api-api-sp-rc","9":"pa_application-samochod-osobowy","10":"pa_application-technologia-hybrydowa","11":"pa_ilsac-ilsac-gf-5","12":"pa_ilsac-ilsac-gf-6a","13":"pa_viscosity-sae-5w-30","15":"first","16":"onbackorder","17":"shipping-taxable","18":"purchasable","19":"product-type-variable"},"_links":{"self":[{"href":"https:\/\/taktol.de\/pl\/wp-json\/wp\/v2\/product\/22339","targetHints":{"allow":["GET"]}}],"collection":[{"href":"https:\/\/taktol.de\/pl\/wp-json\/wp\/v2\/product"}],"about":[{"href":"https:\/\/taktol.de\/pl\/wp-json\/wp\/v2\/types\/product"}],"version-history":[{"count":0,"href":"https:\/\/taktol.de\/pl\/wp-json\/wp\/v2\/product\/22339\/revisions"}],"wp:featuredmedia":[{"embeddable":true,"href":"https:\/\/taktol.de\/pl\/wp-json\/wp\/v2\/media\/21603"}],"wp:attachment":[{"href":"https:\/\/taktol.de\/pl\/wp-json\/wp\/v2\/media?parent=22339"}],"wp:term":[{"taxonomy":"product_brand","embeddable":true,"href":"https:\/\/taktol.de\/pl\/wp-json\/wp\/v2\/product_brand?post=22339"},{"taxonomy":"product_cat","embeddable":true,"href":"https:\/\/taktol.de\/pl\/wp-json\/wp\/v2\/product_cat?post=22339"},{"taxonomy":"product_tag","embeddable":true,"href":"https:\/\/taktol.de\/pl\/wp-json\/wp\/v2\/product_tag?post=22339"}],"curies":[{"name":"wp","href":"https:\/\/api.w.org\/{rel}","templated":true}]}}