{"id":22309,"date":"2025-04-27T10:21:28","date_gmt":"2025-04-27T10:21:28","guid":{"rendered":"https:\/\/taktol.de\/product\/taktol-expert-ll-synth-5w-30\/"},"modified":"2025-04-27T10:21:28","modified_gmt":"2025-04-27T10:21:28","slug":"taktol-expert-ll-synth-5w-30","status":"publish","type":"product","link":"https:\/\/taktol.de\/pl\/product\/taktol-expert-ll-synth-5w-30\/","title":{"rendered":"Taktol Expert LL-Synth 5W-30"},"content":{"rendered":"<p><strong>Taktol Expert LL-Synth 5W-30<\/strong> to p\u00f3\u0142syntetyczny, p\u0142ynnie dzia\u0142aj\u0105cy olej silnikowy do silnik\u00f3w benzynowych i wysokopr\u0119\u017cnych, z turbodo\u0142adowaniem i wtryskiem bezpo\u015brednim lub bez. Umo\u017cliwia wyd\u0142u\u017cenie okres\u00f3w mi\u0119dzy wymianami oleju zgodnie z zaleceniami producenta. Zapewnia doskona\u0142\u0105 wydajno\u015b\u0107 rozruchu zimnego silnika i zmniejsza zu\u017cycie paliwa, tarcie i zu\u017cycie.  <\/p>\n","protected":false},"excerpt":{"rendered":"<p>Taktol Expert LL-Synth 5W-30 to p\u00f3\u0142syntetyczny, p\u0142ynnie dzia\u0142aj\u0105cy olej silnikowy do silnik\u00f3w benzynowych i wysokopr\u0119\u017cnych, z turbodo\u0142adowaniem i wtryskiem bezpo\u015brednim<\/p>\n","protected":false},"featured_media":21603,"template":"","meta":[],"product_brand":[],"product_cat":[424,421],"product_tag":[],"class_list":{"0":"post-22309","1":"product","2":"type-product","3":"status-publish","4":"has-post-thumbnail","6":"product_cat-expert-linia","7":"product_cat-olej-silnikowy","8":"pa_acea-acea-a3-b4","9":"pa_api-api-sl-cf","10":"pa_application-samochod-osobowy","11":"pa_specifications-bmw-longlife-01","12":"pa_specifications-bmw-longlife-98","13":"pa_specifications-mb-229-3","14":"pa_specifications-mb-229-5","15":"pa_specifications-vw-502-00-505-00","16":"pa_viscosity-sae-5w-30","18":"first","19":"onbackorder","20":"shipping-taxable","21":"purchasable","22":"product-type-variable"},"_links":{"self":[{"href":"https:\/\/taktol.de\/pl\/wp-json\/wp\/v2\/product\/22309","targetHints":{"allow":["GET"]}}],"collection":[{"href":"https:\/\/taktol.de\/pl\/wp-json\/wp\/v2\/product"}],"about":[{"href":"https:\/\/taktol.de\/pl\/wp-json\/wp\/v2\/types\/product"}],"version-history":[{"count":0,"href":"https:\/\/taktol.de\/pl\/wp-json\/wp\/v2\/product\/22309\/revisions"}],"wp:featuredmedia":[{"embeddable":true,"href":"https:\/\/taktol.de\/pl\/wp-json\/wp\/v2\/media\/21603"}],"wp:attachment":[{"href":"https:\/\/taktol.de\/pl\/wp-json\/wp\/v2\/media?parent=22309"}],"wp:term":[{"taxonomy":"product_brand","embeddable":true,"href":"https:\/\/taktol.de\/pl\/wp-json\/wp\/v2\/product_brand?post=22309"},{"taxonomy":"product_cat","embeddable":true,"href":"https:\/\/taktol.de\/pl\/wp-json\/wp\/v2\/product_cat?post=22309"},{"taxonomy":"product_tag","embeddable":true,"href":"https:\/\/taktol.de\/pl\/wp-json\/wp\/v2\/product_tag?post=22309"}],"curies":[{"name":"wp","href":"https:\/\/api.w.org\/{rel}","templated":true}]}}