{"id":22278,"date":"2025-04-27T10:05:38","date_gmt":"2025-04-27T10:05:38","guid":{"rendered":"https:\/\/taktol.de\/product\/taktol-expert-fjl-5w-20\/"},"modified":"2025-04-27T10:05:38","modified_gmt":"2025-04-27T10:05:38","slug":"taktol-expert-fjl-5w-20","status":"publish","type":"product","link":"https:\/\/taktol.de\/pl\/product\/taktol-expert-fjl-5w-20\/","title":{"rendered":"Taktol Expert FJL 5W-20"},"content":{"rendered":"<p> <strong>Taktol Expert FJL 5W-20<\/strong> to syntetyczny olej silnikowy o niskim wsp\u00f3\u0142czynniku tarcia do silnik\u00f3w benzynowych i wysokopr\u0119\u017cnych z turbodo\u0142adowaniem lub bez oraz z bezpo\u015brednim wtryskiem paliwa. Zapewnia doskona\u0142e w\u0142a\u015bciwo\u015bci rozruchowe, zmniejsza zu\u017cycie paliwa, tarcie i zu\u017cycie silnika. Znacz\u0105ca oszcz\u0119dno\u015b\u0107 paliwa pomaga ograniczy\u0107 emisj\u0119 i wspiera ochron\u0119 \u015brodowiska.  <\/p>\n","protected":false},"excerpt":{"rendered":"<p>Taktol Expert FJL 5W-20 to syntetyczny olej silnikowy o niskim wsp\u00f3\u0142czynniku tarcia do silnik\u00f3w benzynowych i wysokopr\u0119\u017cnych z turbodo\u0142adowaniem lub<\/p>\n","protected":false},"featured_media":21603,"template":"","meta":[],"product_brand":[],"product_cat":[424,421],"product_tag":[],"class_list":{"0":"post-22278","1":"product","2":"type-product","3":"status-publish","4":"has-post-thumbnail","6":"product_cat-expert-linia","7":"product_cat-olej-silnikowy","8":"pa_acea-acea-a1-b1","9":"pa_acea-acea-c5","10":"pa_api-api-sn-rc-cf","11":"pa_application-samochod-osobowy","12":"pa_application-technologia-hybrydowa","13":"pa_ilsac-ilsac-gf-5","14":"pa_specifications-chrysler-ms-6395","15":"pa_specifications-fiat-9-55535-cr1","16":"pa_specifications-ford-wss-m2c925-a-b","17":"pa_specifications-ford-wss-m2c948-a-b","18":"pa_specifications-jlr-stjlr-03-5004","19":"pa_viscosity-sae-5w-20","21":"first","22":"onbackorder","23":"shipping-taxable","24":"purchasable","25":"product-type-variable"},"_links":{"self":[{"href":"https:\/\/taktol.de\/pl\/wp-json\/wp\/v2\/product\/22278","targetHints":{"allow":["GET"]}}],"collection":[{"href":"https:\/\/taktol.de\/pl\/wp-json\/wp\/v2\/product"}],"about":[{"href":"https:\/\/taktol.de\/pl\/wp-json\/wp\/v2\/types\/product"}],"version-history":[{"count":0,"href":"https:\/\/taktol.de\/pl\/wp-json\/wp\/v2\/product\/22278\/revisions"}],"wp:featuredmedia":[{"embeddable":true,"href":"https:\/\/taktol.de\/pl\/wp-json\/wp\/v2\/media\/21603"}],"wp:attachment":[{"href":"https:\/\/taktol.de\/pl\/wp-json\/wp\/v2\/media?parent=22278"}],"wp:term":[{"taxonomy":"product_brand","embeddable":true,"href":"https:\/\/taktol.de\/pl\/wp-json\/wp\/v2\/product_brand?post=22278"},{"taxonomy":"product_cat","embeddable":true,"href":"https:\/\/taktol.de\/pl\/wp-json\/wp\/v2\/product_cat?post=22278"},{"taxonomy":"product_tag","embeddable":true,"href":"https:\/\/taktol.de\/pl\/wp-json\/wp\/v2\/product_tag?post=22278"}],"curies":[{"name":"wp","href":"https:\/\/api.w.org\/{rel}","templated":true}]}}