{"id":22244,"date":"2025-04-26T12:55:56","date_gmt":"2025-04-26T12:55:56","guid":{"rendered":"https:\/\/taktol.de\/product\/taktol-expert-jp-plus-5w-20\/"},"modified":"2025-04-26T12:55:56","modified_gmt":"2025-04-26T12:55:56","slug":"taktol-expert-jp-plus-5w-20","status":"publish","type":"product","link":"https:\/\/taktol.de\/pl\/product\/taktol-expert-jp-plus-5w-20\/","title":{"rendered":"Taktol Expert JP Plus 5W-20"},"content":{"rendered":"<p><strong>Taktol Expert JP Plus 5W-20 <\/strong>to wysokiej jako\u015bci olej silnikowy oparty na wyselekcjonowanych olejach bazowych i dodatkach uszlachetniaj\u0105cych. Opracowany dla pojazd\u00f3w z technologi\u0105 hybrydow\u0105, zapewnia optymaln\u0105 ochron\u0119 silnika we wszystkich fazach pracy. Doskona\u0142e w\u0142a\u015bciwo\u015bci lepko\u015bciowo-temperaturowe gwarantuj\u0105 szybkie dostarczanie oleju nawet podczas cz\u0119stych rozruch\u00f3w i zatrzyma\u0144 silnika. Taktol Expert JP Plus 5W-20 chroni r\u00f3wnie\u017c przed LSPI i zapewnia wyj\u0105tkow\u0105 oszcz\u0119dno\u015b\u0107 paliwa.   <\/p>\n<p>Rekomendacje: Honda, Lexus, Mitsubishi, Nissan, Toyota<\/p>\n","protected":false},"excerpt":{"rendered":"<p>Taktol Expert JP Plus 5W-20 to wysokiej jako\u015bci olej silnikowy oparty na wyselekcjonowanych olejach bazowych i dodatkach uszlachetniaj\u0105cych. Opracowany dla<\/p>\n","protected":false},"featured_media":21603,"template":"","meta":[],"product_brand":[],"product_cat":[424,421],"product_tag":[],"class_list":{"0":"post-22244","1":"product","2":"type-product","3":"status-publish","4":"has-post-thumbnail","6":"product_cat-expert-linia","7":"product_cat-olej-silnikowy","8":"pa_api-api-sp-rc","9":"pa_application-samochod-osobowy","10":"pa_application-technologia-hybrydowa","11":"pa_ilsac-ilsac-gf-5","12":"pa_ilsac-ilsac-gf-6a","13":"pa_viscosity-sae-5w-20","15":"first","16":"onbackorder","17":"shipping-taxable","18":"purchasable","19":"product-type-variable"},"_links":{"self":[{"href":"https:\/\/taktol.de\/pl\/wp-json\/wp\/v2\/product\/22244","targetHints":{"allow":["GET"]}}],"collection":[{"href":"https:\/\/taktol.de\/pl\/wp-json\/wp\/v2\/product"}],"about":[{"href":"https:\/\/taktol.de\/pl\/wp-json\/wp\/v2\/types\/product"}],"version-history":[{"count":0,"href":"https:\/\/taktol.de\/pl\/wp-json\/wp\/v2\/product\/22244\/revisions"}],"wp:featuredmedia":[{"embeddable":true,"href":"https:\/\/taktol.de\/pl\/wp-json\/wp\/v2\/media\/21603"}],"wp:attachment":[{"href":"https:\/\/taktol.de\/pl\/wp-json\/wp\/v2\/media?parent=22244"}],"wp:term":[{"taxonomy":"product_brand","embeddable":true,"href":"https:\/\/taktol.de\/pl\/wp-json\/wp\/v2\/product_brand?post=22244"},{"taxonomy":"product_cat","embeddable":true,"href":"https:\/\/taktol.de\/pl\/wp-json\/wp\/v2\/product_cat?post=22244"},{"taxonomy":"product_tag","embeddable":true,"href":"https:\/\/taktol.de\/pl\/wp-json\/wp\/v2\/product_tag?post=22244"}],"curies":[{"name":"wp","href":"https:\/\/api.w.org\/{rel}","templated":true}]}}