{"id":22215,"date":"2025-04-26T12:39:26","date_gmt":"2025-04-26T12:39:26","guid":{"rendered":"https:\/\/taktol.de\/product\/taktol-praktik-gsl-eco-5w-20\/"},"modified":"2025-04-26T12:39:26","modified_gmt":"2025-04-26T12:39:26","slug":"taktol-praktik-gsl-eco-5w-20","status":"publish","type":"product","link":"https:\/\/taktol.de\/pl\/product\/taktol-praktik-gsl-eco-5w-20\/","title":{"rendered":"Taktol Praktik GSL Eco 5W-20"},"content":{"rendered":"<p class=\"\" data-start=\"347\" data-end=\"595\"><strong>Taktol Praktik GSL Eco 5W-20<\/strong> to w pe\u0142ni syntetyczny olej silnikowy do silnik\u00f3w benzynowych. Zapewnia doskona\u0142\u0105 wydajno\u015b\u0107 zimnego rozruchu, zmniejsza zu\u017cycie paliwa, tarcie i zu\u017cycie. Znaczna oszcz\u0119dno\u015b\u0107 paliwa i zmniejszona emisja spalin przyczyniaj\u0105 si\u0119 do ochrony \u015brodowiska.  <\/p>\n","protected":false},"excerpt":{"rendered":"<p>Taktol Praktik GSL Eco 5W-20 to w pe\u0142ni syntetyczny olej silnikowy do silnik\u00f3w benzynowych. Zapewnia doskona\u0142\u0105 wydajno\u015b\u0107 zimnego rozruchu, zmniejsza<\/p>\n","protected":false},"featured_media":21603,"template":"","meta":[],"product_brand":[],"product_cat":[421,427],"product_tag":[],"class_list":{"0":"post-22215","1":"product","2":"type-product","3":"status-publish","4":"has-post-thumbnail","6":"product_cat-olej-silnikowy","7":"product_cat-praktik-linia","8":"pa_api-api-sp-rc","9":"pa_application-samochod-osobowy","10":"pa_application-technologia-hybrydowa","11":"pa_ilsac-ilsac-gf-5","12":"pa_ilsac-ilsac-gf-6a","13":"pa_specifications-chrysler-ms-6395","14":"pa_specifications-fiat-9-55535-cr1","15":"pa_specifications-ford-wss-m2c930-a","16":"pa_specifications-ford-wss-m2c945-a","17":"pa_specifications-ford-wss-m2c960-a","18":"pa_viscosity-sae-5w-20","20":"first","21":"onbackorder","22":"shipping-taxable","23":"purchasable","24":"product-type-variable"},"_links":{"self":[{"href":"https:\/\/taktol.de\/pl\/wp-json\/wp\/v2\/product\/22215","targetHints":{"allow":["GET"]}}],"collection":[{"href":"https:\/\/taktol.de\/pl\/wp-json\/wp\/v2\/product"}],"about":[{"href":"https:\/\/taktol.de\/pl\/wp-json\/wp\/v2\/types\/product"}],"version-history":[{"count":0,"href":"https:\/\/taktol.de\/pl\/wp-json\/wp\/v2\/product\/22215\/revisions"}],"wp:featuredmedia":[{"embeddable":true,"href":"https:\/\/taktol.de\/pl\/wp-json\/wp\/v2\/media\/21603"}],"wp:attachment":[{"href":"https:\/\/taktol.de\/pl\/wp-json\/wp\/v2\/media?parent=22215"}],"wp:term":[{"taxonomy":"product_brand","embeddable":true,"href":"https:\/\/taktol.de\/pl\/wp-json\/wp\/v2\/product_brand?post=22215"},{"taxonomy":"product_cat","embeddable":true,"href":"https:\/\/taktol.de\/pl\/wp-json\/wp\/v2\/product_cat?post=22215"},{"taxonomy":"product_tag","embeddable":true,"href":"https:\/\/taktol.de\/pl\/wp-json\/wp\/v2\/product_tag?post=22215"}],"curies":[{"name":"wp","href":"https:\/\/api.w.org\/{rel}","templated":true}]}}