{"id":22183,"date":"2025-04-26T12:24:40","date_gmt":"2025-04-26T12:24:40","guid":{"rendered":"https:\/\/taktol.de\/product\/taktol-expert-fs-0w-40\/"},"modified":"2025-04-26T12:28:59","modified_gmt":"2025-04-26T12:28:59","slug":"taktol-expert-fs-0w-40","status":"publish","type":"product","link":"https:\/\/taktol.de\/pl\/product\/taktol-expert-fs-0w-40\/","title":{"rendered":"Taktol Expert FS 0W-40"},"content":{"rendered":"<p><strong>Taktol Expert FS 0W-40<\/strong> to syntetyczny olej silnikowy o wysokiej wydajno\u015bci przeznaczony do silnik\u00f3w benzynowych i wysokopr\u0119\u017cnych z turbodo\u0142adowaniem lub bez niego oraz z bezpo\u015brednim wtryskiem paliwa. Zapewnia doskona\u0142e w\u0142a\u015bciwo\u015bci rozruchowe w niskich temperaturach i minimalizuje zu\u017cycie paliwa, tarcie i zu\u017cycie element\u00f3w silnika. Umo\u017cliwia wyd\u0142u\u017cone interwa\u0142y wymiany oleju zgodnie z zaleceniami producenta. Taktol Expert FS 0W-40 gwarantuje niezawodn\u0105 ochron\u0119 silnika nawet w trudnych warunkach pracy, przy zachowaniu stabilnej lepko\u015bci i niskiej utraty odparowania.   <\/p>\n","protected":false},"excerpt":{"rendered":"<p>Taktol Expert FS 0W-40 to syntetyczny olej silnikowy o wysokiej wydajno\u015bci przeznaczony do silnik\u00f3w benzynowych i wysokopr\u0119\u017cnych z turbodo\u0142adowaniem lub<\/p>\n","protected":false},"featured_media":21603,"template":"","meta":[],"product_brand":[],"product_cat":[424,421],"product_tag":[],"class_list":{"0":"post-22183","1":"product","2":"type-product","3":"status-publish","4":"has-post-thumbnail","6":"product_cat-expert-linia","7":"product_cat-olej-silnikowy","8":"pa_acea-acea-a3-b4","9":"pa_api-api-sn-cf","10":"pa_application-samochod-osobowy","11":"pa_specifications-bmw-longlife-01","12":"pa_specifications-fiat-9-55535-m2","13":"pa_specifications-ford-wss-m2c937-a","14":"pa_specifications-mb-226-5","15":"pa_specifications-mb-229-3","16":"pa_specifications-mb-229-5","17":"pa_specifications-porsche-a40","18":"pa_specifications-psa-b71-2296","19":"pa_specifications-renault-rn0700","20":"pa_specifications-renault-rn0710","21":"pa_specifications-vw-502-00-505-00","22":"pa_viscosity-sae-0w-40","24":"first","25":"onbackorder","26":"shipping-taxable","27":"purchasable","28":"product-type-variable"},"_links":{"self":[{"href":"https:\/\/taktol.de\/pl\/wp-json\/wp\/v2\/product\/22183","targetHints":{"allow":["GET"]}}],"collection":[{"href":"https:\/\/taktol.de\/pl\/wp-json\/wp\/v2\/product"}],"about":[{"href":"https:\/\/taktol.de\/pl\/wp-json\/wp\/v2\/types\/product"}],"version-history":[{"count":1,"href":"https:\/\/taktol.de\/pl\/wp-json\/wp\/v2\/product\/22183\/revisions"}],"predecessor-version":[{"id":22192,"href":"https:\/\/taktol.de\/pl\/wp-json\/wp\/v2\/product\/22183\/revisions\/22192"}],"wp:featuredmedia":[{"embeddable":true,"href":"https:\/\/taktol.de\/pl\/wp-json\/wp\/v2\/media\/21603"}],"wp:attachment":[{"href":"https:\/\/taktol.de\/pl\/wp-json\/wp\/v2\/media?parent=22183"}],"wp:term":[{"taxonomy":"product_brand","embeddable":true,"href":"https:\/\/taktol.de\/pl\/wp-json\/wp\/v2\/product_brand?post=22183"},{"taxonomy":"product_cat","embeddable":true,"href":"https:\/\/taktol.de\/pl\/wp-json\/wp\/v2\/product_cat?post=22183"},{"taxonomy":"product_tag","embeddable":true,"href":"https:\/\/taktol.de\/pl\/wp-json\/wp\/v2\/product_tag?post=22183"}],"curies":[{"name":"wp","href":"https:\/\/api.w.org\/{rel}","templated":true}]}}