{"id":22154,"date":"2025-04-26T11:24:30","date_gmt":"2025-04-26T11:24:30","guid":{"rendered":"https:\/\/taktol.de\/product\/taktol-expert-950-fe-0w-30\/"},"modified":"2025-04-26T11:24:30","modified_gmt":"2025-04-26T11:24:30","slug":"taktol-expert-950-fe-0w-30","status":"publish","type":"product","link":"https:\/\/taktol.de\/pl\/product\/taktol-expert-950-fe-0w-30\/","title":{"rendered":"Taktol Expert 950 FE 0W-30"},"content":{"rendered":"<p><strong>Taktol Expert 950 FE 0W-30<\/strong> to syntetyczny olej silnikowy mid-SAPS przeznaczony do silnik\u00f3w benzynowych i wysokopr\u0119\u017cnych, z turbodo\u0142adowaniem lub bez. Zapewnia znaczn\u0105 oszcz\u0119dno\u015b\u0107 paliwa dzi\u0119ki zaawansowanej formule i chroni turbospr\u0119\u017cark\u0119 przed tworzeniem si\u0119 osad\u00f3w, zapewniaj\u0105c maksymaln\u0105 wydajno\u015b\u0107. <\/p>\n","protected":false},"excerpt":{"rendered":"<p>Taktol Expert 950 FE 0W-30 to syntetyczny olej silnikowy mid-SAPS przeznaczony do silnik\u00f3w benzynowych i wysokopr\u0119\u017cnych, z turbodo\u0142adowaniem lub bez.<\/p>\n","protected":false},"featured_media":21603,"template":"","meta":[],"product_brand":[],"product_cat":[424,421],"product_tag":[],"class_list":{"0":"post-22154","1":"product","2":"type-product","3":"status-publish","4":"has-post-thumbnail","6":"product_cat-expert-linia","7":"product_cat-olej-silnikowy","8":"pa_acea-acea-a5-b5","9":"pa_acea-acea-c2","10":"pa_api-api-sp-rc","11":"pa_application-samochod-osobowy","12":"pa_application-technologia-hybrydowa","13":"pa_ilsac-ilsac-gf-6","14":"pa_specifications-bmw-longlife-12-fe","15":"pa_specifications-ford-wss-m2c950-a","16":"pa_specifications-mb-227-61","17":"pa_specifications-mb-229-61","18":"pa_specifications-vwc-53035","19":"pa_viscosity-sae-0w-30","21":"first","22":"onbackorder","23":"shipping-taxable","24":"purchasable","25":"product-type-variable"},"_links":{"self":[{"href":"https:\/\/taktol.de\/pl\/wp-json\/wp\/v2\/product\/22154","targetHints":{"allow":["GET"]}}],"collection":[{"href":"https:\/\/taktol.de\/pl\/wp-json\/wp\/v2\/product"}],"about":[{"href":"https:\/\/taktol.de\/pl\/wp-json\/wp\/v2\/types\/product"}],"version-history":[{"count":0,"href":"https:\/\/taktol.de\/pl\/wp-json\/wp\/v2\/product\/22154\/revisions"}],"wp:featuredmedia":[{"embeddable":true,"href":"https:\/\/taktol.de\/pl\/wp-json\/wp\/v2\/media\/21603"}],"wp:attachment":[{"href":"https:\/\/taktol.de\/pl\/wp-json\/wp\/v2\/media?parent=22154"}],"wp:term":[{"taxonomy":"product_brand","embeddable":true,"href":"https:\/\/taktol.de\/pl\/wp-json\/wp\/v2\/product_brand?post=22154"},{"taxonomy":"product_cat","embeddable":true,"href":"https:\/\/taktol.de\/pl\/wp-json\/wp\/v2\/product_cat?post=22154"},{"taxonomy":"product_tag","embeddable":true,"href":"https:\/\/taktol.de\/pl\/wp-json\/wp\/v2\/product_tag?post=22154"}],"curies":[{"name":"wp","href":"https:\/\/api.w.org\/{rel}","templated":true}]}}