{"id":22125,"date":"2025-04-26T11:03:34","date_gmt":"2025-04-26T11:03:34","guid":{"rendered":"https:\/\/taktol.de\/product\/taktol-expert-spec-ll-0w-30\/"},"modified":"2025-04-26T11:03:34","modified_gmt":"2025-04-26T11:03:34","slug":"taktol-expert-spec-ll-0w-30","status":"publish","type":"product","link":"https:\/\/taktol.de\/pl\/product\/taktol-expert-spec-ll-0w-30\/","title":{"rendered":"Taktol Expert Spec-LL 0W-30"},"content":{"rendered":"<p> <strong> Taktol Expert Spec-LL 0W-30<\/strong> to w pe\u0142ni syntetyczny, wysokowydajny olej silnikowy do silnik\u00f3w benzynowych i wysokopr\u0119\u017cnych, z turbodo\u0142adowaniem i wtryskiem bezpo\u015brednim lub bez. Minimalizuje tarcie, zu\u017cycie i zu\u017cycie paliwa, oferuj\u0105c jednocze\u015bnie doskona\u0142e w\u0142a\u015bciwo\u015bci rozruchu zimnego silnika. Mo\u017cliwe jest wyd\u0142u\u017cenie okres\u00f3w mi\u0119dzy wymianami oleju zgodnie z zaleceniami producenta. Taktol Expert Spec-LL 0W-30 wyd\u0142u\u017ca \u017cywotno\u015b\u0107 filtr\u00f3w cz\u0105stek sta\u0142ych w silnikach wysokopr\u0119\u017cnych poprzez redukcj\u0119 cz\u0105stek tworz\u0105cych popi\u00f3\u0142 w spalinach. Zmniejsza emisj\u0119 szkodliwych substancji do \u015brodowiska i zapewnia niezmiennie wysok\u0105 ochron\u0119 silnika.    <\/p>\n","protected":false},"excerpt":{"rendered":"<p>Taktol Expert Spec-LL 0W-30 to w pe\u0142ni syntetyczny, wysokowydajny olej silnikowy do silnik\u00f3w benzynowych i wysokopr\u0119\u017cnych, z turbodo\u0142adowaniem i wtryskiem<\/p>\n","protected":false},"featured_media":21603,"template":"","meta":[],"product_brand":[],"product_cat":[424,421],"product_tag":[],"class_list":{"0":"post-22125","1":"product","2":"type-product","3":"status-publish","4":"has-post-thumbnail","6":"product_cat-expert-linia","7":"product_cat-olej-silnikowy","8":"pa_acea-acea-c3","9":"pa_api-api-sn","10":"pa_application-samochod-osobowy","11":"pa_specifications-bmw-longlife-04","12":"pa_specifications-mb-229-31","13":"pa_specifications-mb-229-51","14":"pa_specifications-mb-229-52","15":"pa_specifications-porsche-c30","16":"pa_specifications-vw-504-00-507-00","17":"pa_viscosity-sae-0w-30","19":"first","20":"onbackorder","21":"shipping-taxable","22":"purchasable","23":"product-type-variable"},"_links":{"self":[{"href":"https:\/\/taktol.de\/pl\/wp-json\/wp\/v2\/product\/22125","targetHints":{"allow":["GET"]}}],"collection":[{"href":"https:\/\/taktol.de\/pl\/wp-json\/wp\/v2\/product"}],"about":[{"href":"https:\/\/taktol.de\/pl\/wp-json\/wp\/v2\/types\/product"}],"version-history":[{"count":0,"href":"https:\/\/taktol.de\/pl\/wp-json\/wp\/v2\/product\/22125\/revisions"}],"wp:featuredmedia":[{"embeddable":true,"href":"https:\/\/taktol.de\/pl\/wp-json\/wp\/v2\/media\/21603"}],"wp:attachment":[{"href":"https:\/\/taktol.de\/pl\/wp-json\/wp\/v2\/media?parent=22125"}],"wp:term":[{"taxonomy":"product_brand","embeddable":true,"href":"https:\/\/taktol.de\/pl\/wp-json\/wp\/v2\/product_brand?post=22125"},{"taxonomy":"product_cat","embeddable":true,"href":"https:\/\/taktol.de\/pl\/wp-json\/wp\/v2\/product_cat?post=22125"},{"taxonomy":"product_tag","embeddable":true,"href":"https:\/\/taktol.de\/pl\/wp-json\/wp\/v2\/product_tag?post=22125"}],"curies":[{"name":"wp","href":"https:\/\/api.w.org\/{rel}","templated":true}]}}