{"id":22096,"date":"2025-04-26T10:50:54","date_gmt":"2025-04-26T10:50:54","guid":{"rendered":"https:\/\/taktol.de\/product\/taktol-expert-spec-v377-0w-30\/"},"modified":"2025-04-26T10:50:54","modified_gmt":"2025-04-26T10:50:54","slug":"taktol-expert-spec-v377-0w-30","status":"publish","type":"product","link":"https:\/\/taktol.de\/pl\/product\/taktol-expert-spec-v377-0w-30\/","title":{"rendered":"Taktol Expert Spec-V377 0W-30"},"content":{"rendered":"<p><strong>Taktol Expert Spec-V377 0W-30<\/strong> to syntetyczny olej silnikowy o wysokiej wydajno\u015bci przeznaczony do silnik\u00f3w benzynowych i wysokopr\u0119\u017cnych w samochodach osobowych, zar\u00f3wno z turbodo\u0142adowaniem, jak i bez, oraz z bezpo\u015brednim wtryskiem paliwa. Minimalizuje tarcie, zu\u017cycie i spalanie paliwa, oferuj\u0105c jednocze\u015bnie doskona\u0142e w\u0142a\u015bciwo\u015bci rozruchu na zimno. Umo\u017cliwia wyd\u0142u\u017cone okresy mi\u0119dzy wymianami oleju zgodnie z zaleceniami producenta. Wyj\u0105tkowe w\u0142a\u015bciwo\u015bci przy zimnym rozruchu zapewniaj\u0105 optymalne smarowanie podczas fazy nagrzewania silnika. Dzi\u0119ki znacznemu zmniejszeniu zu\u017cycia paliwa AVENO FS 0W-30 VLV przyczynia si\u0119 do ochrony \u015brodowiska poprzez ograniczenie emisji spalin.    <\/p>\n","protected":false},"excerpt":{"rendered":"<p>Taktol Expert Spec-V377 0W-30 to syntetyczny olej silnikowy o wysokiej wydajno\u015bci przeznaczony do silnik\u00f3w benzynowych i wysokopr\u0119\u017cnych w samochodach osobowych,<\/p>\n","protected":false},"featured_media":21603,"template":"","meta":[],"product_brand":[],"product_cat":[424,421],"product_tag":[],"class_list":{"0":"post-22096","1":"product","2":"type-product","3":"status-publish","4":"has-post-thumbnail","6":"product_cat-expert-linia","7":"product_cat-olej-silnikowy","8":"pa_acea-acea-a5-b5","9":"pa_api-api-sl-cf","10":"pa_application-samochod-osobowy","11":"pa_specifications-ford-wss-m2c920-a","12":"pa_specifications-renault-rn0700","13":"pa_specifications-renault-rn0710","14":"pa_specifications-volvo-vcc-95200377","15":"pa_viscosity-sae-0w-30","17":"first","18":"onbackorder","19":"shipping-taxable","20":"purchasable","21":"product-type-variable"},"_links":{"self":[{"href":"https:\/\/taktol.de\/pl\/wp-json\/wp\/v2\/product\/22096","targetHints":{"allow":["GET"]}}],"collection":[{"href":"https:\/\/taktol.de\/pl\/wp-json\/wp\/v2\/product"}],"about":[{"href":"https:\/\/taktol.de\/pl\/wp-json\/wp\/v2\/types\/product"}],"version-history":[{"count":0,"href":"https:\/\/taktol.de\/pl\/wp-json\/wp\/v2\/product\/22096\/revisions"}],"wp:featuredmedia":[{"embeddable":true,"href":"https:\/\/taktol.de\/pl\/wp-json\/wp\/v2\/media\/21603"}],"wp:attachment":[{"href":"https:\/\/taktol.de\/pl\/wp-json\/wp\/v2\/media?parent=22096"}],"wp:term":[{"taxonomy":"product_brand","embeddable":true,"href":"https:\/\/taktol.de\/pl\/wp-json\/wp\/v2\/product_brand?post=22096"},{"taxonomy":"product_cat","embeddable":true,"href":"https:\/\/taktol.de\/pl\/wp-json\/wp\/v2\/product_cat?post=22096"},{"taxonomy":"product_tag","embeddable":true,"href":"https:\/\/taktol.de\/pl\/wp-json\/wp\/v2\/product_tag?post=22096"}],"curies":[{"name":"wp","href":"https:\/\/api.w.org\/{rel}","templated":true}]}}