{"id":22067,"date":"2025-04-26T10:30:03","date_gmt":"2025-04-26T10:30:03","guid":{"rendered":"https:\/\/taktol.de\/product\/taktol-expert-bvm-fe-0w-20\/"},"modified":"2025-04-26T10:30:03","modified_gmt":"2025-04-26T10:30:03","slug":"taktol-expert-bvm-fe-0w-20","status":"publish","type":"product","link":"https:\/\/taktol.de\/pl\/product\/taktol-expert-bvm-fe-0w-20\/","title":{"rendered":"Taktol Expert BVM FE 0W-20"},"content":{"rendered":"<p><strong>Taktol Expert BVM FE 0W-20<\/strong> to specjalnie opracowany olej silnikowy spe\u0142niaj\u0105cy najnowsze wymagania Volkswagena wed\u0142ug specyfikacji VW 508 00\/509 00. Ten niskolepki olej o zmniejszonym wsp\u00f3\u0142czynniku HTHS zapewnia wyj\u0105tkow\u0105 trwa\u0142o\u015b\u0107 i ochron\u0119 silnika. Zosta\u0142 zaprojektowany, aby wspiera\u0107 wydajno\u015b\u0107 i \u017cywotno\u015b\u0107 nowoczesnych silnik\u00f3w benzynowych i wysokopr\u0119\u017cnych wymagaj\u0105cych klasy lepko\u015bci SAE 0W-20. Spe\u0142nia norm\u0119 ACEA A1\/B1, dzi\u0119ki czemu jest odpowiedni r\u00f3wnie\u017c dla wielu pojazd\u00f3w innych producent\u00f3w.   <\/p>\n","protected":false},"excerpt":{"rendered":"<p>Taktol Expert BVM FE 0W-20 to specjalnie opracowany olej silnikowy spe\u0142niaj\u0105cy najnowsze wymagania Volkswagena wed\u0142ug specyfikacji VW 508 00\/509 00.<\/p>\n","protected":false},"featured_media":21603,"template":"","meta":[],"product_brand":[],"product_cat":[424,421],"product_tag":[],"class_list":{"0":"post-22067","1":"product","2":"type-product","3":"status-publish","4":"has-post-thumbnail","6":"product_cat-expert-linia","7":"product_cat-olej-silnikowy","8":"pa_acea-acea-a1-b1","9":"pa_acea-acea-c5","10":"pa_application-samochod-osobowy","11":"pa_specifications-ford-wss-m2c956-a1","12":"pa_specifications-mb-229-71","13":"pa_specifications-mb-229-72","14":"pa_specifications-porsche-c20","15":"pa_specifications-vw-508-00-509-00","16":"pa_viscosity-sae-0w-20","18":"first","19":"onbackorder","20":"shipping-taxable","21":"purchasable","22":"product-type-variable"},"_links":{"self":[{"href":"https:\/\/taktol.de\/pl\/wp-json\/wp\/v2\/product\/22067","targetHints":{"allow":["GET"]}}],"collection":[{"href":"https:\/\/taktol.de\/pl\/wp-json\/wp\/v2\/product"}],"about":[{"href":"https:\/\/taktol.de\/pl\/wp-json\/wp\/v2\/types\/product"}],"version-history":[{"count":0,"href":"https:\/\/taktol.de\/pl\/wp-json\/wp\/v2\/product\/22067\/revisions"}],"wp:featuredmedia":[{"embeddable":true,"href":"https:\/\/taktol.de\/pl\/wp-json\/wp\/v2\/media\/21603"}],"wp:attachment":[{"href":"https:\/\/taktol.de\/pl\/wp-json\/wp\/v2\/media?parent=22067"}],"wp:term":[{"taxonomy":"product_brand","embeddable":true,"href":"https:\/\/taktol.de\/pl\/wp-json\/wp\/v2\/product_brand?post=22067"},{"taxonomy":"product_cat","embeddable":true,"href":"https:\/\/taktol.de\/pl\/wp-json\/wp\/v2\/product_cat?post=22067"},{"taxonomy":"product_tag","embeddable":true,"href":"https:\/\/taktol.de\/pl\/wp-json\/wp\/v2\/product_tag?post=22067"}],"curies":[{"name":"wp","href":"https:\/\/api.w.org\/{rel}","templated":true}]}}