{"id":22035,"date":"2025-04-26T09:59:13","date_gmt":"2025-04-26T09:59:13","guid":{"rendered":"https:\/\/taktol.de\/product\/taktol-expert-v-synth-0w-20\/"},"modified":"2025-04-26T10:22:36","modified_gmt":"2025-04-26T10:22:36","slug":"taktol-expert-v-synth-0w-20","status":"publish","type":"product","link":"https:\/\/taktol.de\/pl\/product\/taktol-expert-v-synth-0w-20\/","title":{"rendered":"Taktol Expert V-Synth 0W-20"},"content":{"rendered":"<p><strong>Taktol Expert V-Synth 0W-20<\/strong> to w pe\u0142ni syntetyczny olej silnikowy przeznaczony do silnik\u00f3w benzynowych i wysokopr\u0119\u017cnych, zar\u00f3wno z turbodo\u0142adowaniem, jak i bez niego. Jest znany z doskona\u0142ych w\u0142a\u015bciwo\u015bci zimnego rozruchu i zdolno\u015bci do minimalizowania zu\u017cycia paliwa, tarcia i zu\u017cycia. Pozwala na wyd\u0142u\u017cenie okres\u00f3w mi\u0119dzy wymianami oleju zgodnie z zaleceniami producenta.  <\/p>\n","protected":false},"excerpt":{"rendered":"<p>Taktol Expert V-Synth 0W-20 to w pe\u0142ni syntetyczny olej silnikowy przeznaczony do silnik\u00f3w benzynowych i wysokopr\u0119\u017cnych, zar\u00f3wno z turbodo\u0142adowaniem, jak<\/p>\n","protected":false},"featured_media":21603,"template":"","meta":[],"product_brand":[],"product_cat":[424,421],"product_tag":[],"class_list":{"0":"post-22035","1":"product","2":"type-product","3":"status-publish","4":"has-post-thumbnail","6":"product_cat-expert-linia","7":"product_cat-olej-silnikowy","8":"pa_acea-acea-c5","9":"pa_api-api-sn","10":"pa_application-samochod-osobowy","11":"pa_application-technologia-hybrydowa","12":"pa_ilsac-ilsac-gf-5","13":"pa_specifications-volvo-vcc-rbs0-2ae","14":"pa_viscosity-sae-0w-20","16":"first","17":"onbackorder","18":"shipping-taxable","19":"purchasable","20":"product-type-variable"},"_links":{"self":[{"href":"https:\/\/taktol.de\/pl\/wp-json\/wp\/v2\/product\/22035","targetHints":{"allow":["GET"]}}],"collection":[{"href":"https:\/\/taktol.de\/pl\/wp-json\/wp\/v2\/product"}],"about":[{"href":"https:\/\/taktol.de\/pl\/wp-json\/wp\/v2\/types\/product"}],"version-history":[{"count":1,"href":"https:\/\/taktol.de\/pl\/wp-json\/wp\/v2\/product\/22035\/revisions"}],"predecessor-version":[{"id":22051,"href":"https:\/\/taktol.de\/pl\/wp-json\/wp\/v2\/product\/22035\/revisions\/22051"}],"wp:featuredmedia":[{"embeddable":true,"href":"https:\/\/taktol.de\/pl\/wp-json\/wp\/v2\/media\/21603"}],"wp:attachment":[{"href":"https:\/\/taktol.de\/pl\/wp-json\/wp\/v2\/media?parent=22035"}],"wp:term":[{"taxonomy":"product_brand","embeddable":true,"href":"https:\/\/taktol.de\/pl\/wp-json\/wp\/v2\/product_brand?post=22035"},{"taxonomy":"product_cat","embeddable":true,"href":"https:\/\/taktol.de\/pl\/wp-json\/wp\/v2\/product_cat?post=22035"},{"taxonomy":"product_tag","embeddable":true,"href":"https:\/\/taktol.de\/pl\/wp-json\/wp\/v2\/product_tag?post=22035"}],"curies":[{"name":"wp","href":"https:\/\/api.w.org\/{rel}","templated":true}]}}