{"id":22005,"date":"2025-04-21T13:28:38","date_gmt":"2025-04-21T13:28:38","guid":{"rendered":"https:\/\/taktol.de\/product\/taktol-expert-jp-power-0w-20\/"},"modified":"2025-04-21T13:28:38","modified_gmt":"2025-04-21T13:28:38","slug":"taktol-expert-jp-power-0w-20","status":"publish","type":"product","link":"https:\/\/taktol.de\/pl\/product\/taktol-expert-jp-power-0w-20\/","title":{"rendered":"Taktol Expert JP Power 0W-20"},"content":{"rendered":"<p> <strong> Taktol Expert JP Power 0W-20 <\/strong>to najwy\u017cszej jako\u015bci olej silnikowy wykonany ze starannie dobranych olej\u00f3w bazowych i zaawansowanych dodatk\u00f3w. Opracowany specjalnie dla nowoczesnych pojazd\u00f3w hybrydowych, zapewnia optymaln\u0105 ochron\u0119 silnika we wszystkich fazach pracy. Doskona\u0142e zachowanie lepko\u015bci w zale\u017cno\u015bci od temperatury zapewnia szybkie smarowanie nawet podczas cz\u0119stych rozruch\u00f3w i zatrzyma\u0144 silnika. Chroni r\u00f3wnie\u017c przed LSPI i poprawia wydajno\u015b\u0107 paliwow\u0105.   <\/p>\n<p>Rekomendacje: Honda, Hybrid-Motoren, Lexus, Mitsubishi, Nissan, Toyota<\/p>\n","protected":false},"excerpt":{"rendered":"<p>Taktol Expert JP Power 0W-20 to najwy\u017cszej jako\u015bci olej silnikowy wykonany ze starannie dobranych olej\u00f3w bazowych i zaawansowanych dodatk\u00f3w. Opracowany<\/p>\n","protected":false},"featured_media":21603,"template":"","meta":[],"product_brand":[],"product_cat":[424,421],"product_tag":[],"class_list":{"0":"post-22005","1":"product","2":"type-product","3":"status-publish","4":"has-post-thumbnail","6":"product_cat-expert-linia","7":"product_cat-olej-silnikowy","8":"pa_api-api-sp-rc","9":"pa_application-samochod-osobowy","10":"pa_application-technologia-hybrydowa","11":"pa_ilsac-ilsac-gf-5","12":"pa_ilsac-ilsac-gf-6a","13":"pa_viscosity-sae-0w-20","15":"first","16":"onbackorder","17":"shipping-taxable","18":"purchasable","19":"product-type-variable"},"_links":{"self":[{"href":"https:\/\/taktol.de\/pl\/wp-json\/wp\/v2\/product\/22005","targetHints":{"allow":["GET"]}}],"collection":[{"href":"https:\/\/taktol.de\/pl\/wp-json\/wp\/v2\/product"}],"about":[{"href":"https:\/\/taktol.de\/pl\/wp-json\/wp\/v2\/types\/product"}],"version-history":[{"count":0,"href":"https:\/\/taktol.de\/pl\/wp-json\/wp\/v2\/product\/22005\/revisions"}],"wp:featuredmedia":[{"embeddable":true,"href":"https:\/\/taktol.de\/pl\/wp-json\/wp\/v2\/media\/21603"}],"wp:attachment":[{"href":"https:\/\/taktol.de\/pl\/wp-json\/wp\/v2\/media?parent=22005"}],"wp:term":[{"taxonomy":"product_brand","embeddable":true,"href":"https:\/\/taktol.de\/pl\/wp-json\/wp\/v2\/product_brand?post=22005"},{"taxonomy":"product_cat","embeddable":true,"href":"https:\/\/taktol.de\/pl\/wp-json\/wp\/v2\/product_cat?post=22005"},{"taxonomy":"product_tag","embeddable":true,"href":"https:\/\/taktol.de\/pl\/wp-json\/wp\/v2\/product_tag?post=22005"}],"curies":[{"name":"wp","href":"https:\/\/api.w.org\/{rel}","templated":true}]}}