{"id":21962,"date":"2025-04-21T12:59:04","date_gmt":"2025-04-21T12:59:04","guid":{"rendered":"https:\/\/taktol.de\/product\/taktol-expert-h-plus-0w-20\/"},"modified":"2026-01-08T15:57:40","modified_gmt":"2026-01-08T15:57:40","slug":"taktol-expert-h-plus-0w-20","status":"publish","type":"product","link":"https:\/\/taktol.de\/pl\/product\/taktol-expert-h-plus-0w-20\/","title":{"rendered":"Taktol Expert H-Plus 0W-20"},"content":{"rendered":"<p><strong>Taktol Expert H-Plus 0W-20<\/strong> to syntetyczny olej silnikowy Mid SAPS o niskiej lepko\u015bci, przeznaczony do silnik\u00f3w benzynowych w samochodach osobowych, odpowiedni zar\u00f3wno do silnik\u00f3w turbodo\u0142adowanych, jak i wolnoss\u0105cych, z wtryskiem bezpo\u015brednim lub bez. Zapewnia doskona\u0142\u0105 wydajno\u015b\u0107 rozruchu zimnego silnika i minimalizuje zu\u017cycie paliwa, tarcie i zu\u017cycie. Interwa\u0142y wymiany oleju mo\u017cna wyd\u0142u\u017cy\u0107 zgodnie z instrukcjami producenta.  <\/p>\n","protected":false},"excerpt":{"rendered":"<p>Taktol Expert H-Plus 0W-20 to syntetyczny olej silnikowy Mid SAPS o niskiej lepko\u015bci, przeznaczony do silnik\u00f3w benzynowych w samochodach osobowych,<\/p>\n","protected":false},"featured_media":21603,"template":"","meta":[],"product_brand":[],"product_cat":[424,421],"product_tag":[],"class_list":{"0":"post-21962","1":"product","2":"type-product","3":"status-publish","4":"has-post-thumbnail","6":"product_cat-expert-linia","7":"product_cat-olej-silnikowy","8":"pa_api-api-sp","9":"pa_api-api-sq-rc","10":"pa_application-samochod-osobowy","11":"pa_application-technologia-hybrydowa","12":"pa_ilsac-ilsac-gf-5","13":"pa_ilsac-ilsac-gf-6a","14":"pa_ilsac-ilsac-gf-7a","15":"pa_specifications-chrysler-ms-6395","16":"pa_specifications-fiat-9-55535-gsx-cr1","17":"pa_specifications-ford-wss-m2c947-b1","18":"pa_specifications-ford-wss-m2c962-a","19":"pa_specifications-gm-6094m","20":"pa_specifications-gm-dexos1-gen3","21":"pa_viscosity-sae-0w-20","23":"first","24":"onbackorder","25":"shipping-taxable","26":"purchasable","27":"product-type-variable"},"_links":{"self":[{"href":"https:\/\/taktol.de\/pl\/wp-json\/wp\/v2\/product\/21962","targetHints":{"allow":["GET"]}}],"collection":[{"href":"https:\/\/taktol.de\/pl\/wp-json\/wp\/v2\/product"}],"about":[{"href":"https:\/\/taktol.de\/pl\/wp-json\/wp\/v2\/types\/product"}],"version-history":[{"count":1,"href":"https:\/\/taktol.de\/pl\/wp-json\/wp\/v2\/product\/21962\/revisions"}],"predecessor-version":[{"id":24504,"href":"https:\/\/taktol.de\/pl\/wp-json\/wp\/v2\/product\/21962\/revisions\/24504"}],"wp:featuredmedia":[{"embeddable":true,"href":"https:\/\/taktol.de\/pl\/wp-json\/wp\/v2\/media\/21603"}],"wp:attachment":[{"href":"https:\/\/taktol.de\/pl\/wp-json\/wp\/v2\/media?parent=21962"}],"wp:term":[{"taxonomy":"product_brand","embeddable":true,"href":"https:\/\/taktol.de\/pl\/wp-json\/wp\/v2\/product_brand?post=21962"},{"taxonomy":"product_cat","embeddable":true,"href":"https:\/\/taktol.de\/pl\/wp-json\/wp\/v2\/product_cat?post=21962"},{"taxonomy":"product_tag","embeddable":true,"href":"https:\/\/taktol.de\/pl\/wp-json\/wp\/v2\/product_tag?post=21962"}],"curies":[{"name":"wp","href":"https:\/\/api.w.org\/{rel}","templated":true}]}}