{"id":21933,"date":"2025-04-21T12:43:22","date_gmt":"2025-04-21T12:43:22","guid":{"rendered":"https:\/\/taktol.de\/product\/taktol-praktik-dx-eco-0w-20\/"},"modified":"2025-04-21T13:10:02","modified_gmt":"2025-04-21T13:10:02","slug":"taktol-praktik-dx-eco-0w-20","status":"publish","type":"product","link":"https:\/\/taktol.de\/pl\/product\/taktol-praktik-dx-eco-0w-20\/","title":{"rendered":"Taktol Praktik DX Eco 0W-20"},"content":{"rendered":"<p><strong>Taktol Praktik DX Eco 0W-20<\/strong> to syntetyczny olej silnikowy o niskim wsp\u00f3\u0142czynniku tarcia, przeznaczony do silnik\u00f3w benzynowych w samochodach osobowych, zar\u00f3wno z turbodo\u0142adowaniem, jak i bez niego, oraz z bezpo\u015brednim wtryskiem paliwa lub bez. Zapewnia niezawodny rozruch w niskich temperaturach, zmniejsza zu\u017cycie paliwa, tarcie i zu\u017cycie silnika. Umo\u017cliwia wyd\u0142u\u017cone interwa\u0142y wymiany oleju zgodnie z zaleceniami producenta.  <\/p>\n","protected":false},"excerpt":{"rendered":"<p>Taktol Praktik DX Eco 0W-20 to syntetyczny olej silnikowy o niskim wsp\u00f3\u0142czynniku tarcia, przeznaczony do silnik\u00f3w benzynowych w samochodach osobowych,<\/p>\n","protected":false},"featured_media":21603,"template":"","meta":[],"product_brand":[],"product_cat":[421,427],"product_tag":[],"class_list":{"0":"post-21933","1":"product","2":"type-product","3":"status-publish","4":"has-post-thumbnail","6":"product_cat-olej-silnikowy","7":"product_cat-praktik-linia","8":"pa_api-api-sn-plus","9":"pa_api-api-sn-plus-rc","10":"pa_api-api-sp-rc","11":"pa_application-samochod-osobowy","12":"pa_application-technologia-hybrydowa","13":"pa_ilsac-ilsac-gf-5","14":"pa_ilsac-ilsac-gf-6a","15":"pa_specifications-chrysler-ms-6395","16":"pa_specifications-fiat-9-55535-gsx-cr1","17":"pa_specifications-ford-wss-m2c947-b1","18":"pa_specifications-ford-wss-m2c962-a","19":"pa_specifications-gm-6094m","20":"pa_specifications-gm-dexos1-gen3","21":"pa_viscosity-sae-0w-20","23":"first","24":"onbackorder","25":"shipping-taxable","26":"purchasable","27":"product-type-variable"},"_links":{"self":[{"href":"https:\/\/taktol.de\/pl\/wp-json\/wp\/v2\/product\/21933","targetHints":{"allow":["GET"]}}],"collection":[{"href":"https:\/\/taktol.de\/pl\/wp-json\/wp\/v2\/product"}],"about":[{"href":"https:\/\/taktol.de\/pl\/wp-json\/wp\/v2\/types\/product"}],"version-history":[{"count":2,"href":"https:\/\/taktol.de\/pl\/wp-json\/wp\/v2\/product\/21933\/revisions"}],"predecessor-version":[{"id":21981,"href":"https:\/\/taktol.de\/pl\/wp-json\/wp\/v2\/product\/21933\/revisions\/21981"}],"wp:featuredmedia":[{"embeddable":true,"href":"https:\/\/taktol.de\/pl\/wp-json\/wp\/v2\/media\/21603"}],"wp:attachment":[{"href":"https:\/\/taktol.de\/pl\/wp-json\/wp\/v2\/media?parent=21933"}],"wp:term":[{"taxonomy":"product_brand","embeddable":true,"href":"https:\/\/taktol.de\/pl\/wp-json\/wp\/v2\/product_brand?post=21933"},{"taxonomy":"product_cat","embeddable":true,"href":"https:\/\/taktol.de\/pl\/wp-json\/wp\/v2\/product_cat?post=21933"},{"taxonomy":"product_tag","embeddable":true,"href":"https:\/\/taktol.de\/pl\/wp-json\/wp\/v2\/product_tag?post=21933"}],"curies":[{"name":"wp","href":"https:\/\/api.w.org\/{rel}","templated":true}]}}