{"id":21899,"date":"2025-04-21T12:11:46","date_gmt":"2025-04-21T12:11:46","guid":{"rendered":"https:\/\/taktol.de\/product\/taktol-expert-hybrid-plus-0w-16\/"},"modified":"2025-04-21T12:11:46","modified_gmt":"2025-04-21T12:11:46","slug":"taktol-expert-hybrid-plus-0w-16","status":"publish","type":"product","link":"https:\/\/taktol.de\/pl\/product\/taktol-expert-hybrid-plus-0w-16\/","title":{"rendered":"Taktol Expert Hybrid Plus 0W-16"},"content":{"rendered":"<p> <strong> Taktol Expert Hybrid Plus 0W-16<\/strong> to syntetyczny olej silnikowy o niskiej lepko\u015bci, przeznaczony do silnik\u00f3w benzynowych i wysokopr\u0119\u017cnych w samochodach osobowych, zar\u00f3wno z turbodo\u0142adowaniem, jak i bez niego, a tak\u017ce z bezpo\u015brednim wtryskiem paliwa.<\/p>\n<p>Zalecenia: Honda 08215-99974, Honda 08216-99974, Honda 08232-P99S1LHE, Honda Ultra Next\/Ultra Green Hybrid Engine Nissan KLANM-01A04 Extra Save X Eco Mitsubishi DiaQueen ECO Plus, Mitsubishi MZ102661, Mitsubishi MZ102662 ,Toyota 08880-11005<\/p>\n","protected":false},"excerpt":{"rendered":"<p>Taktol Expert Hybrid Plus 0W-16 to syntetyczny olej silnikowy o niskiej lepko\u015bci, przeznaczony do silnik\u00f3w benzynowych i wysokopr\u0119\u017cnych w samochodach<\/p>\n","protected":false},"featured_media":21603,"template":"","meta":[],"product_brand":[],"product_cat":[424,421],"product_tag":[],"class_list":{"0":"post-21899","1":"product","2":"type-product","3":"status-publish","4":"has-post-thumbnail","6":"product_cat-expert-linia","7":"product_cat-olej-silnikowy","8":"pa_api-api-sp-rc","9":"pa_application-samochod-osobowy","10":"pa_application-technologia-hybrydowa","11":"pa_ilsac-ilsac-gf-6b","12":"pa_viscosity-sae-0w-16","14":"first","15":"onbackorder","16":"shipping-taxable","17":"purchasable","18":"product-type-variable"},"_links":{"self":[{"href":"https:\/\/taktol.de\/pl\/wp-json\/wp\/v2\/product\/21899","targetHints":{"allow":["GET"]}}],"collection":[{"href":"https:\/\/taktol.de\/pl\/wp-json\/wp\/v2\/product"}],"about":[{"href":"https:\/\/taktol.de\/pl\/wp-json\/wp\/v2\/types\/product"}],"version-history":[{"count":0,"href":"https:\/\/taktol.de\/pl\/wp-json\/wp\/v2\/product\/21899\/revisions"}],"wp:featuredmedia":[{"embeddable":true,"href":"https:\/\/taktol.de\/pl\/wp-json\/wp\/v2\/media\/21603"}],"wp:attachment":[{"href":"https:\/\/taktol.de\/pl\/wp-json\/wp\/v2\/media?parent=21899"}],"wp:term":[{"taxonomy":"product_brand","embeddable":true,"href":"https:\/\/taktol.de\/pl\/wp-json\/wp\/v2\/product_brand?post=21899"},{"taxonomy":"product_cat","embeddable":true,"href":"https:\/\/taktol.de\/pl\/wp-json\/wp\/v2\/product_cat?post=21899"},{"taxonomy":"product_tag","embeddable":true,"href":"https:\/\/taktol.de\/pl\/wp-json\/wp\/v2\/product_tag?post=21899"}],"curies":[{"name":"wp","href":"https:\/\/api.w.org\/{rel}","templated":true}]}}