{"id":21857,"date":"2025-04-21T11:09:09","date_gmt":"2025-04-21T11:09:09","guid":{"rendered":"https:\/\/taktol.de\/product\/taktol-ultra-green-power-0w-16\/"},"modified":"2025-04-21T12:24:15","modified_gmt":"2025-04-21T12:24:15","slug":"taktol-ultra-green-power-0w-16","status":"publish","type":"product","link":"https:\/\/taktol.de\/pl\/product\/taktol-ultra-green-power-0w-16\/","title":{"rendered":"Taktol Ultra Green Power 0W-16"},"content":{"rendered":"<p><strong>Taktol Ultra Green Power 0W-16<\/strong> to w pe\u0142ni syntetyczny olej silnikowy przeznaczony do silnik\u00f3w benzynowych i Diesla w samochodach osobowych, tak\u017ce z turbospr\u0119\u017cark\u0105 i bezpo\u015brednim wtryskiem paliwa. Zapewnia doskona\u0142e w\u0142a\u015bciwo\u015bci podczas zimnego rozruchu, redukuje zu\u017cycie paliwa, tarcie i zu\u017cycie silnika. Umo\u017cliwia wyd\u0142u\u017cone okresy mi\u0119dzy wymianami oleju zgodnie z zaleceniami producenta.  <\/p>\n<div class=\"product__text\">Zalecenia: Honda 08215-99974, Honda 08216-99974, Honda 08232-P99S1LHE, Honda Ultra Next\/Ultra Green, Silnik hybrydowy Nissan KLANM-01A04 Extra Save X Eco, Mitsubishi Diaqueen ECO Plus, Mitsubishi MZ102661, Mitsubishi MZ102662, Toyota 08880-11005<\/div>\n","protected":false},"excerpt":{"rendered":"<p>Taktol Ultra Green Power 0W-16 to w pe\u0142ni syntetyczny olej silnikowy przeznaczony do silnik\u00f3w benzynowych i Diesla w samochodach osobowych,<\/p>\n","protected":false},"featured_media":21603,"template":"","meta":[],"product_brand":[],"product_cat":[421,433],"product_tag":[],"class_list":{"0":"post-21857","1":"product","2":"type-product","3":"status-publish","4":"has-post-thumbnail","6":"product_cat-olej-silnikowy","7":"product_cat-ultra-linia","8":"pa_api-api-sp","9":"pa_application-samochod-osobowy","10":"pa_application-technologia-hybrydowa","11":"pa_ilsac-ilsac-gf-5","12":"pa_ilsac-ilsac-gf-6b","13":"pa_viscosity-sae-0w-16","15":"first","16":"onbackorder","17":"shipping-taxable","18":"purchasable","19":"product-type-variable"},"_links":{"self":[{"href":"https:\/\/taktol.de\/pl\/wp-json\/wp\/v2\/product\/21857","targetHints":{"allow":["GET"]}}],"collection":[{"href":"https:\/\/taktol.de\/pl\/wp-json\/wp\/v2\/product"}],"about":[{"href":"https:\/\/taktol.de\/pl\/wp-json\/wp\/v2\/types\/product"}],"version-history":[{"count":2,"href":"https:\/\/taktol.de\/pl\/wp-json\/wp\/v2\/product\/21857\/revisions"}],"predecessor-version":[{"id":21915,"href":"https:\/\/taktol.de\/pl\/wp-json\/wp\/v2\/product\/21857\/revisions\/21915"}],"wp:featuredmedia":[{"embeddable":true,"href":"https:\/\/taktol.de\/pl\/wp-json\/wp\/v2\/media\/21603"}],"wp:attachment":[{"href":"https:\/\/taktol.de\/pl\/wp-json\/wp\/v2\/media?parent=21857"}],"wp:term":[{"taxonomy":"product_brand","embeddable":true,"href":"https:\/\/taktol.de\/pl\/wp-json\/wp\/v2\/product_brand?post=21857"},{"taxonomy":"product_cat","embeddable":true,"href":"https:\/\/taktol.de\/pl\/wp-json\/wp\/v2\/product_cat?post=21857"},{"taxonomy":"product_tag","embeddable":true,"href":"https:\/\/taktol.de\/pl\/wp-json\/wp\/v2\/product_tag?post=21857"}],"curies":[{"name":"wp","href":"https:\/\/api.w.org\/{rel}","templated":true}]}}