{"id":21712,"date":"2025-03-22T15:41:20","date_gmt":"2025-03-22T15:41:20","guid":{"rendered":"https:\/\/taktol.de\/?post_type=product&#038;p=21712"},"modified":"2025-03-22T16:04:20","modified_gmt":"2025-03-22T16:04:20","slug":"taktol-atf-dsg-multi-fluid","status":"publish","type":"product","link":"https:\/\/taktol.de\/pl\/product\/taktol-atf-dsg-multi-fluid\/","title":{"rendered":"Taktol ATF DSG Multi Fluid"},"content":{"rendered":"<p><strong>Taktol ATF DSG Multi Fluid<\/strong> to syntetyczny p\u0142yn przek\u0142adniowy do dwusprz\u0119g\u0142owych skrzy\u0144 bieg\u00f3w zapewniaj\u0105cy praktycznie antypo\u015blizgow\u0105 prac\u0119, a tym samym minimaln\u0105 utrat\u0119 momentu obrotowego i gwarantuj\u0105cy niskie zu\u017cycie i d\u0142ug\u0105 \u017cywotno\u015b\u0107 skrzyni bieg\u00f3w. Taktol ATF DSG Multi Fluid zosta\u0142 zaprojektowany specjalnie do dwusprz\u0119g\u0142owych skrzy\u0144 bieg\u00f3w (DGS\/DCT) r\u00f3\u017cnych producent\u00f3w samochod\u00f3w, takich jak Audi, BMW (Getrag), Citroen, Ford\/Getrag, Mercedes-Benz, Mitsubishi, Peugeot, Porsche, Seat, Skoda, Volkswagen, Volvo.<\/p>\n","protected":false},"excerpt":{"rendered":"<p>Taktol ATF DSG Multi Fluid to syntetyczny p\u0142yn przek\u0142adniowy do dwusprz\u0119g\u0142owych skrzy\u0144 bieg\u00f3w zapewniaj\u0105cy praktycznie antypo\u015blizgow\u0105 prac\u0119, a tym samym<\/p>\n","protected":false},"featured_media":21603,"template":"","meta":[],"product_brand":[],"product_cat":[400],"product_tag":[],"class_list":{"0":"post-21712","1":"product","2":"type-product","3":"status-publish","4":"has-post-thumbnail","6":"product_cat-atf-dsg-dct-cvt-pl","7":"pa_application-samochod-osobowy","8":"pa_application-skrzynia-biegow-dsg","9":"pa_atf-fluid-specifications-bmw-83-22-0-440-214","10":"pa_atf-fluid-specifications-bmw-83-22-2-147-477","11":"pa_atf-fluid-specifications-bmw-83-22-2-148-578","12":"pa_atf-fluid-specifications-bmw-83-22-2-148-579","13":"pa_atf-fluid-specifications-bmw-dctf-1","14":"pa_atf-fluid-specifications-mb-236-21","15":"pa_atf-fluid-specifications-mitsubishi-mz320065-diaqueen-sstf-i","16":"pa_atf-fluid-specifications-porsche-oil-no-999-917-080-00","17":"pa_atf-fluid-specifications-psa-9734-s2","18":"pa_atf-fluid-specifications-volvo-1161838","19":"pa_atf-fluid-specifications-volvo-1161839","20":"pa_atf-fluid-specifications-vw-052-549","21":"pa_atf-fluid-specifications-vw-tl-052-182-a2","22":"pa_atf-fluid-specifications-vw-tl-052-529","24":"first","25":"onbackorder","26":"shipping-taxable","27":"purchasable","28":"product-type-variable"},"_links":{"self":[{"href":"https:\/\/taktol.de\/pl\/wp-json\/wp\/v2\/product\/21712","targetHints":{"allow":["GET"]}}],"collection":[{"href":"https:\/\/taktol.de\/pl\/wp-json\/wp\/v2\/product"}],"about":[{"href":"https:\/\/taktol.de\/pl\/wp-json\/wp\/v2\/types\/product"}],"version-history":[{"count":2,"href":"https:\/\/taktol.de\/pl\/wp-json\/wp\/v2\/product\/21712\/revisions"}],"predecessor-version":[{"id":21742,"href":"https:\/\/taktol.de\/pl\/wp-json\/wp\/v2\/product\/21712\/revisions\/21742"}],"wp:featuredmedia":[{"embeddable":true,"href":"https:\/\/taktol.de\/pl\/wp-json\/wp\/v2\/media\/21603"}],"wp:attachment":[{"href":"https:\/\/taktol.de\/pl\/wp-json\/wp\/v2\/media?parent=21712"}],"wp:term":[{"taxonomy":"product_brand","embeddable":true,"href":"https:\/\/taktol.de\/pl\/wp-json\/wp\/v2\/product_brand?post=21712"},{"taxonomy":"product_cat","embeddable":true,"href":"https:\/\/taktol.de\/pl\/wp-json\/wp\/v2\/product_cat?post=21712"},{"taxonomy":"product_tag","embeddable":true,"href":"https:\/\/taktol.de\/pl\/wp-json\/wp\/v2\/product_tag?post=21712"}],"curies":[{"name":"wp","href":"https:\/\/api.w.org\/{rel}","templated":true}]}}