{"id":21668,"date":"2025-03-22T14:18:07","date_gmt":"2025-03-22T14:18:07","guid":{"rendered":"https:\/\/taktol.de\/?post_type=product&#038;p=21668"},"modified":"2025-03-22T15:31:56","modified_gmt":"2025-03-22T15:31:56","slug":"taktol-atf-shp-8-copy","status":"publish","type":"product","link":"https:\/\/taktol.de\/pl\/product\/taktol-atf-shp-8-copy\/","title":{"rendered":"Taktol ATF CVT Multi Fluid"},"content":{"rendered":"<p><strong>Taktol ATF CVT Multi Fluid<\/strong> to najnowszej generacji p\u0142yn smaruj\u0105cy do automatycznych skrzy\u0144 bieg\u00f3w CVT zaprojektowany na bazie olej\u00f3w syntetycznych ze specjalnymi dodatkami i inhibitorami, kt\u00f3re gwarantuj\u0105 bezb\u0142\u0119dne dzia\u0142anie automatycznej skrzyni bieg\u00f3w. Taktol ATF CVT Multi Fluid zosta\u0142 opracowany do stosowania w automatycznych skrzyniach bieg\u00f3w CVT (pasowych CVT i \u0142a\u0144cuchowych CVT). Taktol ATF CVT Multi Fluid zapewnia stabiln\u0105 lepko\u015b\u0107, nawet przy najwy\u017cszych napr\u0119\u017ceniach mechanicznych w elementach przek\u0142adni (pasek popychaj\u0105cy).<br \/>\n*Nie zaleca si\u0119 stosowania w przek\u0142adniach Honda CVT (HMMF) ze sprz\u0119g\u0142em rozruchowym.<\/p>\n","protected":false},"excerpt":{"rendered":"<p><strong>Taktol ATF SHP-8<\/strong> &#8211; syntetyczny produkt klasy premium opracowany specjalnie do smarowania przek\u0142adni ZF 8HP, w kolorze zielonym.<\/p>\n","protected":false},"featured_media":21603,"template":"","meta":[],"product_brand":[],"product_cat":[400],"product_tag":[],"class_list":{"0":"post-21668","1":"product","2":"type-product","3":"status-publish","4":"has-post-thumbnail","6":"product_cat-atf-dsg-dct-cvt-pl","7":"pa_application-przekladnia-bezstopniowa-cvt","8":"pa_application-samochod-osobowy","9":"pa_atf-fluid-specifications-bmw-mini-ezl-799","10":"pa_atf-fluid-specifications-chrysler-cvtf4","11":"pa_atf-fluid-specifications-chrysler-ns-2","12":"pa_atf-fluid-specifications-daihatsu-amix-cvtf-dc","13":"pa_atf-fluid-specifications-daihatsu-amix-cvtf-dfe","14":"pa_atf-fluid-specifications-daihatsu-tc","15":"pa_atf-fluid-specifications-ford-cvt23","16":"pa_atf-fluid-specifications-ford-cvt30","17":"pa_atf-fluid-specifications-ford-mercon-c","18":"pa_atf-fluid-specifications-gm-dex-cvt","19":"pa_atf-fluid-specifications-honda-hcf-2","20":"pa_atf-fluid-specifications-honda-hmmf","21":"pa_atf-fluid-specifications-hyundai-kia-cvtf","22":"pa_atf-fluid-specifications-mb-236-20","23":"pa_atf-fluid-specifications-mitsubishi-cvtf-diaqueen-j-1","24":"pa_atf-fluid-specifications-mitsubishi-cvtf-diaqueen-j-4","25":"pa_atf-fluid-specifications-mitsubishi-diaqueen-ns-2","26":"pa_atf-fluid-specifications-nissan-ns-2","27":"pa_atf-fluid-specifications-nissan-ns-3","28":"pa_atf-fluid-specifications-renault-elfmatic","29":"pa_atf-fluid-specifications-subaru-ecvt","30":"pa_atf-fluid-specifications-subaru-icvt","31":"pa_atf-fluid-specifications-subaru-lineartronic-cvtf","32":"pa_atf-fluid-specifications-subaru-ns-2","33":"pa_atf-fluid-specifications-suzuki-cvt-fluid-green-1","34":"pa_atf-fluid-specifications-suzuki-cvt-fluid-green-2","35":"pa_atf-fluid-specifications-suzuki-ns-2","36":"pa_atf-fluid-specifications-suzuki-tc","37":"pa_atf-fluid-specifications-toyota-tc","38":"pa_atf-fluid-specifications-vw-g-052-180","39":"pa_atf-fluid-specifications-vw-g-052-516","41":"first","42":"onbackorder","43":"shipping-taxable","44":"purchasable","45":"product-type-variable"},"_links":{"self":[{"href":"https:\/\/taktol.de\/pl\/wp-json\/wp\/v2\/product\/21668","targetHints":{"allow":["GET"]}}],"collection":[{"href":"https:\/\/taktol.de\/pl\/wp-json\/wp\/v2\/product"}],"about":[{"href":"https:\/\/taktol.de\/pl\/wp-json\/wp\/v2\/types\/product"}],"version-history":[{"count":2,"href":"https:\/\/taktol.de\/pl\/wp-json\/wp\/v2\/product\/21668\/revisions"}],"predecessor-version":[{"id":21699,"href":"https:\/\/taktol.de\/pl\/wp-json\/wp\/v2\/product\/21668\/revisions\/21699"}],"wp:featuredmedia":[{"embeddable":true,"href":"https:\/\/taktol.de\/pl\/wp-json\/wp\/v2\/media\/21603"}],"wp:attachment":[{"href":"https:\/\/taktol.de\/pl\/wp-json\/wp\/v2\/media?parent=21668"}],"wp:term":[{"taxonomy":"product_brand","embeddable":true,"href":"https:\/\/taktol.de\/pl\/wp-json\/wp\/v2\/product_brand?post=21668"},{"taxonomy":"product_cat","embeddable":true,"href":"https:\/\/taktol.de\/pl\/wp-json\/wp\/v2\/product_cat?post=21668"},{"taxonomy":"product_tag","embeddable":true,"href":"https:\/\/taktol.de\/pl\/wp-json\/wp\/v2\/product_tag?post=21668"}],"curies":[{"name":"wp","href":"https:\/\/api.w.org\/{rel}","templated":true}]}}