{"id":21567,"date":"2025-03-11T16:44:31","date_gmt":"2025-03-11T16:44:31","guid":{"rendered":"https:\/\/taktol.de\/?post_type=product&#038;p=21567"},"modified":"2025-03-12T16:08:12","modified_gmt":"2025-03-12T16:08:12","slug":"taktol-expert-ps-2290-fe-5w30","status":"publish","type":"product","link":"https:\/\/taktol.de\/pl\/product\/taktol-expert-ps-2290-fe-5w30\/","title":{"rendered":"Taktol Expert PS-2290 FE 5W30"},"content":{"rendered":"<p><strong>Taktol Expert PS-2290 FE 5W30 <\/strong>to zaawansowany technologicznie syntetyczny energooszcz\u0119dny olej silnikowy opracowany specjalnie dla pojazd\u00f3w PSA Groupe (Peugeot, Citro\u00ebn i DS) wyposa\u017conych w silniki benzynowe i wysokopr\u0119\u017cne (silniki HDI z filtrem DPF lub bez), wymagaj\u0105cych stosowania olej\u00f3w silnikowych z aprobat\u0105 PSA B71 2290 i spe\u0142niaj\u0105cych wymagania Euro IV, Euro V lub Euro VI oraz dla pojazd\u00f3w wymagaj\u0105cych olej\u00f3w Fuel Economy w standardzie ACEA C1\/C2.<\/p>\n","protected":false},"excerpt":{"rendered":"<p>Taktol Expert PS-2290 FE 5W30 to zaawansowany technologicznie syntetyczny energooszcz\u0119dny olej silnikowy opracowany specjalnie dla pojazd\u00f3w PSA Groupe (Peugeot, Citro\u00ebn<\/p>\n","protected":false},"featured_media":21603,"template":"","meta":[],"product_brand":[],"product_cat":[424,421],"product_tag":[],"class_list":{"0":"post-21567","1":"product","2":"type-product","3":"status-publish","4":"has-post-thumbnail","6":"product_cat-expert-linia","7":"product_cat-olej-silnikowy","8":"pa_acea-acea-c1","9":"pa_acea-acea-c2","10":"pa_application-samochod-osobowy","11":"pa_specifications-psa-b71-2290","12":"pa_viscosity-sae-5w-30","14":"first","15":"onbackorder","16":"shipping-taxable","17":"purchasable","18":"product-type-variable"},"_links":{"self":[{"href":"https:\/\/taktol.de\/pl\/wp-json\/wp\/v2\/product\/21567","targetHints":{"allow":["GET"]}}],"collection":[{"href":"https:\/\/taktol.de\/pl\/wp-json\/wp\/v2\/product"}],"about":[{"href":"https:\/\/taktol.de\/pl\/wp-json\/wp\/v2\/types\/product"}],"version-history":[{"count":2,"href":"https:\/\/taktol.de\/pl\/wp-json\/wp\/v2\/product\/21567\/revisions"}],"predecessor-version":[{"id":21627,"href":"https:\/\/taktol.de\/pl\/wp-json\/wp\/v2\/product\/21567\/revisions\/21627"}],"wp:featuredmedia":[{"embeddable":true,"href":"https:\/\/taktol.de\/pl\/wp-json\/wp\/v2\/media\/21603"}],"wp:attachment":[{"href":"https:\/\/taktol.de\/pl\/wp-json\/wp\/v2\/media?parent=21567"}],"wp:term":[{"taxonomy":"product_brand","embeddable":true,"href":"https:\/\/taktol.de\/pl\/wp-json\/wp\/v2\/product_brand?post=21567"},{"taxonomy":"product_cat","embeddable":true,"href":"https:\/\/taktol.de\/pl\/wp-json\/wp\/v2\/product_cat?post=21567"},{"taxonomy":"product_tag","embeddable":true,"href":"https:\/\/taktol.de\/pl\/wp-json\/wp\/v2\/product_tag?post=21567"}],"curies":[{"name":"wp","href":"https:\/\/api.w.org\/{rel}","templated":true}]}}